{"id":19180,"date":"2025-03-06T09:48:53","date_gmt":"2025-03-06T08:48:53","guid":{"rendered":"https:\/\/www.villarodriguez.it\/?page_id=19180"},"modified":"2025-03-06T11:30:24","modified_gmt":"2025-03-06T10:30:24","slug":"ferries-blunavy","status":"publish","type":"page","link":"https:\/\/www.villarodriguez.it\/fr\/ferries-blunavy\/","title":{"rendered":"Ferries Blunavy"},"content":{"rendered":"\t\t<div data-elementor-type=\"wp-page\" data-elementor-id=\"19180\" class=\"elementor elementor-19180 elementor-19177\">\n\t\t\t\t        <section class=\"elementor-section elementor-top-section elementor-element elementor-element-a1d6795 elementor-section-boxed elementor-section-height-default elementor-section-height-default pxl-section-static-pos-no pxl-section-overflow-hidden-no pxl-container-margin-auto-no\" data-id=\"a1d6795\" data-element_type=\"section\">\n\n                \n                <div class=\"elementor-container elementor-column-gap-default \">\n                <div class=\"elementor-column elementor-col-100 elementor-top-column elementor-element elementor-element-278495d col-offset-none pxl-column-element-default pxl-column-overflow-hidden-no\" data-id=\"278495d\" data-element_type=\"column\">\r\n        <div class=\"elementor-widget-wrap elementor-element-populated\">\r\n                    \t\t<div class=\"elementor-element elementor-element-3d515ac elementor-widget elementor-widget-pxl_heading\" data-id=\"3d515ac\" data-element_type=\"widget\" data-widget_type=\"pxl_heading.default\">\n\t\t\t\t<div class=\"elementor-widget-container\">\n\t\t\t\t\t<div class=\"pxl-heading-wrap d-flex\">\n    <div class=\"pxl-heading-inner  \">\n                <h3 class=\"heading-title\">\n                        Demandez votre code de r\u00e9duction pour b\u00e9n\u00e9ficier des meilleurs tarifs.         <\/h3>\n            <\/div>\n<\/div>\n\n\t\t\t\t<\/div>\n\t\t\t\t<\/div>\n\t\t                    <\/div>\r\n        <\/div>\r\n        \t\t\t<\/div>\n\t\t<\/section>\n\t\t        <section class=\"elementor-section elementor-top-section elementor-element elementor-element-1525b3a elementor-section-boxed elementor-section-height-default elementor-section-height-default pxl-section-static-pos-no pxl-section-overflow-hidden-no pxl-container-margin-auto-no\" data-id=\"1525b3a\" data-element_type=\"section\">\n\n                \n                <div class=\"elementor-container elementor-column-gap-default \">\n                <div class=\"elementor-column elementor-col-100 elementor-top-column elementor-element elementor-element-f4ee3eb col-offset-none pxl-column-element-default pxl-column-overflow-hidden-no\" data-id=\"f4ee3eb\" data-element_type=\"column\">\r\n        <div class=\"elementor-widget-wrap elementor-element-populated\">\r\n                    \t\t<div class=\"elementor-element elementor-element-e288e88 elementor-widget elementor-widget-html\" data-id=\"e288e88\" data-element_type=\"widget\" data-widget_type=\"html.default\">\n\t\t\t\t<div class=\"elementor-widget-container\">\n\t\t\t\t\t<div style=\"margin: 0 auto;\"><iframe style=\"border: none; filter:drop-shadow(0px 3px 10px rgba(0,0,0,.2));\" src=\"https:\/\/blunavytraghetti.com\/fr\/hotel\/hotel-villa-rodriguez\/\/?iframe=banner\" width=\"100%\" height=\"100%\" allowtransparency=\"true\" class=\"blunavyembed\"><\/iframe><script src=\"https:\/\/blunavytraghetti.com\/wp-content\/themes\/cosmo\/assets\/js\/iframe\/embed.js\"><\/script><span style=\" font-family: sans-serif; color: #292C7E; font-size: 14px; padding-top: 10px;display: flex; align-items:center; justify-content:center; flex-wrap: wrap; gap: 10px; vertical-gap: 10px; \">Un service de travers\u00e9e en ferry vers l'\u00eele d'Elbe propos\u00e9 par <a style=\"font-family: sans-serif; color: #292C7E; font-size: 14px; text-decoration: none;\" href=\"https:\/\/blunavytraghetti.com\/fr\/?utm_source=snippet-embed\">Blunavytraghetti.com<\/a> <a href=\"https:\/\/blunavytraghetti.com\/fr\/?utm_source=snippet-embed\"><img decoding=\"async\" style=\"width: 80px;\" src=\"https:\/\/blunavytraghetti.com\/wp-content\/themes\/cosmo\/assets\/images\/logo-blunavy-traghetti.png\" alt=\"Logo BluNavy traghetti Elba\"\/><\/a><\/span><\/div>\t\t\t\t<\/div>\n\t\t\t\t<\/div>\n\t\t                    <\/div>\r\n        <\/div>\r\n        \t\t\t<\/div>\n\t\t<\/section>\n\t\t\t\t<\/div>\n\t\t","protected":false},"excerpt":{"rendered":"<p>Demandez votre code de r\u00e9duction pour b\u00e9n\u00e9ficier des meilleurs tarifs. Un service de travers\u00e9e en ferry vers l&#8217;\u00eele d&#8217;Elbe propos\u00e9 par Blunavytraghetti.com<\/p>\n","protected":false},"author":1,"featured_media":0,"parent":0,"menu_order":0,"comment_status":"closed","ping_status":"closed","template":"","meta":{"footnotes":""},"class_list":["post-19180","page","type-page","status-publish","hentry"],"yoast_head":"<!-- This site is optimized with the Yoast SEO plugin v27.0 - https:\/\/yoast.com\/product\/yoast-seo-wordpress\/ -->\n<title>Ferries Blunavy - Hotel Villa Rodriguez direttamente sul mare all&#039;Isola d&#039;Elba<\/title>\n<meta name=\"robots\" content=\"index, follow, max-snippet:-1, max-image-preview:large, max-video-preview:-1\" \/>\n<link rel=\"canonical\" href=\"https:\/\/www.villarodriguez.it\/fr\/ferries-blunavy\/\" \/>\n<meta property=\"og:locale\" content=\"fr_FR\" \/>\n<meta property=\"og:type\" content=\"article\" \/>\n<meta property=\"og:title\" content=\"Ferries Blunavy - Hotel Villa Rodriguez direttamente sul mare all&#039;Isola d&#039;Elba\" \/>\n<meta property=\"og:description\" content=\"Demandez votre code de r\u00e9duction pour b\u00e9n\u00e9ficier des meilleurs tarifs. Un service de travers\u00e9e en ferry vers l&#8217;\u00eele d&#8217;Elbe propos\u00e9 par Blunavytraghetti.com\" \/>\n<meta property=\"og:url\" content=\"https:\/\/www.villarodriguez.it\/fr\/ferries-blunavy\/\" \/>\n<meta property=\"og:site_name\" content=\"Hotel Villa Rodriguez direttamente sul mare all&#039;Isola d&#039;Elba\" \/>\n<meta property=\"article:publisher\" content=\"https:\/\/www.facebook.com\/hotelvillarodriguez\/\" \/>\n<meta property=\"article:modified_time\" content=\"2025-03-06T10:30:24+00:00\" \/>\n<meta property=\"og:image\" content=\"https:\/\/blunavytraghetti.com\/wp-content\/themes\/cosmo\/assets\/images\/logo-blunavy-traghetti.png\" \/>\n<meta name=\"twitter:card\" content=\"summary_large_image\" \/>\n<meta name=\"twitter:label1\" content=\"Dur\u00e9e de lecture estim\u00e9e\" \/>\n\t<meta name=\"twitter:data1\" content=\"1 minute\" \/>\n<script type=\"application\/ld+json\" class=\"yoast-schema-graph\">{\"@context\":\"https:\/\/schema.org\",\"@graph\":[{\"@type\":\"WebPage\",\"@id\":\"https:\/\/www.villarodriguez.it\/fr\/ferries-blunavy\/\",\"url\":\"https:\/\/www.villarodriguez.it\/fr\/ferries-blunavy\/\",\"name\":\"Ferries Blunavy - Hotel Villa Rodriguez direttamente sul mare all&#039;Isola d&#039;Elba\",\"isPartOf\":{\"@id\":\"https:\/\/www.villarodriguez.it\/#website\"},\"primaryImageOfPage\":{\"@id\":\"https:\/\/www.villarodriguez.it\/fr\/ferries-blunavy\/#primaryimage\"},\"image\":{\"@id\":\"https:\/\/www.villarodriguez.it\/fr\/ferries-blunavy\/#primaryimage\"},\"thumbnailUrl\":\"https:\/\/blunavytraghetti.com\/wp-content\/themes\/cosmo\/assets\/images\/logo-blunavy-traghetti.png\",\"datePublished\":\"2025-03-06T08:48:53+00:00\",\"dateModified\":\"2025-03-06T10:30:24+00:00\",\"breadcrumb\":{\"@id\":\"https:\/\/www.villarodriguez.it\/fr\/ferries-blunavy\/#breadcrumb\"},\"inLanguage\":\"fr-FR\",\"potentialAction\":[{\"@type\":\"ReadAction\",\"target\":[\"https:\/\/www.villarodriguez.it\/fr\/ferries-blunavy\/\"]}]},{\"@type\":\"ImageObject\",\"inLanguage\":\"fr-FR\",\"@id\":\"https:\/\/www.villarodriguez.it\/fr\/ferries-blunavy\/#primaryimage\",\"url\":\"https:\/\/blunavytraghetti.com\/wp-content\/themes\/cosmo\/assets\/images\/logo-blunavy-traghetti.png\",\"contentUrl\":\"https:\/\/blunavytraghetti.com\/wp-content\/themes\/cosmo\/assets\/images\/logo-blunavy-traghetti.png\"},{\"@type\":\"BreadcrumbList\",\"@id\":\"https:\/\/www.villarodriguez.it\/fr\/ferries-blunavy\/#breadcrumb\",\"itemListElement\":[{\"@type\":\"ListItem\",\"position\":1,\"name\":\"Home\",\"item\":\"https:\/\/www.villarodriguez.it\/fr\/\"},{\"@type\":\"ListItem\",\"position\":2,\"name\":\"Ferries Blunavy\"}]},{\"@type\":\"WebSite\",\"@id\":\"https:\/\/www.villarodriguez.it\/#website\",\"url\":\"https:\/\/www.villarodriguez.it\/\",\"name\":\"Hotel Villa Rodriguez: Hotel sul mare all'Isola d'Elba\",\"description\":\"Il tuo soggiorno in Hotel sul mare all&#039;Isola d&#039;Elba. Camere confortevoli, vista mozzafiato, spiaggia privata per una vacanza da sogno.\",\"publisher\":{\"@id\":\"https:\/\/www.villarodriguez.it\/#organization\"},\"potentialAction\":[{\"@type\":\"SearchAction\",\"target\":{\"@type\":\"EntryPoint\",\"urlTemplate\":\"https:\/\/www.villarodriguez.it\/?s={search_term_string}\"},\"query-input\":{\"@type\":\"PropertyValueSpecification\",\"valueRequired\":true,\"valueName\":\"search_term_string\"}}],\"inLanguage\":\"fr-FR\"},{\"@type\":\"Organization\",\"@id\":\"https:\/\/www.villarodriguez.it\/#organization\",\"name\":\"Hotel Villa Rodriguez\",\"url\":\"https:\/\/www.villarodriguez.it\/\",\"logo\":{\"@type\":\"ImageObject\",\"inLanguage\":\"fr-FR\",\"@id\":\"https:\/\/www.villarodriguez.it\/#\/schema\/logo\/image\/\",\"url\":\"https:\/\/www.villarodriguez.it\/wp-content\/uploads\/2024\/10\/logo-esteso-trasparente.png\",\"contentUrl\":\"https:\/\/www.villarodriguez.it\/wp-content\/uploads\/2024\/10\/logo-esteso-trasparente.png\",\"width\":800,\"height\":352,\"caption\":\"Hotel Villa Rodriguez\"},\"image\":{\"@id\":\"https:\/\/www.villarodriguez.it\/#\/schema\/logo\/image\/\"},\"sameAs\":[\"https:\/\/www.facebook.com\/hotelvillarodriguez\/\",\"https:\/\/www.instagram.com\/hotelvillarodriguez\/\"]}]}<\/script>\n<!-- \/ Yoast SEO plugin. -->","yoast_head_json":{"title":"Ferries Blunavy - Hotel Villa Rodriguez direttamente sul mare all&#039;Isola d&#039;Elba","robots":{"index":"index","follow":"follow","max-snippet":"max-snippet:-1","max-image-preview":"max-image-preview:large","max-video-preview":"max-video-preview:-1"},"canonical":"https:\/\/www.villarodriguez.it\/fr\/ferries-blunavy\/","og_locale":"fr_FR","og_type":"article","og_title":"Ferries Blunavy - Hotel Villa Rodriguez direttamente sul mare all&#039;Isola d&#039;Elba","og_description":"Demandez votre code de r\u00e9duction pour b\u00e9n\u00e9ficier des meilleurs tarifs. Un service de travers\u00e9e en ferry vers l&#8217;\u00eele d&#8217;Elbe propos\u00e9 par Blunavytraghetti.com","og_url":"https:\/\/www.villarodriguez.it\/fr\/ferries-blunavy\/","og_site_name":"Hotel Villa Rodriguez direttamente sul mare all&#039;Isola d&#039;Elba","article_publisher":"https:\/\/www.facebook.com\/hotelvillarodriguez\/","article_modified_time":"2025-03-06T10:30:24+00:00","og_image":[{"url":"https:\/\/blunavytraghetti.com\/wp-content\/themes\/cosmo\/assets\/images\/logo-blunavy-traghetti.png","type":"","width":"","height":""}],"twitter_card":"summary_large_image","twitter_misc":{"Dur\u00e9e de lecture estim\u00e9e":"1 minute"},"schema":{"@context":"https:\/\/schema.org","@graph":[{"@type":"WebPage","@id":"https:\/\/www.villarodriguez.it\/fr\/ferries-blunavy\/","url":"https:\/\/www.villarodriguez.it\/fr\/ferries-blunavy\/","name":"Ferries Blunavy - Hotel Villa Rodriguez direttamente sul mare all&#039;Isola d&#039;Elba","isPartOf":{"@id":"https:\/\/www.villarodriguez.it\/#website"},"primaryImageOfPage":{"@id":"https:\/\/www.villarodriguez.it\/fr\/ferries-blunavy\/#primaryimage"},"image":{"@id":"https:\/\/www.villarodriguez.it\/fr\/ferries-blunavy\/#primaryimage"},"thumbnailUrl":"https:\/\/blunavytraghetti.com\/wp-content\/themes\/cosmo\/assets\/images\/logo-blunavy-traghetti.png","datePublished":"2025-03-06T08:48:53+00:00","dateModified":"2025-03-06T10:30:24+00:00","breadcrumb":{"@id":"https:\/\/www.villarodriguez.it\/fr\/ferries-blunavy\/#breadcrumb"},"inLanguage":"fr-FR","potentialAction":[{"@type":"ReadAction","target":["https:\/\/www.villarodriguez.it\/fr\/ferries-blunavy\/"]}]},{"@type":"ImageObject","inLanguage":"fr-FR","@id":"https:\/\/www.villarodriguez.it\/fr\/ferries-blunavy\/#primaryimage","url":"https:\/\/blunavytraghetti.com\/wp-content\/themes\/cosmo\/assets\/images\/logo-blunavy-traghetti.png","contentUrl":"https:\/\/blunavytraghetti.com\/wp-content\/themes\/cosmo\/assets\/images\/logo-blunavy-traghetti.png"},{"@type":"BreadcrumbList","@id":"https:\/\/www.villarodriguez.it\/fr\/ferries-blunavy\/#breadcrumb","itemListElement":[{"@type":"ListItem","position":1,"name":"Home","item":"https:\/\/www.villarodriguez.it\/fr\/"},{"@type":"ListItem","position":2,"name":"Ferries Blunavy"}]},{"@type":"WebSite","@id":"https:\/\/www.villarodriguez.it\/#website","url":"https:\/\/www.villarodriguez.it\/","name":"Hotel Villa Rodriguez: Hotel sul mare all'Isola d'Elba","description":"Il tuo soggiorno in Hotel sul mare all&#039;Isola d&#039;Elba. Camere confortevoli, vista mozzafiato, spiaggia privata per una vacanza da sogno.","publisher":{"@id":"https:\/\/www.villarodriguez.it\/#organization"},"potentialAction":[{"@type":"SearchAction","target":{"@type":"EntryPoint","urlTemplate":"https:\/\/www.villarodriguez.it\/?s={search_term_string}"},"query-input":{"@type":"PropertyValueSpecification","valueRequired":true,"valueName":"search_term_string"}}],"inLanguage":"fr-FR"},{"@type":"Organization","@id":"https:\/\/www.villarodriguez.it\/#organization","name":"Hotel Villa Rodriguez","url":"https:\/\/www.villarodriguez.it\/","logo":{"@type":"ImageObject","inLanguage":"fr-FR","@id":"https:\/\/www.villarodriguez.it\/#\/schema\/logo\/image\/","url":"https:\/\/www.villarodriguez.it\/wp-content\/uploads\/2024\/10\/logo-esteso-trasparente.png","contentUrl":"https:\/\/www.villarodriguez.it\/wp-content\/uploads\/2024\/10\/logo-esteso-trasparente.png","width":800,"height":352,"caption":"Hotel Villa Rodriguez"},"image":{"@id":"https:\/\/www.villarodriguez.it\/#\/schema\/logo\/image\/"},"sameAs":["https:\/\/www.facebook.com\/hotelvillarodriguez\/","https:\/\/www.instagram.com\/hotelvillarodriguez\/"]}]}},"_links":{"self":[{"href":"https:\/\/www.villarodriguez.it\/fr\/wp-json\/wp\/v2\/pages\/19180","targetHints":{"allow":["GET"]}}],"collection":[{"href":"https:\/\/www.villarodriguez.it\/fr\/wp-json\/wp\/v2\/pages"}],"about":[{"href":"https:\/\/www.villarodriguez.it\/fr\/wp-json\/wp\/v2\/types\/page"}],"author":[{"embeddable":true,"href":"https:\/\/www.villarodriguez.it\/fr\/wp-json\/wp\/v2\/users\/1"}],"replies":[{"embeddable":true,"href":"https:\/\/www.villarodriguez.it\/fr\/wp-json\/wp\/v2\/comments?post=19180"}],"version-history":[{"count":5,"href":"https:\/\/www.villarodriguez.it\/fr\/wp-json\/wp\/v2\/pages\/19180\/revisions"}],"predecessor-version":[{"id":19285,"href":"https:\/\/www.villarodriguez.it\/fr\/wp-json\/wp\/v2\/pages\/19180\/revisions\/19285"}],"wp:attachment":[{"href":"https:\/\/www.villarodriguez.it\/fr\/wp-json\/wp\/v2\/media?parent=19180"}],"curies":[{"name":"wp","href":"https:\/\/api.w.org\/{rel}","templated":true}]}}