{"id":18052,"date":"2024-10-16T16:07:34","date_gmt":"2024-10-16T14:07:34","guid":{"rendered":"http:\/\/villarodriguez.youelba.com\/traghetti\/"},"modified":"2026-02-14T19:20:13","modified_gmt":"2026-02-14T18:20:13","slug":"ferries","status":"publish","type":"page","link":"https:\/\/www.villarodriguez.it\/fr\/ferries\/","title":{"rendered":"Ferries"},"content":{"rendered":"\t\t<div data-elementor-type=\"wp-page\" data-elementor-id=\"18052\" class=\"elementor elementor-18052 elementor-17397\">\n\t\t\t\t        <section class=\"elementor-section elementor-top-section elementor-element elementor-element-a1d6795 elementor-section-boxed elementor-section-height-default elementor-section-height-default pxl-section-static-pos-no pxl-section-overflow-hidden-no pxl-container-margin-auto-no\" data-id=\"a1d6795\" data-element_type=\"section\">\n\n                \n                <div class=\"elementor-container elementor-column-gap-default \">\n                <div class=\"elementor-column elementor-col-100 elementor-top-column elementor-element elementor-element-278495d col-offset-none pxl-column-element-default pxl-column-overflow-hidden-no\" data-id=\"278495d\" data-element_type=\"column\">\r\n        <div class=\"elementor-widget-wrap elementor-element-populated\">\r\n                    \t\t<div class=\"elementor-element elementor-element-3d515ac elementor-widget elementor-widget-pxl_heading\" data-id=\"3d515ac\" data-element_type=\"widget\" data-widget_type=\"pxl_heading.default\">\n\t\t\t\t<div class=\"elementor-widget-container\">\n\t\t\t\t\t<div class=\"pxl-heading-wrap d-flex\">\n    <div class=\"pxl-heading-inner  \">\n                <h2 class=\"heading-title\">\n                        R\u00e9servation de ferry avec r\u00e9ductions pour l'\u00eele d'Elbe         <\/h2>\n            <\/div>\n<\/div>\n\n\t\t\t\t<\/div>\n\t\t\t\t<\/div>\n\t\t                    <\/div>\r\n        <\/div>\r\n        \t\t\t<\/div>\n\t\t<\/section>\n\t\t        <section class=\"elementor-section elementor-top-section elementor-element elementor-element-369c14a elementor-section-boxed elementor-section-height-default elementor-section-height-default pxl-section-static-pos-no pxl-section-overflow-hidden-no pxl-container-margin-auto-no\" data-id=\"369c14a\" data-element_type=\"section\">\n\n                \n                <div class=\"elementor-container elementor-column-gap-default \">\n                <div class=\"elementor-column elementor-col-50 elementor-top-column elementor-element elementor-element-7073a1c col-offset-none pxl-column-element-default pxl-column-overflow-hidden-no\" data-id=\"7073a1c\" data-element_type=\"column\">\r\n        <div class=\"elementor-widget-wrap elementor-element-populated\">\r\n                    \t\t<div class=\"elementor-element elementor-element-b5ea00e elementor-widget elementor-widget-pxl_text_editor\" data-id=\"b5ea00e\" data-element_type=\"widget\" data-widget_type=\"pxl_text_editor.default\">\n\t\t\t\t<div class=\"elementor-widget-container\">\n\t\t\t\t\t<div id=\"pxl_text_editor-b5ea00e-7133\" class=\"pxl-text-editor-wrap d-flex \" >\n\t<div class=\"pxl-text-editor elementor-clearfix\">\n\t\t<h4 style=\"text-align: center;\">Demandez votre <strong data-start=\"1190\" data-end=\"1211\">CODE DE R\u00c9DUCTION<\/strong> et r\u00e9servez les ferries <strong data-start=\"1236\" data-end=\"1255\">Moby et Toremar<\/strong> avec des r\u00e9ductions<\/h4>\t\t\n\t<\/div>\n<\/div>\t\t\t\t<\/div>\n\t\t\t\t<\/div>\n\t\t\t\t<div class=\"elementor-element elementor-element-f43a598 elementor-widget elementor-widget-image\" data-id=\"f43a598\" data-element_type=\"widget\" data-widget_type=\"image.default\">\n\t\t\t\t<div class=\"elementor-widget-container\">\n\t\t\t\t\t\t\t\t\t\t\t\t\t\t\t\t<a href=\"https:\/\/www.villarodriguez.it\/fr\/ferries-moby-toremar\/\">\n\t\t\t\t\t\t\t<img fetchpriority=\"high\" decoding=\"async\" width=\"300\" height=\"200\" src=\"https:\/\/www.villarodriguez.it\/wp-content\/uploads\/2026\/02\/traghettilines-banner-elba_2026.jpg\" class=\"attachment-large size-large wp-image-19538\" alt=\"\" \/>\t\t\t\t\t\t\t\t<\/a>\n\t\t\t\t\t\t\t\t\t\t\t\t\t\t\t<\/div>\n\t\t\t\t<\/div>\n\t\t\t\t<div class=\"elementor-element elementor-element-8fa1ef7 elementor-align-center elementor-widget elementor-widget-pxl_button\" data-id=\"8fa1ef7\" data-element_type=\"widget\" data-widget_type=\"pxl_button.default\">\n\t\t\t\t<div class=\"elementor-widget-container\">\n\t\t\t\t\t<div id=\"pxl_button-8fa1ef7-4278\" class=\"pxl-button-wrapper d-flex-wrap pxl-button-layout1\" >\r\n    <a href=\"https:\/\/www.villarodriguez.it\/fr\/ferries-moby-toremar\/\" class=\"pxl-btn btn-outline icon-ps-right\">\r\n        <span class=\"pxl-button-text\">Cliquez ici pour r\u00e9server avec Traghettilines<\/span>\r\n            <\/a>\r\n<\/div>\t\t\t\t<\/div>\n\t\t\t\t<\/div>\n\t\t                    <\/div>\r\n        <\/div>\r\n                <div class=\"elementor-column elementor-col-50 elementor-top-column elementor-element elementor-element-b5d0a54 col-offset-none pxl-column-element-default pxl-column-overflow-hidden-no\" data-id=\"b5d0a54\" data-element_type=\"column\">\r\n        <div class=\"elementor-widget-wrap elementor-element-populated\">\r\n                    \t\t<div class=\"elementor-element elementor-element-8244784 elementor-widget elementor-widget-pxl_text_editor\" data-id=\"8244784\" data-element_type=\"widget\" data-widget_type=\"pxl_text_editor.default\">\n\t\t\t\t<div class=\"elementor-widget-container\">\n\t\t\t\t\t<div id=\"pxl_text_editor-8244784-5168\" class=\"pxl-text-editor-wrap d-flex \" >\n\t<div class=\"pxl-text-editor elementor-clearfix\">\n\t\t<h4 style=\"text-align: center;\">R\u00e9servez votre <strong data-start=\"1313\" data-end=\"1330\">ferry BLUNAVY<\/strong> directement ici avec le <strong data-start=\"1355\" data-end=\"1376\">CODE DE R\u00c9DUCTION<\/strong>.<\/h4>\t\t\n\t<\/div>\n<\/div>\t\t\t\t<\/div>\n\t\t\t\t<\/div>\n\t\t\t\t<div class=\"elementor-element elementor-element-2be3a39 elementor-widget elementor-widget-image\" data-id=\"2be3a39\" data-element_type=\"widget\" data-widget_type=\"image.default\">\n\t\t\t\t<div class=\"elementor-widget-container\">\n\t\t\t\t\t\t\t\t\t\t\t\t\t\t\t\t<a href=\"https:\/\/www.villarodriguez.it\/fr\/ferries-blunavy\/\">\n\t\t\t\t\t\t\t<img decoding=\"async\" width=\"300\" height=\"200\" src=\"https:\/\/www.villarodriguez.it\/wp-content\/uploads\/2025\/03\/blunavy.jpg\" class=\"attachment-large size-large wp-image-19221\" alt=\"\" \/>\t\t\t\t\t\t\t\t<\/a>\n\t\t\t\t\t\t\t\t\t\t\t\t\t\t\t<\/div>\n\t\t\t\t<\/div>\n\t\t\t\t<div class=\"elementor-element elementor-element-bb2d371 elementor-align-center elementor-widget elementor-widget-pxl_button\" data-id=\"bb2d371\" data-element_type=\"widget\" data-widget_type=\"pxl_button.default\">\n\t\t\t\t<div class=\"elementor-widget-container\">\n\t\t\t\t\t<div id=\"pxl_button-bb2d371-8712\" class=\"pxl-button-wrapper d-flex-wrap pxl-button-layout1\" >\r\n    <a href=\"https:\/\/www.villarodriguez.it\/fr\/ferries-blunavy\/\" class=\"pxl-btn btn-outline icon-ps-right\">\r\n        <span class=\"pxl-button-text\">Cliquez ici pour r\u00e9server avec Blunavy<\/span>\r\n            <\/a>\r\n<\/div>\t\t\t\t<\/div>\n\t\t\t\t<\/div>\n\t\t                    <\/div>\r\n        <\/div>\r\n        \t\t\t<\/div>\n\t\t<\/section>\n\t\t\t\t<\/div>\n\t\t","protected":false},"excerpt":{"rendered":"<p>R\u00e9servation de ferry avec r\u00e9ductions pour l&#8217;\u00eele d&#8217;Elbe Demandez votre CODE DE R\u00c9DUCTION et r\u00e9servez les ferries Moby et Toremar avec des r\u00e9ductions Cliquez ici pour r\u00e9server avec Traghettilines R\u00e9servez votre ferry BLUNAVY directement ici avec le CODE DE R\u00c9DUCTION. Cliquez ici pour r\u00e9server avec Blunavy<\/p>\n","protected":false},"author":1,"featured_media":0,"parent":0,"menu_order":0,"comment_status":"closed","ping_status":"closed","template":"","meta":{"footnotes":""},"class_list":["post-18052","page","type-page","status-publish","hentry"],"yoast_head":"<!-- This site is optimized with the Yoast SEO plugin v27.0 - https:\/\/yoast.com\/product\/yoast-seo-wordpress\/ -->\n<title>Ferries - Hotel Villa Rodriguez direttamente sul mare all&#039;Isola d&#039;Elba<\/title>\n<meta name=\"robots\" content=\"index, follow, max-snippet:-1, max-image-preview:large, max-video-preview:-1\" \/>\n<link rel=\"canonical\" href=\"https:\/\/www.villarodriguez.it\/fr\/ferries\/\" \/>\n<meta property=\"og:locale\" content=\"fr_FR\" \/>\n<meta property=\"og:type\" content=\"article\" \/>\n<meta property=\"og:title\" content=\"Ferries - Hotel Villa Rodriguez direttamente sul mare all&#039;Isola d&#039;Elba\" \/>\n<meta property=\"og:description\" content=\"R\u00e9servation de ferry avec r\u00e9ductions pour l&#8217;\u00eele d&#8217;Elbe Demandez votre CODE DE R\u00c9DUCTION et r\u00e9servez les ferries Moby et Toremar avec des r\u00e9ductions Cliquez ici pour r\u00e9server avec Traghettilines R\u00e9servez votre ferry BLUNAVY directement ici avec le CODE DE R\u00c9DUCTION. Cliquez ici pour r\u00e9server avec Blunavy\" \/>\n<meta property=\"og:url\" content=\"https:\/\/www.villarodriguez.it\/fr\/ferries\/\" \/>\n<meta property=\"og:site_name\" content=\"Hotel Villa Rodriguez direttamente sul mare all&#039;Isola d&#039;Elba\" \/>\n<meta property=\"article:publisher\" content=\"https:\/\/www.facebook.com\/hotelvillarodriguez\/\" \/>\n<meta property=\"article:modified_time\" content=\"2026-02-14T18:20:13+00:00\" \/>\n<meta property=\"og:image\" content=\"https:\/\/www.villarodriguez.it\/wp-content\/uploads\/2026\/02\/traghettilines-banner-elba_2026.jpg\" \/>\n<meta name=\"twitter:card\" content=\"summary_large_image\" \/>\n<meta name=\"twitter:label1\" content=\"Dur\u00e9e de lecture estim\u00e9e\" \/>\n\t<meta name=\"twitter:data1\" content=\"1 minute\" \/>\n<script type=\"application\/ld+json\" class=\"yoast-schema-graph\">{\"@context\":\"https:\/\/schema.org\",\"@graph\":[{\"@type\":\"WebPage\",\"@id\":\"https:\/\/www.villarodriguez.it\/fr\/ferries\/\",\"url\":\"https:\/\/www.villarodriguez.it\/fr\/ferries\/\",\"name\":\"Ferries - Hotel Villa Rodriguez direttamente sul mare all&#039;Isola d&#039;Elba\",\"isPartOf\":{\"@id\":\"https:\/\/www.villarodriguez.it\/#website\"},\"primaryImageOfPage\":{\"@id\":\"https:\/\/www.villarodriguez.it\/fr\/ferries\/#primaryimage\"},\"image\":{\"@id\":\"https:\/\/www.villarodriguez.it\/fr\/ferries\/#primaryimage\"},\"thumbnailUrl\":\"https:\/\/www.villarodriguez.it\/wp-content\/uploads\/2026\/02\/traghettilines-banner-elba_2026.jpg\",\"datePublished\":\"2024-10-16T14:07:34+00:00\",\"dateModified\":\"2026-02-14T18:20:13+00:00\",\"breadcrumb\":{\"@id\":\"https:\/\/www.villarodriguez.it\/fr\/ferries\/#breadcrumb\"},\"inLanguage\":\"fr-FR\",\"potentialAction\":[{\"@type\":\"ReadAction\",\"target\":[\"https:\/\/www.villarodriguez.it\/fr\/ferries\/\"]}]},{\"@type\":\"ImageObject\",\"inLanguage\":\"fr-FR\",\"@id\":\"https:\/\/www.villarodriguez.it\/fr\/ferries\/#primaryimage\",\"url\":\"https:\/\/www.villarodriguez.it\/wp-content\/uploads\/2026\/02\/traghettilines-banner-elba_2026.jpg\",\"contentUrl\":\"https:\/\/www.villarodriguez.it\/wp-content\/uploads\/2026\/02\/traghettilines-banner-elba_2026.jpg\"},{\"@type\":\"BreadcrumbList\",\"@id\":\"https:\/\/www.villarodriguez.it\/fr\/ferries\/#breadcrumb\",\"itemListElement\":[{\"@type\":\"ListItem\",\"position\":1,\"name\":\"Home\",\"item\":\"https:\/\/www.villarodriguez.it\/fr\/\"},{\"@type\":\"ListItem\",\"position\":2,\"name\":\"Ferries\"}]},{\"@type\":\"WebSite\",\"@id\":\"https:\/\/www.villarodriguez.it\/#website\",\"url\":\"https:\/\/www.villarodriguez.it\/\",\"name\":\"Hotel Villa Rodriguez: Hotel sul mare all'Isola d'Elba\",\"description\":\"Il tuo soggiorno in Hotel sul mare all&#039;Isola d&#039;Elba. Camere confortevoli, vista mozzafiato, spiaggia privata per una vacanza da sogno.\",\"publisher\":{\"@id\":\"https:\/\/www.villarodriguez.it\/#organization\"},\"potentialAction\":[{\"@type\":\"SearchAction\",\"target\":{\"@type\":\"EntryPoint\",\"urlTemplate\":\"https:\/\/www.villarodriguez.it\/?s={search_term_string}\"},\"query-input\":{\"@type\":\"PropertyValueSpecification\",\"valueRequired\":true,\"valueName\":\"search_term_string\"}}],\"inLanguage\":\"fr-FR\"},{\"@type\":\"Organization\",\"@id\":\"https:\/\/www.villarodriguez.it\/#organization\",\"name\":\"Hotel Villa Rodriguez\",\"url\":\"https:\/\/www.villarodriguez.it\/\",\"logo\":{\"@type\":\"ImageObject\",\"inLanguage\":\"fr-FR\",\"@id\":\"https:\/\/www.villarodriguez.it\/#\/schema\/logo\/image\/\",\"url\":\"https:\/\/www.villarodriguez.it\/wp-content\/uploads\/2024\/10\/logo-esteso-trasparente.png\",\"contentUrl\":\"https:\/\/www.villarodriguez.it\/wp-content\/uploads\/2024\/10\/logo-esteso-trasparente.png\",\"width\":800,\"height\":352,\"caption\":\"Hotel Villa Rodriguez\"},\"image\":{\"@id\":\"https:\/\/www.villarodriguez.it\/#\/schema\/logo\/image\/\"},\"sameAs\":[\"https:\/\/www.facebook.com\/hotelvillarodriguez\/\",\"https:\/\/www.instagram.com\/hotelvillarodriguez\/\"]}]}<\/script>\n<!-- \/ Yoast SEO plugin. -->","yoast_head_json":{"title":"Ferries - Hotel Villa Rodriguez direttamente sul mare all&#039;Isola d&#039;Elba","robots":{"index":"index","follow":"follow","max-snippet":"max-snippet:-1","max-image-preview":"max-image-preview:large","max-video-preview":"max-video-preview:-1"},"canonical":"https:\/\/www.villarodriguez.it\/fr\/ferries\/","og_locale":"fr_FR","og_type":"article","og_title":"Ferries - Hotel Villa Rodriguez direttamente sul mare all&#039;Isola d&#039;Elba","og_description":"R\u00e9servation de ferry avec r\u00e9ductions pour l&#8217;\u00eele d&#8217;Elbe Demandez votre CODE DE R\u00c9DUCTION et r\u00e9servez les ferries Moby et Toremar avec des r\u00e9ductions Cliquez ici pour r\u00e9server avec Traghettilines R\u00e9servez votre ferry BLUNAVY directement ici avec le CODE DE R\u00c9DUCTION. Cliquez ici pour r\u00e9server avec Blunavy","og_url":"https:\/\/www.villarodriguez.it\/fr\/ferries\/","og_site_name":"Hotel Villa Rodriguez direttamente sul mare all&#039;Isola d&#039;Elba","article_publisher":"https:\/\/www.facebook.com\/hotelvillarodriguez\/","article_modified_time":"2026-02-14T18:20:13+00:00","og_image":[{"url":"https:\/\/www.villarodriguez.it\/wp-content\/uploads\/2026\/02\/traghettilines-banner-elba_2026.jpg","type":"","width":"","height":""}],"twitter_card":"summary_large_image","twitter_misc":{"Dur\u00e9e de lecture estim\u00e9e":"1 minute"},"schema":{"@context":"https:\/\/schema.org","@graph":[{"@type":"WebPage","@id":"https:\/\/www.villarodriguez.it\/fr\/ferries\/","url":"https:\/\/www.villarodriguez.it\/fr\/ferries\/","name":"Ferries - Hotel Villa Rodriguez direttamente sul mare all&#039;Isola d&#039;Elba","isPartOf":{"@id":"https:\/\/www.villarodriguez.it\/#website"},"primaryImageOfPage":{"@id":"https:\/\/www.villarodriguez.it\/fr\/ferries\/#primaryimage"},"image":{"@id":"https:\/\/www.villarodriguez.it\/fr\/ferries\/#primaryimage"},"thumbnailUrl":"https:\/\/www.villarodriguez.it\/wp-content\/uploads\/2026\/02\/traghettilines-banner-elba_2026.jpg","datePublished":"2024-10-16T14:07:34+00:00","dateModified":"2026-02-14T18:20:13+00:00","breadcrumb":{"@id":"https:\/\/www.villarodriguez.it\/fr\/ferries\/#breadcrumb"},"inLanguage":"fr-FR","potentialAction":[{"@type":"ReadAction","target":["https:\/\/www.villarodriguez.it\/fr\/ferries\/"]}]},{"@type":"ImageObject","inLanguage":"fr-FR","@id":"https:\/\/www.villarodriguez.it\/fr\/ferries\/#primaryimage","url":"https:\/\/www.villarodriguez.it\/wp-content\/uploads\/2026\/02\/traghettilines-banner-elba_2026.jpg","contentUrl":"https:\/\/www.villarodriguez.it\/wp-content\/uploads\/2026\/02\/traghettilines-banner-elba_2026.jpg"},{"@type":"BreadcrumbList","@id":"https:\/\/www.villarodriguez.it\/fr\/ferries\/#breadcrumb","itemListElement":[{"@type":"ListItem","position":1,"name":"Home","item":"https:\/\/www.villarodriguez.it\/fr\/"},{"@type":"ListItem","position":2,"name":"Ferries"}]},{"@type":"WebSite","@id":"https:\/\/www.villarodriguez.it\/#website","url":"https:\/\/www.villarodriguez.it\/","name":"Hotel Villa Rodriguez: Hotel sul mare all'Isola d'Elba","description":"Il tuo soggiorno in Hotel sul mare all&#039;Isola d&#039;Elba. Camere confortevoli, vista mozzafiato, spiaggia privata per una vacanza da sogno.","publisher":{"@id":"https:\/\/www.villarodriguez.it\/#organization"},"potentialAction":[{"@type":"SearchAction","target":{"@type":"EntryPoint","urlTemplate":"https:\/\/www.villarodriguez.it\/?s={search_term_string}"},"query-input":{"@type":"PropertyValueSpecification","valueRequired":true,"valueName":"search_term_string"}}],"inLanguage":"fr-FR"},{"@type":"Organization","@id":"https:\/\/www.villarodriguez.it\/#organization","name":"Hotel Villa Rodriguez","url":"https:\/\/www.villarodriguez.it\/","logo":{"@type":"ImageObject","inLanguage":"fr-FR","@id":"https:\/\/www.villarodriguez.it\/#\/schema\/logo\/image\/","url":"https:\/\/www.villarodriguez.it\/wp-content\/uploads\/2024\/10\/logo-esteso-trasparente.png","contentUrl":"https:\/\/www.villarodriguez.it\/wp-content\/uploads\/2024\/10\/logo-esteso-trasparente.png","width":800,"height":352,"caption":"Hotel Villa Rodriguez"},"image":{"@id":"https:\/\/www.villarodriguez.it\/#\/schema\/logo\/image\/"},"sameAs":["https:\/\/www.facebook.com\/hotelvillarodriguez\/","https:\/\/www.instagram.com\/hotelvillarodriguez\/"]}]}},"_links":{"self":[{"href":"https:\/\/www.villarodriguez.it\/fr\/wp-json\/wp\/v2\/pages\/18052","targetHints":{"allow":["GET"]}}],"collection":[{"href":"https:\/\/www.villarodriguez.it\/fr\/wp-json\/wp\/v2\/pages"}],"about":[{"href":"https:\/\/www.villarodriguez.it\/fr\/wp-json\/wp\/v2\/types\/page"}],"author":[{"embeddable":true,"href":"https:\/\/www.villarodriguez.it\/fr\/wp-json\/wp\/v2\/users\/1"}],"replies":[{"embeddable":true,"href":"https:\/\/www.villarodriguez.it\/fr\/wp-json\/wp\/v2\/comments?post=18052"}],"version-history":[{"count":8,"href":"https:\/\/www.villarodriguez.it\/fr\/wp-json\/wp\/v2\/pages\/18052\/revisions"}],"predecessor-version":[{"id":19566,"href":"https:\/\/www.villarodriguez.it\/fr\/wp-json\/wp\/v2\/pages\/18052\/revisions\/19566"}],"wp:attachment":[{"href":"https:\/\/www.villarodriguez.it\/fr\/wp-json\/wp\/v2\/media?parent=18052"}],"curies":[{"name":"wp","href":"https:\/\/api.w.org\/{rel}","templated":true}]}}