{"id":18024,"date":"2024-10-16T21:01:03","date_gmt":"2024-10-16T19:01:03","guid":{"rendered":"http:\/\/villarodriguez.youelba.com\/escursioni-subacquee\/"},"modified":"2024-12-11T10:06:53","modified_gmt":"2024-12-11T09:06:53","slug":"excursions-deplongee","status":"publish","type":"page","link":"https:\/\/www.villarodriguez.it\/fr\/excursions-deplongee\/","title":{"rendered":"Excursions de plong\u00e9e"},"content":{"rendered":"\t\t<div data-elementor-type=\"wp-page\" data-elementor-id=\"18024\" class=\"elementor elementor-18024 elementor-17449\">\n\t\t\t\t        <section class=\"elementor-section elementor-top-section elementor-element elementor-element-8160999 elementor-section-full_width elementor-section-height-default elementor-section-height-default pxl-section-offset-none pxl-section-static-pos-no pxl-section-overflow-hidden-no pxl-container-margin-auto-no\" data-id=\"8160999\" data-element_type=\"section\" data-settings=\"{&quot;background_background&quot;:&quot;classic&quot;}\">\n\n                \n                <div class=\"elementor-container elementor-column-gap-no \">\n                <div class=\"elementor-column elementor-col-100 elementor-top-column elementor-element elementor-element-85f8d99 col-offset-none pxl-column-element-default pxl-column-overflow-hidden-no\" data-id=\"85f8d99\" data-element_type=\"column\">\r\n        <div class=\"elementor-widget-wrap elementor-element-populated\">\r\n                    \t\t<div class=\"elementor-element elementor-element-67efa74 elementor-invisible pxl-elementor-animate elementor-widget elementor-widget-pxl_text_editor\" data-id=\"67efa74\" data-element_type=\"widget\" data-settings=\"{&quot;_animation&quot;:&quot;fadeInUp&quot;}\" data-widget_type=\"pxl_text_editor.default\">\n\t\t\t\t<div class=\"elementor-widget-container\">\n\t\t\t\t\t<div id=\"pxl_text_editor-67efa74-4886\" class=\"pxl-text-editor-wrap d-flex \" >\n\t<div class=\"pxl-text-editor elementor-clearfix\">\n\t\t<h2><strong>Un paradis pour les plongeurs sur la plage de Naregno<\/strong><\/h2><h4>Avec un acc\u00e8s direct \u00e0 la mer et des services d\u00e9di\u00e9s aux plongeurs, l&#8217;H\u00f4tel Villa Rodriguez offre un point de d\u00e9part id\u00e9al pour explorer les meilleurs sites de plong\u00e9e de l&#8217;\u00eele, gr\u00e2ce \u00e0 des points d&#8217;amarrage pratiques et des partenariats avec des centres de plong\u00e9e certifi\u00e9s.<\/h4>\t\t\n\t<\/div>\n<\/div>\t\t\t\t<\/div>\n\t\t\t\t<\/div>\n\t\t\t\t<div class=\"elementor-element elementor-element-42f9c5c elementor-invisible pxl-elementor-animate elementor-widget elementor-widget-pxl_text_editor\" data-id=\"42f9c5c\" data-element_type=\"widget\" data-settings=\"{&quot;_animation&quot;:&quot;fadeInUp&quot;}\" data-widget_type=\"pxl_text_editor.default\">\n\t\t\t\t<div class=\"elementor-widget-container\">\n\t\t\t\t\t<div id=\"pxl_text_editor-42f9c5c-1124\" class=\"pxl-text-editor-wrap d-flex \" >\n\t<div class=\"pxl-text-editor elementor-clearfix\">\n\t\t<p>L&#8217;H\u00f4tel Villa Rodriguez, id\u00e9alement situ\u00e9 au bord de mer dans la magnifique baie de Naregno, offre un environnement parfait pour les passionn\u00e9s de plong\u00e9e. Un petit quai sur la plage priv\u00e9e en face de l&#8217;h\u00f4tel offre un point d&#8217;amarrage pratique pour les bateaux transportant les clients plongeurs de l&#8217;h\u00f4tel. Le chargement et le d\u00e9chargement du mat\u00e9riel de plong\u00e9e se fait de mani\u00e8re extr\u00eamement facile et pratique, directement depuis l&#8217;h\u00f4tel.<\/p><p>Apr\u00e8s les <strong>plong\u00e9es,<\/strong> les clients peuvent utiliser un espace ext\u00e9rieur \u00e9quip\u00e9 de douches pour retirer confortablement leurs combinaisons de plong\u00e9e, rincer leur \u00e9quipement et le suspendre pour le faire s\u00e9cher.<\/p>\t\t\n\t<\/div>\n<\/div>\t\t\t\t<\/div>\n\t\t\t\t<\/div>\n\t\t\t\t<div class=\"elementor-element elementor-element-3c328e4 elementor-widget elementor-widget-pxl_divider\" data-id=\"3c328e4\" data-element_type=\"widget\" data-widget_type=\"pxl_divider.default\">\n\t\t\t\t<div class=\"elementor-widget-container\">\n\t\t\t\t\t<div class=\"pxl-divider horizontal animated normal\"><div class=\"pxl-divider-separator\"><\/div><\/div>\t\t\t\t<\/div>\n\t\t\t\t<\/div>\n\t\t\t\t<div class=\"elementor-element elementor-element-d0f962b pxl-swiper-arrows-true pxl-gallery-carousel-layout-1 pxl-swiper-dots-false pxl-swiper-dots-color-mode-df elementor-widget elementor-widget-pxl_gallery_carousel\" data-id=\"d0f962b\" data-element_type=\"widget\" data-widget_type=\"pxl_gallery_carousel.default\">\n\t\t\t\t<div class=\"elementor-widget-container\">\n\t\t\t\t\t \r\n<div class=\"pxl-swiper-slider pxl-gallery-carousel layout-1\">\r\n    <div class=\"pxl-swiper-slider-wrap pxl-carousel-inner overflow-hidden\">\r\n        <div class=\"pxl-swiper-container\" dir=\"ltr\" data-settings=\"{&quot;slide_direction&quot;:&quot;horizontal&quot;,&quot;slide_percolumn&quot;:1,&quot;slide_mode&quot;:&quot;slide&quot;,&quot;slides_to_show_xxl&quot;:1.82,&quot;slides_to_show&quot;:1.82,&quot;slides_to_show_lg&quot;:1.8,&quot;slides_to_show_md&quot;:1.8,&quot;slides_to_show_sm&quot;:1.8,&quot;slides_to_show_xs&quot;:1,&quot;slides_to_scroll&quot;:1,&quot;slides_gutter&quot;:30,&quot;center_slide&quot;:&quot;true&quot;,&quot;dots_style&quot;:&quot;bullets&quot;,&quot;autoplay&quot;:false,&quot;pause_on_hover&quot;:false,&quot;pause_on_interaction&quot;:true,&quot;delay&quot;:5000,&quot;loop&quot;:true,&quot;speed&quot;:500}\">\r\n            <div class=\"pxl-swiper-wrapper swiper-wrapper\">\r\n                                    <div class=\"pxl-swiper-slide swiper-slide\">\r\n                        <div class=\"item-inner relative overflow-hidden\">\r\n                                                            <div class=\"item-image relative\">\r\n                                    <img fetchpriority=\"high\" decoding=\"async\" class=\"no-lazyload \" src=\"https:\/\/www.villarodriguez.it\/wp-content\/uploads\/2024\/10\/o_diving-dscn4457-1030x542.jpg\" width=\"1030\" height=\"542\" alt=\"Stella Marina\" title=\"Stella Marina\" \/>                                <\/div>\r\n                                                    <\/div>\r\n                                            <\/div>\r\n                                    <div class=\"pxl-swiper-slide swiper-slide\">\r\n                        <div class=\"item-inner relative overflow-hidden\">\r\n                                                            <div class=\"item-image relative\">\r\n                                    <img decoding=\"async\" class=\"no-lazyload \" src=\"https:\/\/www.villarodriguez.it\/wp-content\/uploads\/2024\/10\/IMG_0503-1030x542.jpg\" width=\"1030\" height=\"542\" alt=\"IMG_0503\" title=\"IMG_0503\" \/>                                <\/div>\r\n                                                    <\/div>\r\n                                            <\/div>\r\n                                    <div class=\"pxl-swiper-slide swiper-slide\">\r\n                        <div class=\"item-inner relative overflow-hidden\">\r\n                                                            <div class=\"item-image relative\">\r\n                                    <img decoding=\"async\" class=\"no-lazyload \" src=\"https:\/\/www.villarodriguez.it\/wp-content\/uploads\/2024\/10\/fotone49530x45-1-1030x542.jpg\" width=\"1030\" height=\"542\" alt=\"Sub all&#039;Isola d&#039;Elba\" title=\"Sub all&#039;Isola d&#039;Elba\" \/>                                <\/div>\r\n                                                    <\/div>\r\n                                            <\/div>\r\n                                    <div class=\"pxl-swiper-slide swiper-slide\">\r\n                        <div class=\"item-inner relative overflow-hidden\">\r\n                                                            <div class=\"item-image relative\">\r\n                                    <img loading=\"lazy\" decoding=\"async\" class=\"no-lazyload \" src=\"https:\/\/www.villarodriguez.it\/wp-content\/uploads\/2024\/10\/IMG_0370-1030x542.jpg\" width=\"1030\" height=\"542\" alt=\"Relitto all&#039;Elba\" title=\"Relitto all&#039;Elba\" \/>                                <\/div>\r\n                                                    <\/div>\r\n                                            <\/div>\r\n                                    <div class=\"pxl-swiper-slide swiper-slide\">\r\n                        <div class=\"item-inner relative overflow-hidden\">\r\n                                                            <div class=\"item-image relative\">\r\n                                    <img loading=\"lazy\" decoding=\"async\" class=\"no-lazyload \" src=\"https:\/\/www.villarodriguez.it\/wp-content\/uploads\/2024\/10\/DSC00089-1030x542.jpg\" width=\"1030\" height=\"542\" alt=\"DSC00089\" title=\"DSC00089\" \/>                                <\/div>\r\n                                                    <\/div>\r\n                                            <\/div>\r\n                                    <div class=\"pxl-swiper-slide swiper-slide\">\r\n                        <div class=\"item-inner relative overflow-hidden\">\r\n                                                            <div class=\"item-image relative\">\r\n                                    <img loading=\"lazy\" decoding=\"async\" class=\"no-lazyload \" src=\"https:\/\/www.villarodriguez.it\/wp-content\/uploads\/2024\/10\/pag-servizi-1030x542.jpg\" width=\"1030\" height=\"542\" alt=\"Escursioni subacquee\" title=\"Escursioni subacquee\" \/>                                <\/div>\r\n                                                    <\/div>\r\n                                            <\/div>\r\n                                    <div class=\"pxl-swiper-slide swiper-slide\">\r\n                        <div class=\"item-inner relative overflow-hidden\">\r\n                                                            <div class=\"item-image relative\">\r\n                                    <img loading=\"lazy\" decoding=\"async\" class=\"no-lazyload \" src=\"https:\/\/www.villarodriguez.it\/wp-content\/uploads\/2024\/10\/fotone491-30x45-1-1030x542.jpg\" width=\"1030\" height=\"542\" alt=\"Immersioni\" title=\"Immersioni\" \/>                                <\/div>\r\n                                                    <\/div>\r\n                                            <\/div>\r\n                                    <div class=\"pxl-swiper-slide swiper-slide\">\r\n                        <div class=\"item-inner relative overflow-hidden\">\r\n                                                            <div class=\"item-image relative\">\r\n                                    <img loading=\"lazy\" decoding=\"async\" class=\"no-lazyload \" src=\"https:\/\/www.villarodriguez.it\/wp-content\/uploads\/2024\/10\/Corallo-30x45-1-1030x542.jpg\" width=\"1030\" height=\"542\" alt=\"Corallo 30x45\" title=\"Corallo 30x45\" \/>                                <\/div>\r\n                                                    <\/div>\r\n                                            <\/div>\r\n                            <\/div>    \r\n        <\/div>\r\n    <\/div>\r\n            <div class=\"pxl-swiper-arrows nav-in-vertical \">\r\n            <div class=\"pxl-swiper-arrow pxl-swiper-arrow-prev\"><span class=\"pxl-icon pxli-left-arrow\"><\/span><\/div>\r\n            <div class=\"pxl-swiper-arrow pxl-swiper-arrow-next\"><span class=\"pxl-icon pxli-right-arrow\"><\/span><\/div>\r\n        <\/div>\r\n        <\/div>\r\n \r\n\t\t\t\t<\/div>\n\t\t\t\t<\/div>\n\t\t                    <\/div>\r\n        <\/div>\r\n        \t\t\t<\/div>\n\t\t<\/section>\n\t\t        <section class=\"elementor-section elementor-top-section elementor-element elementor-element-e374b30 elementor-section-boxed elementor-section-height-default elementor-section-height-default pxl-section-static-pos-no pxl-section-overflow-hidden-no pxl-container-margin-auto-no\" data-id=\"e374b30\" data-element_type=\"section\">\n\n                \n                <div class=\"elementor-container elementor-column-gap-default \">\n                <div class=\"elementor-column elementor-col-100 elementor-top-column elementor-element elementor-element-3c09ddc col-offset-none pxl-column-element-default pxl-column-overflow-hidden-no\" data-id=\"3c09ddc\" data-element_type=\"column\">\r\n        <div class=\"elementor-widget-wrap elementor-element-populated\">\r\n                    \t\t<div class=\"elementor-element elementor-element-f20f0a9 elementor-widget elementor-widget-pxl_text_editor\" data-id=\"f20f0a9\" data-element_type=\"widget\" data-widget_type=\"pxl_text_editor.default\">\n\t\t\t\t<div class=\"elementor-widget-container\">\n\t\t\t\t\t<div id=\"pxl_text_editor-f20f0a9-9059\" class=\"pxl-text-editor-wrap d-flex \" >\n\t<div class=\"pxl-text-editor elementor-clearfix\">\n\t\t<p>L&#8217;h\u00f4tel organise des vacances de plong\u00e9e personnalis\u00e9es en fonction du niveau d&#8217;exp\u00e9rience et des pr\u00e9f\u00e9rences des clients. En partenariat avec plusieurs centres de plong\u00e9e locaux, Villa Rodriguez organise une vari\u00e9t\u00e9 d&#8217;excursions pour explorer la riche et diverse vie marine autour d&#8217;Elbe.<\/p><p>Les excursions de plong\u00e9e sont disponibles pour les plongeurs exp\u00e9riment\u00e9s ou les passionn\u00e9s de mer, avec plus de 20 sites de plong\u00e9e \u00e0 proximit\u00e9 accessibles en peu de temps. Pour ceux qui cherchent une aventure d&#8217;une journ\u00e9e compl\u00e8te, des sorties peuvent \u00eatre organis\u00e9es tout le long de la c\u00f4te d&#8217;Elbe, y compris des plong\u00e9es de nuit palpitantes.<\/p><p>Pour ceux qui d\u00e9couvrent le monde sous-marin ou souhaitent perfectionner leurs comp\u00e9tences en plong\u00e9e, les centres de plong\u00e9e partenaires proposent des cours \u00e0 tous les niveaux, avec diverses options de certification et la location de mat\u00e9riel complet ou partiel.<\/p><p>Les familles et amis qui ne participent pas aux activit\u00e9s de plong\u00e9e peuvent profiter de vacances reposantes et paisibles dans l&#8217;atmosph\u00e8re accueillante et d\u00e9contract\u00e9e de l&#8217;H\u00f4tel Villa Rodriguez, avec acc\u00e8s \u00e0 la plage priv\u00e9e enti\u00e8rement \u00e9quip\u00e9e de l&#8217;h\u00f4tel et \u00e0 divers services.<\/p>\t\t\n\t<\/div>\n<\/div>\t\t\t\t<\/div>\n\t\t\t\t<\/div>\n\t\t                    <\/div>\r\n        <\/div>\r\n        \t\t\t<\/div>\n\t\t<\/section>\n\t\t\t\t<\/div>\n\t\t","protected":false},"excerpt":{"rendered":"<p>Un paradis pour les plongeurs sur la plage de Naregno Avec un acc\u00e8s direct \u00e0 la mer et des services d\u00e9di\u00e9s aux plongeurs, l\u2019H\u00f4tel Villa Rodriguez offre un point de d\u00e9part id\u00e9al pour explorer les meilleurs sites de plong\u00e9e de l\u2019\u00eele, gr\u00e2ce \u00e0 des points d\u2019amarrage pratiques et des partenariats avec des centres de plong\u00e9e [&hellip;]<\/p>\n","protected":false},"author":1,"featured_media":0,"parent":0,"menu_order":0,"comment_status":"closed","ping_status":"closed","template":"","meta":{"footnotes":""},"class_list":["post-18024","page","type-page","status-publish","hentry"],"yoast_head":"<!-- This site is optimized with the Yoast SEO plugin v27.0 - https:\/\/yoast.com\/product\/yoast-seo-wordpress\/ -->\n<title>Excursions de plong\u00e9e - Hotel Villa Rodriguez direttamente sul mare all&#039;Isola d&#039;Elba<\/title>\n<meta name=\"robots\" content=\"index, follow, max-snippet:-1, max-image-preview:large, max-video-preview:-1\" \/>\n<link rel=\"canonical\" href=\"https:\/\/www.villarodriguez.it\/fr\/excursions-deplongee\/\" \/>\n<meta property=\"og:locale\" content=\"fr_FR\" \/>\n<meta property=\"og:type\" content=\"article\" \/>\n<meta property=\"og:title\" content=\"Excursions de plong\u00e9e - Hotel Villa Rodriguez direttamente sul mare all&#039;Isola d&#039;Elba\" \/>\n<meta property=\"og:description\" content=\"Un paradis pour les plongeurs sur la plage de Naregno Avec un acc\u00e8s direct \u00e0 la mer et des services d\u00e9di\u00e9s aux plongeurs, l\u2019H\u00f4tel Villa Rodriguez offre un point de d\u00e9part id\u00e9al pour explorer les meilleurs sites de plong\u00e9e de l\u2019\u00eele, gr\u00e2ce \u00e0 des points d\u2019amarrage pratiques et des partenariats avec des centres de plong\u00e9e [&hellip;]\" \/>\n<meta property=\"og:url\" content=\"https:\/\/www.villarodriguez.it\/fr\/excursions-deplongee\/\" \/>\n<meta property=\"og:site_name\" content=\"Hotel Villa Rodriguez direttamente sul mare all&#039;Isola d&#039;Elba\" \/>\n<meta property=\"article:publisher\" content=\"https:\/\/www.facebook.com\/hotelvillarodriguez\/\" \/>\n<meta property=\"article:modified_time\" content=\"2024-12-11T09:06:53+00:00\" \/>\n<meta property=\"og:image\" content=\"http:\/\/villarodriguez.youelba.com\/wp-content\/uploads\/2024\/10\/o_diving-dscn4457-1030x542.jpg\" \/>\n<meta name=\"twitter:card\" content=\"summary_large_image\" \/>\n<meta name=\"twitter:label1\" content=\"Dur\u00e9e de lecture estim\u00e9e\" \/>\n\t<meta name=\"twitter:data1\" content=\"4 minutes\" \/>\n<script type=\"application\/ld+json\" class=\"yoast-schema-graph\">{\"@context\":\"https:\/\/schema.org\",\"@graph\":[{\"@type\":\"WebPage\",\"@id\":\"https:\/\/www.villarodriguez.it\/fr\/excursions-deplongee\/\",\"url\":\"https:\/\/www.villarodriguez.it\/fr\/excursions-deplongee\/\",\"name\":\"Excursions de plong\u00e9e - Hotel Villa Rodriguez direttamente sul mare all&#039;Isola d&#039;Elba\",\"isPartOf\":{\"@id\":\"https:\/\/www.villarodriguez.it\/#website\"},\"primaryImageOfPage\":{\"@id\":\"https:\/\/www.villarodriguez.it\/fr\/excursions-deplongee\/#primaryimage\"},\"image\":{\"@id\":\"https:\/\/www.villarodriguez.it\/fr\/excursions-deplongee\/#primaryimage\"},\"thumbnailUrl\":\"http:\/\/villarodriguez.youelba.com\/wp-content\/uploads\/2024\/10\/o_diving-dscn4457-1030x542.jpg\",\"datePublished\":\"2024-10-16T19:01:03+00:00\",\"dateModified\":\"2024-12-11T09:06:53+00:00\",\"breadcrumb\":{\"@id\":\"https:\/\/www.villarodriguez.it\/fr\/excursions-deplongee\/#breadcrumb\"},\"inLanguage\":\"fr-FR\",\"potentialAction\":[{\"@type\":\"ReadAction\",\"target\":[\"https:\/\/www.villarodriguez.it\/fr\/excursions-deplongee\/\"]}]},{\"@type\":\"ImageObject\",\"inLanguage\":\"fr-FR\",\"@id\":\"https:\/\/www.villarodriguez.it\/fr\/excursions-deplongee\/#primaryimage\",\"url\":\"http:\/\/villarodriguez.youelba.com\/wp-content\/uploads\/2024\/10\/o_diving-dscn4457-1030x542.jpg\",\"contentUrl\":\"http:\/\/villarodriguez.youelba.com\/wp-content\/uploads\/2024\/10\/o_diving-dscn4457-1030x542.jpg\"},{\"@type\":\"BreadcrumbList\",\"@id\":\"https:\/\/www.villarodriguez.it\/fr\/excursions-deplongee\/#breadcrumb\",\"itemListElement\":[{\"@type\":\"ListItem\",\"position\":1,\"name\":\"Home\",\"item\":\"https:\/\/www.villarodriguez.it\/fr\/\"},{\"@type\":\"ListItem\",\"position\":2,\"name\":\"Excursions de plong\u00e9e\"}]},{\"@type\":\"WebSite\",\"@id\":\"https:\/\/www.villarodriguez.it\/#website\",\"url\":\"https:\/\/www.villarodriguez.it\/\",\"name\":\"Hotel Villa Rodriguez: Hotel sul mare all'Isola d'Elba\",\"description\":\"Il tuo soggiorno in Hotel sul mare all&#039;Isola d&#039;Elba. Camere confortevoli, vista mozzafiato, spiaggia privata per una vacanza da sogno.\",\"publisher\":{\"@id\":\"https:\/\/www.villarodriguez.it\/#organization\"},\"potentialAction\":[{\"@type\":\"SearchAction\",\"target\":{\"@type\":\"EntryPoint\",\"urlTemplate\":\"https:\/\/www.villarodriguez.it\/?s={search_term_string}\"},\"query-input\":{\"@type\":\"PropertyValueSpecification\",\"valueRequired\":true,\"valueName\":\"search_term_string\"}}],\"inLanguage\":\"fr-FR\"},{\"@type\":\"Organization\",\"@id\":\"https:\/\/www.villarodriguez.it\/#organization\",\"name\":\"Hotel Villa Rodriguez\",\"url\":\"https:\/\/www.villarodriguez.it\/\",\"logo\":{\"@type\":\"ImageObject\",\"inLanguage\":\"fr-FR\",\"@id\":\"https:\/\/www.villarodriguez.it\/#\/schema\/logo\/image\/\",\"url\":\"https:\/\/www.villarodriguez.it\/wp-content\/uploads\/2024\/10\/logo-esteso-trasparente.png\",\"contentUrl\":\"https:\/\/www.villarodriguez.it\/wp-content\/uploads\/2024\/10\/logo-esteso-trasparente.png\",\"width\":800,\"height\":352,\"caption\":\"Hotel Villa Rodriguez\"},\"image\":{\"@id\":\"https:\/\/www.villarodriguez.it\/#\/schema\/logo\/image\/\"},\"sameAs\":[\"https:\/\/www.facebook.com\/hotelvillarodriguez\/\",\"https:\/\/www.instagram.com\/hotelvillarodriguez\/\"]}]}<\/script>\n<!-- \/ Yoast SEO plugin. -->","yoast_head_json":{"title":"Excursions de plong\u00e9e - Hotel Villa Rodriguez direttamente sul mare all&#039;Isola d&#039;Elba","robots":{"index":"index","follow":"follow","max-snippet":"max-snippet:-1","max-image-preview":"max-image-preview:large","max-video-preview":"max-video-preview:-1"},"canonical":"https:\/\/www.villarodriguez.it\/fr\/excursions-deplongee\/","og_locale":"fr_FR","og_type":"article","og_title":"Excursions de plong\u00e9e - Hotel Villa Rodriguez direttamente sul mare all&#039;Isola d&#039;Elba","og_description":"Un paradis pour les plongeurs sur la plage de Naregno Avec un acc\u00e8s direct \u00e0 la mer et des services d\u00e9di\u00e9s aux plongeurs, l\u2019H\u00f4tel Villa Rodriguez offre un point de d\u00e9part id\u00e9al pour explorer les meilleurs sites de plong\u00e9e de l\u2019\u00eele, gr\u00e2ce \u00e0 des points d\u2019amarrage pratiques et des partenariats avec des centres de plong\u00e9e [&hellip;]","og_url":"https:\/\/www.villarodriguez.it\/fr\/excursions-deplongee\/","og_site_name":"Hotel Villa Rodriguez direttamente sul mare all&#039;Isola d&#039;Elba","article_publisher":"https:\/\/www.facebook.com\/hotelvillarodriguez\/","article_modified_time":"2024-12-11T09:06:53+00:00","og_image":[{"url":"http:\/\/villarodriguez.youelba.com\/wp-content\/uploads\/2024\/10\/o_diving-dscn4457-1030x542.jpg","type":"","width":"","height":""}],"twitter_card":"summary_large_image","twitter_misc":{"Dur\u00e9e de lecture estim\u00e9e":"4 minutes"},"schema":{"@context":"https:\/\/schema.org","@graph":[{"@type":"WebPage","@id":"https:\/\/www.villarodriguez.it\/fr\/excursions-deplongee\/","url":"https:\/\/www.villarodriguez.it\/fr\/excursions-deplongee\/","name":"Excursions de plong\u00e9e - Hotel Villa Rodriguez direttamente sul mare all&#039;Isola d&#039;Elba","isPartOf":{"@id":"https:\/\/www.villarodriguez.it\/#website"},"primaryImageOfPage":{"@id":"https:\/\/www.villarodriguez.it\/fr\/excursions-deplongee\/#primaryimage"},"image":{"@id":"https:\/\/www.villarodriguez.it\/fr\/excursions-deplongee\/#primaryimage"},"thumbnailUrl":"http:\/\/villarodriguez.youelba.com\/wp-content\/uploads\/2024\/10\/o_diving-dscn4457-1030x542.jpg","datePublished":"2024-10-16T19:01:03+00:00","dateModified":"2024-12-11T09:06:53+00:00","breadcrumb":{"@id":"https:\/\/www.villarodriguez.it\/fr\/excursions-deplongee\/#breadcrumb"},"inLanguage":"fr-FR","potentialAction":[{"@type":"ReadAction","target":["https:\/\/www.villarodriguez.it\/fr\/excursions-deplongee\/"]}]},{"@type":"ImageObject","inLanguage":"fr-FR","@id":"https:\/\/www.villarodriguez.it\/fr\/excursions-deplongee\/#primaryimage","url":"http:\/\/villarodriguez.youelba.com\/wp-content\/uploads\/2024\/10\/o_diving-dscn4457-1030x542.jpg","contentUrl":"http:\/\/villarodriguez.youelba.com\/wp-content\/uploads\/2024\/10\/o_diving-dscn4457-1030x542.jpg"},{"@type":"BreadcrumbList","@id":"https:\/\/www.villarodriguez.it\/fr\/excursions-deplongee\/#breadcrumb","itemListElement":[{"@type":"ListItem","position":1,"name":"Home","item":"https:\/\/www.villarodriguez.it\/fr\/"},{"@type":"ListItem","position":2,"name":"Excursions de plong\u00e9e"}]},{"@type":"WebSite","@id":"https:\/\/www.villarodriguez.it\/#website","url":"https:\/\/www.villarodriguez.it\/","name":"Hotel Villa Rodriguez: Hotel sul mare all'Isola d'Elba","description":"Il tuo soggiorno in Hotel sul mare all&#039;Isola d&#039;Elba. Camere confortevoli, vista mozzafiato, spiaggia privata per una vacanza da sogno.","publisher":{"@id":"https:\/\/www.villarodriguez.it\/#organization"},"potentialAction":[{"@type":"SearchAction","target":{"@type":"EntryPoint","urlTemplate":"https:\/\/www.villarodriguez.it\/?s={search_term_string}"},"query-input":{"@type":"PropertyValueSpecification","valueRequired":true,"valueName":"search_term_string"}}],"inLanguage":"fr-FR"},{"@type":"Organization","@id":"https:\/\/www.villarodriguez.it\/#organization","name":"Hotel Villa Rodriguez","url":"https:\/\/www.villarodriguez.it\/","logo":{"@type":"ImageObject","inLanguage":"fr-FR","@id":"https:\/\/www.villarodriguez.it\/#\/schema\/logo\/image\/","url":"https:\/\/www.villarodriguez.it\/wp-content\/uploads\/2024\/10\/logo-esteso-trasparente.png","contentUrl":"https:\/\/www.villarodriguez.it\/wp-content\/uploads\/2024\/10\/logo-esteso-trasparente.png","width":800,"height":352,"caption":"Hotel Villa Rodriguez"},"image":{"@id":"https:\/\/www.villarodriguez.it\/#\/schema\/logo\/image\/"},"sameAs":["https:\/\/www.facebook.com\/hotelvillarodriguez\/","https:\/\/www.instagram.com\/hotelvillarodriguez\/"]}]}},"_links":{"self":[{"href":"https:\/\/www.villarodriguez.it\/fr\/wp-json\/wp\/v2\/pages\/18024","targetHints":{"allow":["GET"]}}],"collection":[{"href":"https:\/\/www.villarodriguez.it\/fr\/wp-json\/wp\/v2\/pages"}],"about":[{"href":"https:\/\/www.villarodriguez.it\/fr\/wp-json\/wp\/v2\/types\/page"}],"author":[{"embeddable":true,"href":"https:\/\/www.villarodriguez.it\/fr\/wp-json\/wp\/v2\/users\/1"}],"replies":[{"embeddable":true,"href":"https:\/\/www.villarodriguez.it\/fr\/wp-json\/wp\/v2\/comments?post=18024"}],"version-history":[{"count":5,"href":"https:\/\/www.villarodriguez.it\/fr\/wp-json\/wp\/v2\/pages\/18024\/revisions"}],"predecessor-version":[{"id":18703,"href":"https:\/\/www.villarodriguez.it\/fr\/wp-json\/wp\/v2\/pages\/18024\/revisions\/18703"}],"wp:attachment":[{"href":"https:\/\/www.villarodriguez.it\/fr\/wp-json\/wp\/v2\/media?parent=18024"}],"curies":[{"name":"wp","href":"https:\/\/api.w.org\/{rel}","templated":true}]}}