{"id":18004,"date":"2024-10-15T14:49:47","date_gmt":"2024-10-15T12:49:47","guid":{"rendered":"http:\/\/villarodriguez.youelba.com\/appartamento\/"},"modified":"2024-12-11T10:03:58","modified_gmt":"2024-12-11T09:03:58","slug":"appartement","status":"publish","type":"page","link":"https:\/\/www.villarodriguez.it\/fr\/appartement\/","title":{"rendered":"Appartement"},"content":{"rendered":"\t\t<div data-elementor-type=\"wp-page\" data-elementor-id=\"18004\" class=\"elementor elementor-18004 elementor-17190\">\n\t\t\t\t        <section class=\"elementor-section elementor-top-section elementor-element elementor-element-8160999 elementor-section-full_width elementor-section-height-default elementor-section-height-default pxl-section-offset-none pxl-section-static-pos-no pxl-section-overflow-hidden-no pxl-container-margin-auto-no\" data-id=\"8160999\" data-element_type=\"section\" data-settings=\"{&quot;background_background&quot;:&quot;classic&quot;}\">\n\n                \n                <div class=\"elementor-container elementor-column-gap-no \">\n                <div class=\"elementor-column elementor-col-100 elementor-top-column elementor-element elementor-element-85f8d99 col-offset-none pxl-column-element-default pxl-column-overflow-hidden-no\" data-id=\"85f8d99\" data-element_type=\"column\">\r\n        <div class=\"elementor-widget-wrap elementor-element-populated\">\r\n                    \t\t<div class=\"elementor-element elementor-element-67efa74 elementor-invisible pxl-elementor-animate elementor-widget elementor-widget-pxl_text_editor\" data-id=\"67efa74\" data-element_type=\"widget\" data-settings=\"{&quot;_animation&quot;:&quot;fadeInUp&quot;}\" data-widget_type=\"pxl_text_editor.default\">\n\t\t\t\t<div class=\"elementor-widget-container\">\n\t\t\t\t\t<div id=\"pxl_text_editor-67efa74-8229\" class=\"pxl-text-editor-wrap d-flex \" >\n\t<div class=\"pxl-text-editor elementor-clearfix\">\n\t\t<h4>\u00c0 quelques m\u00e8tres de l&#8217;H\u00f4tel Villa Rodriguez, sur le promontoire du Capo della Tavola\u2014\u00e9galement connu sous le nom de Punta Principessa pour ceux qui connaissent la vieille l\u00e9gende\u2014vous trouverez l&#8217;appartement de l&#8217;H\u00f4tel Villa Rodriguez.<\/h4>\t\t\n\t<\/div>\n<\/div>\t\t\t\t<\/div>\n\t\t\t\t<\/div>\n\t\t\t\t<div class=\"elementor-element elementor-element-bb468e6 elementor-invisible pxl-elementor-animate elementor-widget elementor-widget-pxl_text_editor\" data-id=\"bb468e6\" data-element_type=\"widget\" data-settings=\"{&quot;_animation&quot;:&quot;fadeInUp&quot;}\" data-widget_type=\"pxl_text_editor.default\">\n\t\t\t\t<div class=\"elementor-widget-container\">\n\t\t\t\t\t<div id=\"pxl_text_editor-bb468e6-1718\" class=\"pxl-text-editor-wrap d-flex \" >\n\t<div class=\"pxl-text-editor elementor-clearfix\">\n\t\t<p>\u00c0 quelques m\u00e8tres de l&#8217;H\u00f4tel Villa Rodriguez, sur le promontoire du Capo della Tavola\u2014\u00e9galement connu sous le nom de Punta Principessa pour ceux qui connaissent la vieille l\u00e9gende\u2014vous trouverez l&#8217;appartement de l&#8217;H\u00f4tel Villa Rodriguez.<br \/>Nich\u00e9e dans une pin\u00e8de, l&#8217;Appartement Maestrale se trouve dans un emplacement unique : entour\u00e9e par la beaut\u00e9 naturelle de la baie de Porto Azzurro. Depuis sa position \u00e9lev\u00e9e, la villa b\u00e9n\u00e9ficie d&#8217;une vue panoramique enviable sur l&#8217;ensemble de la baie, avec la ville et le port pittoresque de Porto Azzurro d&#8217;un c\u00f4t\u00e9 et la forteresse de Focardo de l&#8217;autre. Cette vue peut \u00eatre pleinement appr\u00e9ci\u00e9e depuis la grande terrasse panoramique qui longe l&#8217;appartement, \u00e9quip\u00e9e d&#8217;une petite table, de chaises et de chaises longues.<\/p><p>Les clients peuvent acc\u00e9der directement \u00e0 la mer depuis les rochers en contrebas ou depuis la plage de Naregno, o\u00f9 ils peuvent profiter de la zone priv\u00e9e de l&#8217;H\u00f4tel Villa Rodriguez, \u00e9quip\u00e9e de parasols et de chaises longues, ou utiliser la plage publique adjacente.<\/p><p>Simplement et confortablement meubl\u00e9, l&#8217;Appartement Maestrale comprend deux chambres doubles, un salon, une kitchenette s\u00e9par\u00e9e avec r\u00e9frig\u00e9rateur et four, et une salle de bains avec douche.<\/p>\t\t\n\t<\/div>\n<\/div>\t\t\t\t<\/div>\n\t\t\t\t<\/div>\n\t\t\t\t<div class=\"elementor-element elementor-element-3c328e4 elementor-widget elementor-widget-pxl_divider\" data-id=\"3c328e4\" data-element_type=\"widget\" data-widget_type=\"pxl_divider.default\">\n\t\t\t\t<div class=\"elementor-widget-container\">\n\t\t\t\t\t<div class=\"pxl-divider horizontal animated normal\"><div class=\"pxl-divider-separator\"><\/div><\/div>\t\t\t\t<\/div>\n\t\t\t\t<\/div>\n\t\t\t\t<div class=\"elementor-element elementor-element-d0f962b pxl-swiper-arrows-true pxl-gallery-carousel-layout-1 pxl-swiper-dots-false pxl-swiper-dots-color-mode-df elementor-widget elementor-widget-pxl_gallery_carousel\" data-id=\"d0f962b\" data-element_type=\"widget\" data-widget_type=\"pxl_gallery_carousel.default\">\n\t\t\t\t<div class=\"elementor-widget-container\">\n\t\t\t\t\t \r\n<div class=\"pxl-swiper-slider pxl-gallery-carousel layout-1\">\r\n    <div class=\"pxl-swiper-slider-wrap pxl-carousel-inner overflow-hidden\">\r\n        <div class=\"pxl-swiper-container\" dir=\"ltr\" data-settings=\"{&quot;slide_direction&quot;:&quot;horizontal&quot;,&quot;slide_percolumn&quot;:1,&quot;slide_mode&quot;:&quot;slide&quot;,&quot;slides_to_show_xxl&quot;:1.82,&quot;slides_to_show&quot;:1.82,&quot;slides_to_show_lg&quot;:1.8,&quot;slides_to_show_md&quot;:1.8,&quot;slides_to_show_sm&quot;:1.8,&quot;slides_to_show_xs&quot;:1,&quot;slides_to_scroll&quot;:1,&quot;slides_gutter&quot;:30,&quot;center_slide&quot;:&quot;true&quot;,&quot;dots_style&quot;:&quot;bullets&quot;,&quot;autoplay&quot;:false,&quot;pause_on_hover&quot;:false,&quot;pause_on_interaction&quot;:true,&quot;delay&quot;:5000,&quot;loop&quot;:true,&quot;speed&quot;:500}\">\r\n            <div class=\"pxl-swiper-wrapper swiper-wrapper\">\r\n                                    <div class=\"pxl-swiper-slide swiper-slide\">\r\n                        <div class=\"item-inner relative overflow-hidden\">\r\n                                                            <div class=\"item-image relative\">\r\n                                    <img fetchpriority=\"high\" decoding=\"async\" class=\"no-lazyload \" src=\"https:\/\/www.villarodriguez.it\/wp-content\/uploads\/2024\/10\/buona-57HDR-1030x542.jpg\" width=\"1030\" height=\"542\" alt=\"Appartamento Pineta - esterno\" title=\"Appartamento Pineta - esterno\" \/>                                <\/div>\r\n                                                    <\/div>\r\n                                            <\/div>\r\n                                    <div class=\"pxl-swiper-slide swiper-slide\">\r\n                        <div class=\"item-inner relative overflow-hidden\">\r\n                                                            <div class=\"item-image relative\">\r\n                                    <img decoding=\"async\" class=\"no-lazyload \" src=\"https:\/\/www.villarodriguez.it\/wp-content\/uploads\/2024\/10\/Appartamento-Pineta_8-Copia-1030x542.jpg\" width=\"1030\" height=\"542\" alt=\"Appartamento Pineta - Soggiorno\" title=\"Appartamento Pineta - Soggiorno\" \/>                                <\/div>\r\n                                                    <\/div>\r\n                                            <\/div>\r\n                                    <div class=\"pxl-swiper-slide swiper-slide\">\r\n                        <div class=\"item-inner relative overflow-hidden\">\r\n                                                            <div class=\"item-image relative\">\r\n                                    <img decoding=\"async\" class=\"no-lazyload \" src=\"https:\/\/www.villarodriguez.it\/wp-content\/uploads\/2024\/10\/Appartamento-Pineta_10-Copia-1030x542.jpg\" width=\"1030\" height=\"542\" alt=\"Appartamento Pineta - Camera Matrimoniale\" title=\"Appartamento Pineta - Camera Matrimoniale\" \/>                                <\/div>\r\n                                                    <\/div>\r\n                                            <\/div>\r\n                                    <div class=\"pxl-swiper-slide swiper-slide\">\r\n                        <div class=\"item-inner relative overflow-hidden\">\r\n                                                            <div class=\"item-image relative\">\r\n                                    <img loading=\"lazy\" decoding=\"async\" class=\"no-lazyload \" src=\"https:\/\/www.villarodriguez.it\/wp-content\/uploads\/2024\/10\/Appartamento-Pineta_11-Copia-1030x542.jpg\" width=\"1030\" height=\"542\" alt=\"Appartamento Pineta - Camera matrimoniale\" title=\"Appartamento Pineta - Camera matrimoniale\" \/>                                <\/div>\r\n                                                    <\/div>\r\n                                            <\/div>\r\n                                    <div class=\"pxl-swiper-slide swiper-slide\">\r\n                        <div class=\"item-inner relative overflow-hidden\">\r\n                                                            <div class=\"item-image relative\">\r\n                                    <img loading=\"lazy\" decoding=\"async\" class=\"no-lazyload \" src=\"https:\/\/www.villarodriguez.it\/wp-content\/uploads\/2024\/10\/Appartamento-Pineta_13-Copia-1030x542.jpg\" width=\"1030\" height=\"542\" alt=\"Appartamento Pineta - Camera doppia\" title=\"Appartamento Pineta - Camera doppia\" \/>                                <\/div>\r\n                                                    <\/div>\r\n                                            <\/div>\r\n                                    <div class=\"pxl-swiper-slide swiper-slide\">\r\n                        <div class=\"item-inner relative overflow-hidden\">\r\n                                                            <div class=\"item-image relative\">\r\n                                    <img loading=\"lazy\" decoding=\"async\" class=\"no-lazyload \" src=\"https:\/\/www.villarodriguez.it\/wp-content\/uploads\/2024\/10\/buona-62HDR-1030x542.jpg\" width=\"1030\" height=\"542\" alt=\"Appartamento Pineta - vista\" title=\"Appartamento Pineta - vista\" \/>                                <\/div>\r\n                                                    <\/div>\r\n                                            <\/div>\r\n                                    <div class=\"pxl-swiper-slide swiper-slide\">\r\n                        <div class=\"item-inner relative overflow-hidden\">\r\n                                                            <div class=\"item-image relative\">\r\n                                    <img loading=\"lazy\" decoding=\"async\" class=\"no-lazyload \" src=\"https:\/\/www.villarodriguez.it\/wp-content\/uploads\/2024\/10\/buona-64-1030x542.jpg\" width=\"1030\" height=\"542\" alt=\"Appartamento Pineta - esterno\" title=\"Appartamento Pineta - esterno\" \/>                                <\/div>\r\n                                                    <\/div>\r\n                                            <\/div>\r\n                                    <div class=\"pxl-swiper-slide swiper-slide\">\r\n                        <div class=\"item-inner relative overflow-hidden\">\r\n                                                            <div class=\"item-image relative\">\r\n                                    <img loading=\"lazy\" decoding=\"async\" class=\"no-lazyload \" src=\"https:\/\/www.villarodriguez.it\/wp-content\/uploads\/2024\/10\/buona-51-1030x542.jpg\" width=\"1030\" height=\"542\" alt=\"Appartamento Pineta - esterno\" title=\"Appartamento Pineta - esterno\" \/>                                <\/div>\r\n                                                    <\/div>\r\n                                            <\/div>\r\n                            <\/div>    \r\n        <\/div>\r\n    <\/div>\r\n            <div class=\"pxl-swiper-arrows nav-in-vertical \">\r\n            <div class=\"pxl-swiper-arrow pxl-swiper-arrow-prev\"><span class=\"pxl-icon pxli-left-arrow\"><\/span><\/div>\r\n            <div class=\"pxl-swiper-arrow pxl-swiper-arrow-next\"><span class=\"pxl-icon pxli-right-arrow\"><\/span><\/div>\r\n        <\/div>\r\n        <\/div>\r\n \r\n\t\t\t\t<\/div>\n\t\t\t\t<\/div>\n\t\t                    <\/div>\r\n        <\/div>\r\n        \t\t\t<\/div>\n\t\t<\/section>\n\t\t        <section class=\"elementor-section elementor-top-section elementor-element elementor-element-d381a17 elementor-section-boxed elementor-section-height-default elementor-section-height-default pxl-section-static-pos-no pxl-section-overflow-hidden-no pxl-container-margin-auto-no\" data-id=\"d381a17\" data-element_type=\"section\">\n\n                \n                <div class=\"elementor-container elementor-column-gap-default \">\n                <div class=\"elementor-column elementor-col-100 elementor-top-column elementor-element elementor-element-f0128ef col-offset-none pxl-column-element-default pxl-column-overflow-hidden-no\" data-id=\"f0128ef\" data-element_type=\"column\">\r\n        <div class=\"elementor-widget-wrap elementor-element-populated\">\r\n                    \t\t<div class=\"elementor-element elementor-element-a7e0cdc elementor-widget elementor-widget-pxl_divider\" data-id=\"a7e0cdc\" data-element_type=\"widget\" data-widget_type=\"pxl_divider.default\">\n\t\t\t\t<div class=\"elementor-widget-container\">\n\t\t\t\t\t<div class=\"pxl-divider horizontal animated normal\"><div class=\"pxl-divider-separator\"><\/div><\/div>\t\t\t\t<\/div>\n\t\t\t\t<\/div>\n\t\t                    <\/div>\r\n        <\/div>\r\n        \t\t\t<\/div>\n\t\t<\/section>\n\t\t        <section class=\"elementor-section elementor-top-section elementor-element elementor-element-5b8e6fa elementor-section-boxed elementor-section-height-default elementor-section-height-default pxl-section-static-pos-no pxl-section-overflow-hidden-no pxl-container-margin-auto-no\" data-id=\"5b8e6fa\" data-element_type=\"section\">\n\n                \n                <div class=\"elementor-container elementor-column-gap-default \">\n                <div class=\"elementor-column elementor-col-100 elementor-top-column elementor-element elementor-element-8f9161c pxl-column-element-grow col-offset-none pxl-column-overflow-hidden-no\" data-id=\"8f9161c\" data-element_type=\"column\">\r\n        <div class=\"elementor-widget-wrap elementor-element-populated\">\r\n                    \t\t<div class=\"elementor-element elementor-element-1ab5f12 elementor-widget elementor-widget-pxl_text_editor\" data-id=\"1ab5f12\" data-element_type=\"widget\" data-widget_type=\"pxl_text_editor.default\">\n\t\t\t\t<div class=\"elementor-widget-container\">\n\t\t\t\t\t<div id=\"pxl_text_editor-1ab5f12-8804\" class=\"pxl-text-editor-wrap d-flex \" >\n\t<div class=\"pxl-text-editor elementor-clearfix\">\n\t\t<p>L&#8217;appartement est \u00e9quip\u00e9 de tous les conforts n\u00e9cessaires pour le rendre accueillant et hospitalier, id\u00e9al pour de merveilleuses vacances en famille avec enfants ou en couple. Il comprend une t\u00e9l\u00e9vision, une machine \u00e0 laver, un chauffage et un parking priv\u00e9.<\/p><p>Situ\u00e9 \u00e0 quelques pas de l&#8217;H\u00f4tel Villa Rodriguez, les clients de l&#8217;appartement peuvent facilement acc\u00e9der \u00e0 certains services propos\u00e9s par l&#8217;h\u00f4tel. En m\u00eame temps, l&#8217;entr\u00e9e s\u00e9par\u00e9e et l&#8217;emplacement isol\u00e9 garantissent une tranquillit\u00e9 totale dans la villa priv\u00e9e, isol\u00e9e des activit\u00e9s anim\u00e9es de la plage.<\/p>\t\t\n\t<\/div>\n<\/div>\t\t\t\t<\/div>\n\t\t\t\t<\/div>\n\t\t                    <\/div>\r\n        <\/div>\r\n        \t\t\t<\/div>\n\t\t<\/section>\n\t\t\t\t<\/div>\n\t\t","protected":false},"excerpt":{"rendered":"<p>\u00c0 quelques m\u00e8tres de l\u2019H\u00f4tel Villa Rodriguez, sur le promontoire du Capo della Tavola\u2014\u00e9galement connu sous le nom de Punta Principessa pour ceux qui connaissent la vieille l\u00e9gende\u2014vous trouverez l\u2019appartement de l\u2019H\u00f4tel Villa Rodriguez. \u00c0 quelques m\u00e8tres de l\u2019H\u00f4tel Villa Rodriguez, sur le promontoire du Capo della Tavola\u2014\u00e9galement connu sous le nom de Punta Principessa [&hellip;]<\/p>\n","protected":false},"author":1,"featured_media":0,"parent":0,"menu_order":0,"comment_status":"closed","ping_status":"closed","template":"","meta":{"footnotes":""},"class_list":["post-18004","page","type-page","status-publish","hentry"],"yoast_head":"<!-- This site is optimized with the Yoast SEO plugin v27.0 - https:\/\/yoast.com\/product\/yoast-seo-wordpress\/ -->\n<title>Appartement - Hotel Villa Rodriguez direttamente sul mare all&#039;Isola d&#039;Elba<\/title>\n<meta name=\"robots\" content=\"index, follow, max-snippet:-1, max-image-preview:large, max-video-preview:-1\" \/>\n<link rel=\"canonical\" href=\"https:\/\/www.villarodriguez.it\/fr\/appartement\/\" \/>\n<meta property=\"og:locale\" content=\"fr_FR\" \/>\n<meta property=\"og:type\" content=\"article\" \/>\n<meta property=\"og:title\" content=\"Appartement - Hotel Villa Rodriguez direttamente sul mare all&#039;Isola d&#039;Elba\" \/>\n<meta property=\"og:description\" content=\"\u00c0 quelques m\u00e8tres de l\u2019H\u00f4tel Villa Rodriguez, sur le promontoire du Capo della Tavola\u2014\u00e9galement connu sous le nom de Punta Principessa pour ceux qui connaissent la vieille l\u00e9gende\u2014vous trouverez l\u2019appartement de l\u2019H\u00f4tel Villa Rodriguez. \u00c0 quelques m\u00e8tres de l\u2019H\u00f4tel Villa Rodriguez, sur le promontoire du Capo della Tavola\u2014\u00e9galement connu sous le nom de Punta Principessa [&hellip;]\" \/>\n<meta property=\"og:url\" content=\"https:\/\/www.villarodriguez.it\/fr\/appartement\/\" \/>\n<meta property=\"og:site_name\" content=\"Hotel Villa Rodriguez direttamente sul mare all&#039;Isola d&#039;Elba\" \/>\n<meta property=\"article:publisher\" content=\"https:\/\/www.facebook.com\/hotelvillarodriguez\/\" \/>\n<meta property=\"article:modified_time\" content=\"2024-12-11T09:03:58+00:00\" \/>\n<meta property=\"og:image\" content=\"http:\/\/villarodriguez.youelba.com\/wp-content\/uploads\/2024\/10\/buona-57HDR-1030x542.jpg\" \/>\n<meta name=\"twitter:card\" content=\"summary_large_image\" \/>\n<meta name=\"twitter:label1\" content=\"Dur\u00e9e de lecture estim\u00e9e\" \/>\n\t<meta name=\"twitter:data1\" content=\"4 minutes\" \/>\n<script type=\"application\/ld+json\" class=\"yoast-schema-graph\">{\"@context\":\"https:\/\/schema.org\",\"@graph\":[{\"@type\":\"WebPage\",\"@id\":\"https:\/\/www.villarodriguez.it\/fr\/appartement\/\",\"url\":\"https:\/\/www.villarodriguez.it\/fr\/appartement\/\",\"name\":\"Appartement - Hotel Villa Rodriguez direttamente sul mare all&#039;Isola d&#039;Elba\",\"isPartOf\":{\"@id\":\"https:\/\/www.villarodriguez.it\/#website\"},\"primaryImageOfPage\":{\"@id\":\"https:\/\/www.villarodriguez.it\/fr\/appartement\/#primaryimage\"},\"image\":{\"@id\":\"https:\/\/www.villarodriguez.it\/fr\/appartement\/#primaryimage\"},\"thumbnailUrl\":\"http:\/\/villarodriguez.youelba.com\/wp-content\/uploads\/2024\/10\/buona-57HDR-1030x542.jpg\",\"datePublished\":\"2024-10-15T12:49:47+00:00\",\"dateModified\":\"2024-12-11T09:03:58+00:00\",\"breadcrumb\":{\"@id\":\"https:\/\/www.villarodriguez.it\/fr\/appartement\/#breadcrumb\"},\"inLanguage\":\"fr-FR\",\"potentialAction\":[{\"@type\":\"ReadAction\",\"target\":[\"https:\/\/www.villarodriguez.it\/fr\/appartement\/\"]}]},{\"@type\":\"ImageObject\",\"inLanguage\":\"fr-FR\",\"@id\":\"https:\/\/www.villarodriguez.it\/fr\/appartement\/#primaryimage\",\"url\":\"http:\/\/villarodriguez.youelba.com\/wp-content\/uploads\/2024\/10\/buona-57HDR-1030x542.jpg\",\"contentUrl\":\"http:\/\/villarodriguez.youelba.com\/wp-content\/uploads\/2024\/10\/buona-57HDR-1030x542.jpg\"},{\"@type\":\"BreadcrumbList\",\"@id\":\"https:\/\/www.villarodriguez.it\/fr\/appartement\/#breadcrumb\",\"itemListElement\":[{\"@type\":\"ListItem\",\"position\":1,\"name\":\"Home\",\"item\":\"https:\/\/www.villarodriguez.it\/fr\/\"},{\"@type\":\"ListItem\",\"position\":2,\"name\":\"Appartement\"}]},{\"@type\":\"WebSite\",\"@id\":\"https:\/\/www.villarodriguez.it\/#website\",\"url\":\"https:\/\/www.villarodriguez.it\/\",\"name\":\"Hotel Villa Rodriguez: Hotel sul mare all'Isola d'Elba\",\"description\":\"Il tuo soggiorno in Hotel sul mare all&#039;Isola d&#039;Elba. Camere confortevoli, vista mozzafiato, spiaggia privata per una vacanza da sogno.\",\"publisher\":{\"@id\":\"https:\/\/www.villarodriguez.it\/#organization\"},\"potentialAction\":[{\"@type\":\"SearchAction\",\"target\":{\"@type\":\"EntryPoint\",\"urlTemplate\":\"https:\/\/www.villarodriguez.it\/?s={search_term_string}\"},\"query-input\":{\"@type\":\"PropertyValueSpecification\",\"valueRequired\":true,\"valueName\":\"search_term_string\"}}],\"inLanguage\":\"fr-FR\"},{\"@type\":\"Organization\",\"@id\":\"https:\/\/www.villarodriguez.it\/#organization\",\"name\":\"Hotel Villa Rodriguez\",\"url\":\"https:\/\/www.villarodriguez.it\/\",\"logo\":{\"@type\":\"ImageObject\",\"inLanguage\":\"fr-FR\",\"@id\":\"https:\/\/www.villarodriguez.it\/#\/schema\/logo\/image\/\",\"url\":\"https:\/\/www.villarodriguez.it\/wp-content\/uploads\/2024\/10\/logo-esteso-trasparente.png\",\"contentUrl\":\"https:\/\/www.villarodriguez.it\/wp-content\/uploads\/2024\/10\/logo-esteso-trasparente.png\",\"width\":800,\"height\":352,\"caption\":\"Hotel Villa Rodriguez\"},\"image\":{\"@id\":\"https:\/\/www.villarodriguez.it\/#\/schema\/logo\/image\/\"},\"sameAs\":[\"https:\/\/www.facebook.com\/hotelvillarodriguez\/\",\"https:\/\/www.instagram.com\/hotelvillarodriguez\/\"]}]}<\/script>\n<!-- \/ Yoast SEO plugin. -->","yoast_head_json":{"title":"Appartement - Hotel Villa Rodriguez direttamente sul mare all&#039;Isola d&#039;Elba","robots":{"index":"index","follow":"follow","max-snippet":"max-snippet:-1","max-image-preview":"max-image-preview:large","max-video-preview":"max-video-preview:-1"},"canonical":"https:\/\/www.villarodriguez.it\/fr\/appartement\/","og_locale":"fr_FR","og_type":"article","og_title":"Appartement - Hotel Villa Rodriguez direttamente sul mare all&#039;Isola d&#039;Elba","og_description":"\u00c0 quelques m\u00e8tres de l\u2019H\u00f4tel Villa Rodriguez, sur le promontoire du Capo della Tavola\u2014\u00e9galement connu sous le nom de Punta Principessa pour ceux qui connaissent la vieille l\u00e9gende\u2014vous trouverez l\u2019appartement de l\u2019H\u00f4tel Villa Rodriguez. \u00c0 quelques m\u00e8tres de l\u2019H\u00f4tel Villa Rodriguez, sur le promontoire du Capo della Tavola\u2014\u00e9galement connu sous le nom de Punta Principessa [&hellip;]","og_url":"https:\/\/www.villarodriguez.it\/fr\/appartement\/","og_site_name":"Hotel Villa Rodriguez direttamente sul mare all&#039;Isola d&#039;Elba","article_publisher":"https:\/\/www.facebook.com\/hotelvillarodriguez\/","article_modified_time":"2024-12-11T09:03:58+00:00","og_image":[{"url":"http:\/\/villarodriguez.youelba.com\/wp-content\/uploads\/2024\/10\/buona-57HDR-1030x542.jpg","type":"","width":"","height":""}],"twitter_card":"summary_large_image","twitter_misc":{"Dur\u00e9e de lecture estim\u00e9e":"4 minutes"},"schema":{"@context":"https:\/\/schema.org","@graph":[{"@type":"WebPage","@id":"https:\/\/www.villarodriguez.it\/fr\/appartement\/","url":"https:\/\/www.villarodriguez.it\/fr\/appartement\/","name":"Appartement - Hotel Villa Rodriguez direttamente sul mare all&#039;Isola d&#039;Elba","isPartOf":{"@id":"https:\/\/www.villarodriguez.it\/#website"},"primaryImageOfPage":{"@id":"https:\/\/www.villarodriguez.it\/fr\/appartement\/#primaryimage"},"image":{"@id":"https:\/\/www.villarodriguez.it\/fr\/appartement\/#primaryimage"},"thumbnailUrl":"http:\/\/villarodriguez.youelba.com\/wp-content\/uploads\/2024\/10\/buona-57HDR-1030x542.jpg","datePublished":"2024-10-15T12:49:47+00:00","dateModified":"2024-12-11T09:03:58+00:00","breadcrumb":{"@id":"https:\/\/www.villarodriguez.it\/fr\/appartement\/#breadcrumb"},"inLanguage":"fr-FR","potentialAction":[{"@type":"ReadAction","target":["https:\/\/www.villarodriguez.it\/fr\/appartement\/"]}]},{"@type":"ImageObject","inLanguage":"fr-FR","@id":"https:\/\/www.villarodriguez.it\/fr\/appartement\/#primaryimage","url":"http:\/\/villarodriguez.youelba.com\/wp-content\/uploads\/2024\/10\/buona-57HDR-1030x542.jpg","contentUrl":"http:\/\/villarodriguez.youelba.com\/wp-content\/uploads\/2024\/10\/buona-57HDR-1030x542.jpg"},{"@type":"BreadcrumbList","@id":"https:\/\/www.villarodriguez.it\/fr\/appartement\/#breadcrumb","itemListElement":[{"@type":"ListItem","position":1,"name":"Home","item":"https:\/\/www.villarodriguez.it\/fr\/"},{"@type":"ListItem","position":2,"name":"Appartement"}]},{"@type":"WebSite","@id":"https:\/\/www.villarodriguez.it\/#website","url":"https:\/\/www.villarodriguez.it\/","name":"Hotel Villa Rodriguez: Hotel sul mare all'Isola d'Elba","description":"Il tuo soggiorno in Hotel sul mare all&#039;Isola d&#039;Elba. Camere confortevoli, vista mozzafiato, spiaggia privata per una vacanza da sogno.","publisher":{"@id":"https:\/\/www.villarodriguez.it\/#organization"},"potentialAction":[{"@type":"SearchAction","target":{"@type":"EntryPoint","urlTemplate":"https:\/\/www.villarodriguez.it\/?s={search_term_string}"},"query-input":{"@type":"PropertyValueSpecification","valueRequired":true,"valueName":"search_term_string"}}],"inLanguage":"fr-FR"},{"@type":"Organization","@id":"https:\/\/www.villarodriguez.it\/#organization","name":"Hotel Villa Rodriguez","url":"https:\/\/www.villarodriguez.it\/","logo":{"@type":"ImageObject","inLanguage":"fr-FR","@id":"https:\/\/www.villarodriguez.it\/#\/schema\/logo\/image\/","url":"https:\/\/www.villarodriguez.it\/wp-content\/uploads\/2024\/10\/logo-esteso-trasparente.png","contentUrl":"https:\/\/www.villarodriguez.it\/wp-content\/uploads\/2024\/10\/logo-esteso-trasparente.png","width":800,"height":352,"caption":"Hotel Villa Rodriguez"},"image":{"@id":"https:\/\/www.villarodriguez.it\/#\/schema\/logo\/image\/"},"sameAs":["https:\/\/www.facebook.com\/hotelvillarodriguez\/","https:\/\/www.instagram.com\/hotelvillarodriguez\/"]}]}},"_links":{"self":[{"href":"https:\/\/www.villarodriguez.it\/fr\/wp-json\/wp\/v2\/pages\/18004","targetHints":{"allow":["GET"]}}],"collection":[{"href":"https:\/\/www.villarodriguez.it\/fr\/wp-json\/wp\/v2\/pages"}],"about":[{"href":"https:\/\/www.villarodriguez.it\/fr\/wp-json\/wp\/v2\/types\/page"}],"author":[{"embeddable":true,"href":"https:\/\/www.villarodriguez.it\/fr\/wp-json\/wp\/v2\/users\/1"}],"replies":[{"embeddable":true,"href":"https:\/\/www.villarodriguez.it\/fr\/wp-json\/wp\/v2\/comments?post=18004"}],"version-history":[{"count":5,"href":"https:\/\/www.villarodriguez.it\/fr\/wp-json\/wp\/v2\/pages\/18004\/revisions"}],"predecessor-version":[{"id":18685,"href":"https:\/\/www.villarodriguez.it\/fr\/wp-json\/wp\/v2\/pages\/18004\/revisions\/18685"}],"wp:attachment":[{"href":"https:\/\/www.villarodriguez.it\/fr\/wp-json\/wp\/v2\/media?parent=18004"}],"curies":[{"name":"wp","href":"https:\/\/api.w.org\/{rel}","templated":true}]}}