{"id":18037,"date":"2022-09-23T08:43:42","date_gmt":"2022-09-23T06:43:42","guid":{"rendered":"http:\/\/villarodriguez.youelba.com\/offerte\/"},"modified":"2024-12-11T09:56:48","modified_gmt":"2024-12-11T08:56:48","slug":"angebote","status":"publish","type":"page","link":"https:\/\/www.villarodriguez.it\/de\/angebote\/","title":{"rendered":"Angebote"},"content":{"rendered":"\t\t<div data-elementor-type=\"wp-page\" data-elementor-id=\"18037\" class=\"elementor elementor-18037 elementor-1834\">\n\t\t\t\t        <section class=\"elementor-section elementor-top-section elementor-element elementor-element-79dcc1e elementor-section-boxed elementor-section-height-default elementor-section-height-default pxl-section-static-pos-no pxl-section-overflow-hidden-no pxl-container-margin-auto-no\" data-id=\"79dcc1e\" data-element_type=\"section\">\n\n                \n                <div class=\"elementor-container elementor-column-gap-default \">\n                <div class=\"elementor-column elementor-col-100 elementor-top-column elementor-element elementor-element-7830b5d col-offset-none pxl-column-element-default pxl-column-overflow-hidden-no\" data-id=\"7830b5d\" data-element_type=\"column\">\r\n        <div class=\"elementor-widget-wrap elementor-element-populated\">\r\n                    \t\t<div class=\"elementor-element elementor-element-eccd459 elementor-invisible pxl-elementor-animate elementor-widget elementor-widget-pxl_text_editor\" data-id=\"eccd459\" data-element_type=\"widget\" data-settings=\"{&quot;_animation&quot;:&quot;fadeInUp&quot;}\" data-widget_type=\"pxl_text_editor.default\">\n\t\t\t\t<div class=\"elementor-widget-container\">\n\t\t\t\t\t<div id=\"pxl_text_editor-eccd459-5235\" class=\"pxl-text-editor-wrap d-flex \" >\n\t<div class=\"pxl-text-editor elementor-clearfix\">\n\t\t<h4>Entdecke unsere unverzichtbaren Angebote und Aktionen f\u00fcr einen Traumurlaub in Naregno, auf der wundersch\u00f6nen Insel Elba!<\/h4>\t\t\n\t<\/div>\n<\/div>\t\t\t\t<\/div>\n\t\t\t\t<\/div>\n\t\t\t\t<div class=\"elementor-element elementor-element-c11b9ef elementor-widget elementor-widget-pxl_divider\" data-id=\"c11b9ef\" data-element_type=\"widget\" data-widget_type=\"pxl_divider.default\">\n\t\t\t\t<div class=\"elementor-widget-container\">\n\t\t\t\t\t<div class=\"pxl-divider horizontal animated normal\"><div class=\"pxl-divider-separator\"><\/div><\/div>\t\t\t\t<\/div>\n\t\t\t\t<\/div>\n\t\t\t\t<div class=\"elementor-element elementor-element-88cd610 elementor-invisible pxl-elementor-animate elementor-widget elementor-widget-pxl_text_editor\" data-id=\"88cd610\" data-element_type=\"widget\" data-settings=\"{&quot;_animation&quot;:&quot;fadeInUp&quot;}\" data-widget_type=\"pxl_text_editor.default\">\n\t\t\t\t<div class=\"elementor-widget-container\">\n\t\t\t\t\t<div id=\"pxl_text_editor-88cd610-4445\" class=\"pxl-text-editor-wrap d-flex \" >\n\t<div class=\"pxl-text-editor elementor-clearfix\">\n\t\t<p>Wenn du den idealen Ort suchst, um dich zu entspannen und ein unvergessliches Erlebnis zu leben, ist Naregno das perfekte Ziel f\u00fcr dich. Zwischen dem Charme seines kristallklaren Wassers, den goldenen Str\u00e4nden und der unber\u00fchrten Natur, die die Insel Elba pr\u00e4gt, findest du hier alles, was du f\u00fcr einen erholsamen und unterhaltsamen Urlaub ben\u00f6tigst.<\/p><p>Entdecke unsere vorteilhaften Angebote f\u00fcr exklusive Aufenthalte, mit Paketen, die auf jede Anforderung abgestimmt sind. Ob du nach einem romantischen R\u00fcckzugsort, einem aktiven Sporturlaub oder einem entspannenden Familienaufenthalt suchst, wir haben die perfekte L\u00f6sung f\u00fcr dich!<\/p><p>Verpasse nicht die Sonderaktionen f\u00fcr unsere G\u00e4ste: Wenn du jetzt buchst, kannst du von au\u00dfergew\u00f6hnlichen Rabatten und zus\u00e4tzlichen Dienstleistungen profitieren, die dein Erlebnis noch angenehmer machen.<\/p><p>Worauf wartest du? Der Sommer in Naregno wartet auf dich! Schau dir sofort unsere Angebote an und bereite dich darauf vor, einen unvergesslichen Urlaub inmitten der Magie der Insel Elba zu erleben.<\/p>\t\t\n\t<\/div>\n<\/div>\t\t\t\t<\/div>\n\t\t\t\t<\/div>\n\t\t\t\t<div class=\"elementor-element elementor-element-1abe319 elementor-widget elementor-widget-pxl_post_list\" data-id=\"1abe319\" data-element_type=\"widget\" data-widget_type=\"pxl_post_list.default\">\n\t\t\t\t<div class=\"elementor-widget-container\">\n\t\t\t\t\t<div class=\"pxl-no-post-grid\">No Post Found<\/div>\t\t\t\t<\/div>\n\t\t\t\t<\/div>\n\t\t                    <\/div>\r\n        <\/div>\r\n        \t\t\t<\/div>\n\t\t<\/section>\n\t\t\t\t<\/div>\n\t\t","protected":false},"excerpt":{"rendered":"<p>Entdecke unsere unverzichtbaren Angebote und Aktionen f\u00fcr einen Traumurlaub in Naregno, auf der wundersch\u00f6nen Insel Elba! Wenn du den idealen Ort suchst, um dich zu entspannen und ein unvergessliches Erlebnis zu leben, ist Naregno das perfekte Ziel f\u00fcr dich. Zwischen dem Charme seines kristallklaren Wassers, den goldenen Str\u00e4nden und der unber\u00fchrten Natur, die die Insel [&hellip;]<\/p>\n","protected":false},"author":1,"featured_media":0,"parent":0,"menu_order":0,"comment_status":"closed","ping_status":"closed","template":"","meta":{"footnotes":""},"class_list":["post-18037","page","type-page","status-publish","hentry"],"yoast_head":"<!-- This site is optimized with the Yoast SEO plugin v27.0 - https:\/\/yoast.com\/product\/yoast-seo-wordpress\/ -->\n<title>Angebote - Hotel Villa Rodriguez direttamente sul mare all&#039;Isola d&#039;Elba<\/title>\n<meta name=\"robots\" content=\"index, follow, max-snippet:-1, max-image-preview:large, max-video-preview:-1\" \/>\n<link rel=\"canonical\" href=\"https:\/\/www.villarodriguez.it\/de\/angebote\/\" \/>\n<meta property=\"og:locale\" content=\"de_DE\" \/>\n<meta property=\"og:type\" content=\"article\" \/>\n<meta property=\"og:title\" content=\"Angebote - Hotel Villa Rodriguez direttamente sul mare all&#039;Isola d&#039;Elba\" \/>\n<meta property=\"og:description\" content=\"Entdecke unsere unverzichtbaren Angebote und Aktionen f\u00fcr einen Traumurlaub in Naregno, auf der wundersch\u00f6nen Insel Elba! Wenn du den idealen Ort suchst, um dich zu entspannen und ein unvergessliches Erlebnis zu leben, ist Naregno das perfekte Ziel f\u00fcr dich. Zwischen dem Charme seines kristallklaren Wassers, den goldenen Str\u00e4nden und der unber\u00fchrten Natur, die die Insel [&hellip;]\" \/>\n<meta property=\"og:url\" content=\"https:\/\/www.villarodriguez.it\/de\/angebote\/\" \/>\n<meta property=\"og:site_name\" content=\"Hotel Villa Rodriguez direttamente sul mare all&#039;Isola d&#039;Elba\" \/>\n<meta property=\"article:publisher\" content=\"https:\/\/www.facebook.com\/hotelvillarodriguez\/\" \/>\n<meta property=\"article:modified_time\" content=\"2024-12-11T08:56:48+00:00\" \/>\n<meta property=\"og:image\" content=\"http:\/\/villarodriguez.youelba.com\/wp-content\/uploads\/2022\/12\/o_rosemary-flowers-280976-1078x595.jpg\" \/>\n<meta name=\"twitter:card\" content=\"summary_large_image\" \/>\n<meta name=\"twitter:label1\" content=\"Gesch\u00e4tzte Lesezeit\" \/>\n\t<meta name=\"twitter:data1\" content=\"2\u00a0Minuten\" \/>\n<script type=\"application\/ld+json\" class=\"yoast-schema-graph\">{\"@context\":\"https:\/\/schema.org\",\"@graph\":[{\"@type\":\"WebPage\",\"@id\":\"https:\/\/www.villarodriguez.it\/de\/angebote\/\",\"url\":\"https:\/\/www.villarodriguez.it\/de\/angebote\/\",\"name\":\"Angebote - Hotel Villa Rodriguez direttamente sul mare all&#039;Isola d&#039;Elba\",\"isPartOf\":{\"@id\":\"https:\/\/www.villarodriguez.it\/#website\"},\"primaryImageOfPage\":{\"@id\":\"https:\/\/www.villarodriguez.it\/de\/angebote\/#primaryimage\"},\"image\":{\"@id\":\"https:\/\/www.villarodriguez.it\/de\/angebote\/#primaryimage\"},\"thumbnailUrl\":\"http:\/\/villarodriguez.youelba.com\/wp-content\/uploads\/2022\/12\/o_rosemary-flowers-280976-1078x595.jpg\",\"datePublished\":\"2022-09-23T06:43:42+00:00\",\"dateModified\":\"2024-12-11T08:56:48+00:00\",\"breadcrumb\":{\"@id\":\"https:\/\/www.villarodriguez.it\/de\/angebote\/#breadcrumb\"},\"inLanguage\":\"de\",\"potentialAction\":[{\"@type\":\"ReadAction\",\"target\":[\"https:\/\/www.villarodriguez.it\/de\/angebote\/\"]}]},{\"@type\":\"ImageObject\",\"inLanguage\":\"de\",\"@id\":\"https:\/\/www.villarodriguez.it\/de\/angebote\/#primaryimage\",\"url\":\"http:\/\/villarodriguez.youelba.com\/wp-content\/uploads\/2022\/12\/o_rosemary-flowers-280976-1078x595.jpg\",\"contentUrl\":\"http:\/\/villarodriguez.youelba.com\/wp-content\/uploads\/2022\/12\/o_rosemary-flowers-280976-1078x595.jpg\"},{\"@type\":\"BreadcrumbList\",\"@id\":\"https:\/\/www.villarodriguez.it\/de\/angebote\/#breadcrumb\",\"itemListElement\":[{\"@type\":\"ListItem\",\"position\":1,\"name\":\"Home\",\"item\":\"https:\/\/www.villarodriguez.it\/de\/\"},{\"@type\":\"ListItem\",\"position\":2,\"name\":\"Angebote\"}]},{\"@type\":\"WebSite\",\"@id\":\"https:\/\/www.villarodriguez.it\/#website\",\"url\":\"https:\/\/www.villarodriguez.it\/\",\"name\":\"Hotel Villa Rodriguez: Hotel sul mare all'Isola d'Elba\",\"description\":\"Il tuo soggiorno in Hotel sul mare all&#039;Isola d&#039;Elba. Camere confortevoli, vista mozzafiato, spiaggia privata per una vacanza da sogno.\",\"publisher\":{\"@id\":\"https:\/\/www.villarodriguez.it\/#organization\"},\"potentialAction\":[{\"@type\":\"SearchAction\",\"target\":{\"@type\":\"EntryPoint\",\"urlTemplate\":\"https:\/\/www.villarodriguez.it\/?s={search_term_string}\"},\"query-input\":{\"@type\":\"PropertyValueSpecification\",\"valueRequired\":true,\"valueName\":\"search_term_string\"}}],\"inLanguage\":\"de\"},{\"@type\":\"Organization\",\"@id\":\"https:\/\/www.villarodriguez.it\/#organization\",\"name\":\"Hotel Villa Rodriguez\",\"url\":\"https:\/\/www.villarodriguez.it\/\",\"logo\":{\"@type\":\"ImageObject\",\"inLanguage\":\"de\",\"@id\":\"https:\/\/www.villarodriguez.it\/#\/schema\/logo\/image\/\",\"url\":\"https:\/\/www.villarodriguez.it\/wp-content\/uploads\/2024\/10\/logo-esteso-trasparente.png\",\"contentUrl\":\"https:\/\/www.villarodriguez.it\/wp-content\/uploads\/2024\/10\/logo-esteso-trasparente.png\",\"width\":800,\"height\":352,\"caption\":\"Hotel Villa Rodriguez\"},\"image\":{\"@id\":\"https:\/\/www.villarodriguez.it\/#\/schema\/logo\/image\/\"},\"sameAs\":[\"https:\/\/www.facebook.com\/hotelvillarodriguez\/\",\"https:\/\/www.instagram.com\/hotelvillarodriguez\/\"]}]}<\/script>\n<!-- \/ Yoast SEO plugin. -->","yoast_head_json":{"title":"Angebote - Hotel Villa Rodriguez direttamente sul mare all&#039;Isola d&#039;Elba","robots":{"index":"index","follow":"follow","max-snippet":"max-snippet:-1","max-image-preview":"max-image-preview:large","max-video-preview":"max-video-preview:-1"},"canonical":"https:\/\/www.villarodriguez.it\/de\/angebote\/","og_locale":"de_DE","og_type":"article","og_title":"Angebote - Hotel Villa Rodriguez direttamente sul mare all&#039;Isola d&#039;Elba","og_description":"Entdecke unsere unverzichtbaren Angebote und Aktionen f\u00fcr einen Traumurlaub in Naregno, auf der wundersch\u00f6nen Insel Elba! Wenn du den idealen Ort suchst, um dich zu entspannen und ein unvergessliches Erlebnis zu leben, ist Naregno das perfekte Ziel f\u00fcr dich. Zwischen dem Charme seines kristallklaren Wassers, den goldenen Str\u00e4nden und der unber\u00fchrten Natur, die die Insel [&hellip;]","og_url":"https:\/\/www.villarodriguez.it\/de\/angebote\/","og_site_name":"Hotel Villa Rodriguez direttamente sul mare all&#039;Isola d&#039;Elba","article_publisher":"https:\/\/www.facebook.com\/hotelvillarodriguez\/","article_modified_time":"2024-12-11T08:56:48+00:00","og_image":[{"url":"http:\/\/villarodriguez.youelba.com\/wp-content\/uploads\/2022\/12\/o_rosemary-flowers-280976-1078x595.jpg","type":"","width":"","height":""}],"twitter_card":"summary_large_image","twitter_misc":{"Gesch\u00e4tzte Lesezeit":"2\u00a0Minuten"},"schema":{"@context":"https:\/\/schema.org","@graph":[{"@type":"WebPage","@id":"https:\/\/www.villarodriguez.it\/de\/angebote\/","url":"https:\/\/www.villarodriguez.it\/de\/angebote\/","name":"Angebote - Hotel Villa Rodriguez direttamente sul mare all&#039;Isola d&#039;Elba","isPartOf":{"@id":"https:\/\/www.villarodriguez.it\/#website"},"primaryImageOfPage":{"@id":"https:\/\/www.villarodriguez.it\/de\/angebote\/#primaryimage"},"image":{"@id":"https:\/\/www.villarodriguez.it\/de\/angebote\/#primaryimage"},"thumbnailUrl":"http:\/\/villarodriguez.youelba.com\/wp-content\/uploads\/2022\/12\/o_rosemary-flowers-280976-1078x595.jpg","datePublished":"2022-09-23T06:43:42+00:00","dateModified":"2024-12-11T08:56:48+00:00","breadcrumb":{"@id":"https:\/\/www.villarodriguez.it\/de\/angebote\/#breadcrumb"},"inLanguage":"de","potentialAction":[{"@type":"ReadAction","target":["https:\/\/www.villarodriguez.it\/de\/angebote\/"]}]},{"@type":"ImageObject","inLanguage":"de","@id":"https:\/\/www.villarodriguez.it\/de\/angebote\/#primaryimage","url":"http:\/\/villarodriguez.youelba.com\/wp-content\/uploads\/2022\/12\/o_rosemary-flowers-280976-1078x595.jpg","contentUrl":"http:\/\/villarodriguez.youelba.com\/wp-content\/uploads\/2022\/12\/o_rosemary-flowers-280976-1078x595.jpg"},{"@type":"BreadcrumbList","@id":"https:\/\/www.villarodriguez.it\/de\/angebote\/#breadcrumb","itemListElement":[{"@type":"ListItem","position":1,"name":"Home","item":"https:\/\/www.villarodriguez.it\/de\/"},{"@type":"ListItem","position":2,"name":"Angebote"}]},{"@type":"WebSite","@id":"https:\/\/www.villarodriguez.it\/#website","url":"https:\/\/www.villarodriguez.it\/","name":"Hotel Villa Rodriguez: Hotel sul mare all'Isola d'Elba","description":"Il tuo soggiorno in Hotel sul mare all&#039;Isola d&#039;Elba. Camere confortevoli, vista mozzafiato, spiaggia privata per una vacanza da sogno.","publisher":{"@id":"https:\/\/www.villarodriguez.it\/#organization"},"potentialAction":[{"@type":"SearchAction","target":{"@type":"EntryPoint","urlTemplate":"https:\/\/www.villarodriguez.it\/?s={search_term_string}"},"query-input":{"@type":"PropertyValueSpecification","valueRequired":true,"valueName":"search_term_string"}}],"inLanguage":"de"},{"@type":"Organization","@id":"https:\/\/www.villarodriguez.it\/#organization","name":"Hotel Villa Rodriguez","url":"https:\/\/www.villarodriguez.it\/","logo":{"@type":"ImageObject","inLanguage":"de","@id":"https:\/\/www.villarodriguez.it\/#\/schema\/logo\/image\/","url":"https:\/\/www.villarodriguez.it\/wp-content\/uploads\/2024\/10\/logo-esteso-trasparente.png","contentUrl":"https:\/\/www.villarodriguez.it\/wp-content\/uploads\/2024\/10\/logo-esteso-trasparente.png","width":800,"height":352,"caption":"Hotel Villa Rodriguez"},"image":{"@id":"https:\/\/www.villarodriguez.it\/#\/schema\/logo\/image\/"},"sameAs":["https:\/\/www.facebook.com\/hotelvillarodriguez\/","https:\/\/www.instagram.com\/hotelvillarodriguez\/"]}]}},"_links":{"self":[{"href":"https:\/\/www.villarodriguez.it\/de\/wp-json\/wp\/v2\/pages\/18037","targetHints":{"allow":["GET"]}}],"collection":[{"href":"https:\/\/www.villarodriguez.it\/de\/wp-json\/wp\/v2\/pages"}],"about":[{"href":"https:\/\/www.villarodriguez.it\/de\/wp-json\/wp\/v2\/types\/page"}],"author":[{"embeddable":true,"href":"https:\/\/www.villarodriguez.it\/de\/wp-json\/wp\/v2\/users\/1"}],"replies":[{"embeddable":true,"href":"https:\/\/www.villarodriguez.it\/de\/wp-json\/wp\/v2\/comments?post=18037"}],"version-history":[{"count":5,"href":"https:\/\/www.villarodriguez.it\/de\/wp-json\/wp\/v2\/pages\/18037\/revisions"}],"predecessor-version":[{"id":18712,"href":"https:\/\/www.villarodriguez.it\/de\/wp-json\/wp\/v2\/pages\/18037\/revisions\/18712"}],"wp:attachment":[{"href":"https:\/\/www.villarodriguez.it\/de\/wp-json\/wp\/v2\/media?parent=18037"}],"curies":[{"name":"wp","href":"https:\/\/api.w.org\/{rel}","templated":true}]}}