{"id":18034,"date":"2024-10-16T20:48:09","date_gmt":"2024-10-16T18:48:09","guid":{"rendered":"http:\/\/villarodriguez.youelba.com\/mountain-bike\/"},"modified":"2024-12-11T09:57:54","modified_gmt":"2024-12-11T08:57:54","slug":"mountainbike","status":"publish","type":"page","link":"https:\/\/www.villarodriguez.it\/de\/mountainbike\/","title":{"rendered":"Mountainbike"},"content":{"rendered":"\t\t<div data-elementor-type=\"wp-page\" data-elementor-id=\"18034\" class=\"elementor elementor-18034 elementor-17429\">\n\t\t\t\t        <section class=\"elementor-section elementor-top-section elementor-element elementor-element-668f196 elementor-section-boxed elementor-section-height-default elementor-section-height-default pxl-section-static-pos-no pxl-section-overflow-hidden-no pxl-container-margin-auto-no\" data-id=\"668f196\" data-element_type=\"section\">\n\n                \n                <div class=\"elementor-container elementor-column-gap-default \">\n                <div class=\"elementor-column elementor-col-100 elementor-top-column elementor-element elementor-element-b977a3e col-offset-none pxl-column-element-default pxl-column-overflow-hidden-no\" data-id=\"b977a3e\" data-element_type=\"column\">\r\n        <div class=\"elementor-widget-wrap elementor-element-populated\">\r\n                    \t\t<div class=\"elementor-element elementor-element-a034fcd elementor-widget elementor-widget-pxl_heading\" data-id=\"a034fcd\" data-element_type=\"widget\" data-widget_type=\"pxl_heading.default\">\n\t\t\t\t<div class=\"elementor-widget-container\">\n\t\t\t\t\t<div class=\"pxl-heading-wrap d-flex\">\n    <div class=\"pxl-heading-inner center \">\n                <h2 class=\"heading-title pxl-animate pxl-invisible animated-normal\" data-settings=\"{&quot;animation&quot;:&quot;fadeInUp&quot;,&quot;animation_delay&quot;:300}\">\n                        Entdecke die atemberaubenden Wanderwege der Elba, zwischen Meer und Bergen, mit Strecken f\u00fcr jedes Niveau         <\/h2>\n            <\/div>\n<\/div>\n\n\t\t\t\t<\/div>\n\t\t\t\t<\/div>\n\t\t\t\t<div class=\"elementor-element elementor-element-be28167 elementor-widget elementor-widget-pxl_text_editor\" data-id=\"be28167\" data-element_type=\"widget\" data-widget_type=\"pxl_text_editor.default\">\n\t\t\t\t<div class=\"elementor-widget-container\">\n\t\t\t\t\t<div id=\"pxl_text_editor-be28167-5411\" class=\"pxl-text-editor-wrap d-flex  pxl-animate pxl-invisible animated-normal\" data-settings=\"{&quot;animation&quot;:&quot;fadeInUp&quot;,&quot;animation_delay&quot;:100}\" >\n\t<div class=\"pxl-text-editor elementor-clearfix\">\n\t\t<p>Vom Hotel Villa Rodriguez, direkt am Strand von Naregno gelegen, ist es sehr einfach und schnell, das Gebiet des Monte Calamita zu erreichen, das als Schauplatz internationaler Mountainbike-Wettbewerbe diente, darunter ein Weltcup-Rennen im Jahr 1994.<\/p><p>F\u00fcr diejenigen, die Elba mit dem Mountainbike erkunden und die Insel aus schwer zug\u00e4nglichen Perspektiven bewundern m\u00f6chten, bietet der Monte Calamita zahlreiche gut markierte Wege mit unterschiedlich schwierigen Strecken, die f\u00fcr verschiedene Fitnesslevels geeignet sind. Auf diesen Wegen genie\u00dft man immer einen unvergleichlichen Blick auf die Landschaft: Flache, gut befestigte Wege oder steilere, abenteuerliche Strecken; Routen, die entlang der K\u00fcste verlaufen und es einem manchmal erm\u00f6glichen, zu den verschiedenen Buchten und Buchten des Meeres hinunterzusteigen. Andere Wege f\u00fchren an den Ruinen der alten, verlassenen Mine, die hoch \u00fcber dem kristallklaren Meer thront, und f\u00fchren weiter in die Macchia und den Wald, um den Gipfel des Monte Calamita zu erreichen. Die Aussicht auf das Meer und die Inseln des Archipels ist immer sehr beeindruckend.<\/p>\t\t\n\t<\/div>\n<\/div>\t\t\t\t<\/div>\n\t\t\t\t<\/div>\n\t\t                    <\/div>\r\n        <\/div>\r\n        \t\t\t<\/div>\n\t\t<\/section>\n\t\t        <section class=\"elementor-section elementor-top-section elementor-element elementor-element-13b44403 pxl-section-overflow-hidden-yes elementor-section-boxed elementor-section-height-default elementor-section-height-default pxl-section-static-pos-no pxl-container-margin-auto-no\" data-id=\"13b44403\" data-element_type=\"section\" data-settings=\"{&quot;background_background&quot;:&quot;classic&quot;}\">\n\n        <div class=\"pxl-section-bg-parallax-outer\"><div class=\"pxl-section-bg-parallax\" data-parallax=\"{&quot;y&quot;:-30}\"><\/div><\/div>        \n                <div class=\"elementor-container elementor-column-gap-no \">\n                <div class=\"elementor-column elementor-col-50 elementor-top-column elementor-element elementor-element-272ec79a col-offset-none pxl-column-element-default pxl-column-overflow-hidden-no\" data-id=\"272ec79a\" data-element_type=\"column\" data-settings=\"{&quot;background_background&quot;:&quot;classic&quot;}\">\r\n        <div class=\"elementor-widget-wrap elementor-element-populated\">\r\n                    \t\t<div class=\"elementor-element elementor-element-37c4e386 elementor-invisible pxl-elementor-animate elementor-widget elementor-widget-pxl_text_editor\" data-id=\"37c4e386\" data-element_type=\"widget\" data-settings=\"{&quot;_animation&quot;:&quot;fadeInUp&quot;}\" data-widget_type=\"pxl_text_editor.default\">\n\t\t\t\t<div class=\"elementor-widget-container\">\n\t\t\t\t\t<div id=\"pxl_text_editor-37c4e386-6865\" class=\"pxl-text-editor-wrap d-flex \" >\n\t<div class=\"pxl-text-editor elementor-clearfix\">\n\t\t<p>F\u00fcr Mountainbike-Enthusiasten ist der Monte Calamita, wie viele andere Gebiete der Insel Elba, eine einzigartige Umgebung, die es erm\u00f6glicht, ihre Lieblingssportart direkt in der Natur zu erleben.<\/p><p>Das Hotel Villa Rodriguez bietet Unterst\u00fctzung bei der Organisation von Urlauben, die darauf ausgerichtet sind, die Insel mit dem Fahrrad zu entdecken. Es werden Ausfl\u00fcge mit einer erfahrenen F\u00fchrung organisiert, sowohl f\u00fcr einfache Fans \u2013 mit der M\u00f6glichkeit, ein Mountainbike vor Ort zu mieten \u2013 als auch f\u00fcr erfahrene und trainierte Biker.<\/p>\t\t\n\t<\/div>\n<\/div>\t\t\t\t<\/div>\n\t\t\t\t<\/div>\n\t\t                    <\/div>\r\n        <\/div>\r\n                <div class=\"elementor-column elementor-col-50 elementor-top-column elementor-element elementor-element-4d39c869 elementor-hidden-tablet elementor-hidden-mobile_extra elementor-hidden-mobile col-offset-none pxl-column-element-default pxl-column-overflow-hidden-no\" data-id=\"4d39c869\" data-element_type=\"column\">\r\n        <div class=\"elementor-widget-wrap\">\r\n                                        <\/div>\r\n        <\/div>\r\n        \t\t\t<\/div>\n\t\t<\/section>\n\t\t        <section class=\"elementor-section elementor-top-section elementor-element elementor-element-67bffb77 elementor-section-full_width elementor-section-content-middle elementor-reverse-tablet elementor-reverse-mobile_extra elementor-reverse-mobile elementor-section-height-default elementor-section-height-default pxl-section-offset-none pxl-section-static-pos-no pxl-section-overflow-hidden-no pxl-container-margin-auto-no\" data-id=\"67bffb77\" data-element_type=\"section\" data-settings=\"{&quot;background_background&quot;:&quot;classic&quot;}\">\n\n        <div class=\"pxl-section-bg-parallax-outer\"><div class=\"pxl-section-bg-parallax\" data-parallax=\"{&quot;x&quot;:-50,&quot;y&quot;:30}\"><\/div><\/div>        \n                <div class=\"elementor-container elementor-column-gap-no \">\n                <div class=\"elementor-column elementor-col-50 elementor-top-column elementor-element elementor-element-7c57da80 pxl-column-overflow-hidden-yes col-offset-none pxl-column-element-default pxl-pll-transform\" data-id=\"7c57da80\" data-element_type=\"column\" data-settings=\"{&quot;background_background&quot;:&quot;classic&quot;}\">\r\n        <div class=\"elementor-widget-wrap elementor-element-populated\">\r\n            <div class=\"pxl-column-bg-parallax-outer\"><div class=\"pxl-column-bg-parallax\" data-parallax=\"{&quot;scale&quot;:1.1}\"><\/div><\/div>        \t\t<div class=\"elementor-element elementor-element-501024f5 elementor-widget elementor-widget-pxl_divider\" data-id=\"501024f5\" data-element_type=\"widget\" data-widget_type=\"pxl_divider.default\">\n\t\t\t\t<div class=\"elementor-widget-container\">\n\t\t\t\t\t<div class=\"pxl-divider horizontal  \"><div class=\"pxl-divider-separator\"><\/div><\/div>\t\t\t\t<\/div>\n\t\t\t\t<\/div>\n\t\t                    <\/div>\r\n        <\/div>\r\n                <div class=\"elementor-column elementor-col-50 elementor-top-column elementor-element elementor-element-513020c1 col-offset-right-container-1625 col-offset-none pxl-column-element-default pxl-column-overflow-hidden-no\" data-id=\"513020c1\" data-element_type=\"column\" data-settings=\"{&quot;background_background&quot;:&quot;classic&quot;}\">\r\n        <div class=\"elementor-widget-wrap elementor-element-populated\">\r\n                    \t\t<div class=\"elementor-element elementor-element-566bf05f elementor-invisible pxl-elementor-animate elementor-widget elementor-widget-pxl_text_editor\" data-id=\"566bf05f\" data-element_type=\"widget\" data-settings=\"{&quot;_animation&quot;:&quot;fadeInUp&quot;}\" data-widget_type=\"pxl_text_editor.default\">\n\t\t\t\t<div class=\"elementor-widget-container\">\n\t\t\t\t\t<div id=\"pxl_text_editor-566bf05f-4028\" class=\"pxl-text-editor-wrap d-flex \" >\n\t<div class=\"pxl-text-editor elementor-clearfix\">\n\t\t<p>Das Hotel Villa Rodriguez verf\u00fcgt \u00fcber einen Bereich mit einem \u00fcberdachten und ausgestatteten Fahrradst\u00e4nder, an dem Wartungs- und Reinigungsarbeiten an Mountainbikes durchgef\u00fchrt werden k\u00f6nnen. Au\u00dferdem gibt es einen geschlossenen Raum, der als Abstellraum dient, in dem die Mountainbikes sicher aufbewahrt werden k\u00f6nnen und in dem auch E-Bikes aufgeladen werden k\u00f6nnen.<\/p><p>Begleitpersonen, die anstelle von k\u00f6rperlicher Bet\u00e4tigung eine entspannte und ruhige Auszeit bevorzugen, finden am Strand und in den vom Hotel angebotenen Einrichtungen alle Annehmlichkeiten, die n\u00f6tig sind, um ihren Aufenthalt ruhig und entspannend zu gestalten.<\/p>\t\t\n\t<\/div>\n<\/div>\t\t\t\t<\/div>\n\t\t\t\t<\/div>\n\t\t\t\t<div class=\"elementor-element elementor-element-31b02e3b elementor-invisible pxl-elementor-animate elementor-widget elementor-widget-pxl_button\" data-id=\"31b02e3b\" data-element_type=\"widget\" data-settings=\"{&quot;_animation&quot;:&quot;fadeInUp&quot;}\" data-widget_type=\"pxl_button.default\">\n\t\t\t\t<div class=\"elementor-widget-container\">\n\t\t\t\t\t<div id=\"pxl_button-31b02e3b-2257\" class=\"pxl-button-wrapper d-flex-wrap pxl-button-layout1\" >\r\n    <a href=\"https:\/\/www.simplebooking.it\/ibe2\/hotel\/10126?lang=DE&amp;cur=EUR\" target=\"_blank\" class=\"pxl-btn default icon-ps-right\">\r\n        <span class=\"pxl-button-text\">BUCHE JETZT DEINEN URLAUB<\/span>\r\n            <\/a>\r\n<\/div>\t\t\t\t<\/div>\n\t\t\t\t<\/div>\n\t\t                    <\/div>\r\n        <\/div>\r\n        \t\t\t<\/div>\n\t\t<\/section>\n\t\t\t\t<\/div>\n\t\t","protected":false},"excerpt":{"rendered":"<p>Entdecke die atemberaubenden Wanderwege der Elba, zwischen Meer und Bergen, mit Strecken f\u00fcr jedes Niveau Vom Hotel Villa Rodriguez, direkt am Strand von Naregno gelegen, ist es sehr einfach und schnell, das Gebiet des Monte Calamita zu erreichen, das als Schauplatz internationaler Mountainbike-Wettbewerbe diente, darunter ein Weltcup-Rennen im Jahr 1994. F\u00fcr diejenigen, die Elba mit [&hellip;]<\/p>\n","protected":false},"author":1,"featured_media":0,"parent":0,"menu_order":0,"comment_status":"closed","ping_status":"closed","template":"","meta":{"footnotes":""},"class_list":["post-18034","page","type-page","status-publish","hentry"],"yoast_head":"<!-- This site is optimized with the Yoast SEO plugin v27.0 - https:\/\/yoast.com\/product\/yoast-seo-wordpress\/ -->\n<title>Mountainbike - Hotel Villa Rodriguez direttamente sul mare all&#039;Isola d&#039;Elba<\/title>\n<meta name=\"robots\" content=\"index, follow, max-snippet:-1, max-image-preview:large, max-video-preview:-1\" \/>\n<link rel=\"canonical\" href=\"https:\/\/www.villarodriguez.it\/de\/mountainbike\/\" \/>\n<meta property=\"og:locale\" content=\"de_DE\" \/>\n<meta property=\"og:type\" content=\"article\" \/>\n<meta property=\"og:title\" content=\"Mountainbike - Hotel Villa Rodriguez direttamente sul mare all&#039;Isola d&#039;Elba\" \/>\n<meta property=\"og:description\" content=\"Entdecke die atemberaubenden Wanderwege der Elba, zwischen Meer und Bergen, mit Strecken f\u00fcr jedes Niveau Vom Hotel Villa Rodriguez, direkt am Strand von Naregno gelegen, ist es sehr einfach und schnell, das Gebiet des Monte Calamita zu erreichen, das als Schauplatz internationaler Mountainbike-Wettbewerbe diente, darunter ein Weltcup-Rennen im Jahr 1994. F\u00fcr diejenigen, die Elba mit [&hellip;]\" \/>\n<meta property=\"og:url\" content=\"https:\/\/www.villarodriguez.it\/de\/mountainbike\/\" \/>\n<meta property=\"og:site_name\" content=\"Hotel Villa Rodriguez direttamente sul mare all&#039;Isola d&#039;Elba\" \/>\n<meta property=\"article:publisher\" content=\"https:\/\/www.facebook.com\/hotelvillarodriguez\/\" \/>\n<meta property=\"article:modified_time\" content=\"2024-12-11T08:57:54+00:00\" \/>\n<meta property=\"og:image\" content=\"https:\/\/www.villarodriguez.it\/wp-content\/uploads\/2024\/10\/logo-esteso-trasparente.png\" \/>\n\t<meta property=\"og:image:width\" content=\"800\" \/>\n\t<meta property=\"og:image:height\" content=\"352\" \/>\n\t<meta property=\"og:image:type\" content=\"image\/png\" \/>\n<meta name=\"twitter:card\" content=\"summary_large_image\" \/>\n<meta name=\"twitter:label1\" content=\"Gesch\u00e4tzte Lesezeit\" \/>\n\t<meta name=\"twitter:data1\" content=\"2\u00a0Minuten\" \/>\n<script type=\"application\/ld+json\" class=\"yoast-schema-graph\">{\"@context\":\"https:\/\/schema.org\",\"@graph\":[{\"@type\":\"WebPage\",\"@id\":\"https:\/\/www.villarodriguez.it\/de\/mountainbike\/\",\"url\":\"https:\/\/www.villarodriguez.it\/de\/mountainbike\/\",\"name\":\"Mountainbike - Hotel Villa Rodriguez direttamente sul mare all&#039;Isola d&#039;Elba\",\"isPartOf\":{\"@id\":\"https:\/\/www.villarodriguez.it\/#website\"},\"datePublished\":\"2024-10-16T18:48:09+00:00\",\"dateModified\":\"2024-12-11T08:57:54+00:00\",\"breadcrumb\":{\"@id\":\"https:\/\/www.villarodriguez.it\/de\/mountainbike\/#breadcrumb\"},\"inLanguage\":\"de\",\"potentialAction\":[{\"@type\":\"ReadAction\",\"target\":[\"https:\/\/www.villarodriguez.it\/de\/mountainbike\/\"]}]},{\"@type\":\"BreadcrumbList\",\"@id\":\"https:\/\/www.villarodriguez.it\/de\/mountainbike\/#breadcrumb\",\"itemListElement\":[{\"@type\":\"ListItem\",\"position\":1,\"name\":\"Home\",\"item\":\"https:\/\/www.villarodriguez.it\/de\/\"},{\"@type\":\"ListItem\",\"position\":2,\"name\":\"Mountainbike\"}]},{\"@type\":\"WebSite\",\"@id\":\"https:\/\/www.villarodriguez.it\/#website\",\"url\":\"https:\/\/www.villarodriguez.it\/\",\"name\":\"Hotel Villa Rodriguez: Hotel sul mare all'Isola d'Elba\",\"description\":\"Il tuo soggiorno in Hotel sul mare all&#039;Isola d&#039;Elba. Camere confortevoli, vista mozzafiato, spiaggia privata per una vacanza da sogno.\",\"publisher\":{\"@id\":\"https:\/\/www.villarodriguez.it\/#organization\"},\"potentialAction\":[{\"@type\":\"SearchAction\",\"target\":{\"@type\":\"EntryPoint\",\"urlTemplate\":\"https:\/\/www.villarodriguez.it\/?s={search_term_string}\"},\"query-input\":{\"@type\":\"PropertyValueSpecification\",\"valueRequired\":true,\"valueName\":\"search_term_string\"}}],\"inLanguage\":\"de\"},{\"@type\":\"Organization\",\"@id\":\"https:\/\/www.villarodriguez.it\/#organization\",\"name\":\"Hotel Villa Rodriguez\",\"url\":\"https:\/\/www.villarodriguez.it\/\",\"logo\":{\"@type\":\"ImageObject\",\"inLanguage\":\"de\",\"@id\":\"https:\/\/www.villarodriguez.it\/#\/schema\/logo\/image\/\",\"url\":\"https:\/\/www.villarodriguez.it\/wp-content\/uploads\/2024\/10\/logo-esteso-trasparente.png\",\"contentUrl\":\"https:\/\/www.villarodriguez.it\/wp-content\/uploads\/2024\/10\/logo-esteso-trasparente.png\",\"width\":800,\"height\":352,\"caption\":\"Hotel Villa Rodriguez\"},\"image\":{\"@id\":\"https:\/\/www.villarodriguez.it\/#\/schema\/logo\/image\/\"},\"sameAs\":[\"https:\/\/www.facebook.com\/hotelvillarodriguez\/\",\"https:\/\/www.instagram.com\/hotelvillarodriguez\/\"]}]}<\/script>\n<!-- \/ Yoast SEO plugin. -->","yoast_head_json":{"title":"Mountainbike - Hotel Villa Rodriguez direttamente sul mare all&#039;Isola d&#039;Elba","robots":{"index":"index","follow":"follow","max-snippet":"max-snippet:-1","max-image-preview":"max-image-preview:large","max-video-preview":"max-video-preview:-1"},"canonical":"https:\/\/www.villarodriguez.it\/de\/mountainbike\/","og_locale":"de_DE","og_type":"article","og_title":"Mountainbike - Hotel Villa Rodriguez direttamente sul mare all&#039;Isola d&#039;Elba","og_description":"Entdecke die atemberaubenden Wanderwege der Elba, zwischen Meer und Bergen, mit Strecken f\u00fcr jedes Niveau Vom Hotel Villa Rodriguez, direkt am Strand von Naregno gelegen, ist es sehr einfach und schnell, das Gebiet des Monte Calamita zu erreichen, das als Schauplatz internationaler Mountainbike-Wettbewerbe diente, darunter ein Weltcup-Rennen im Jahr 1994. F\u00fcr diejenigen, die Elba mit [&hellip;]","og_url":"https:\/\/www.villarodriguez.it\/de\/mountainbike\/","og_site_name":"Hotel Villa Rodriguez direttamente sul mare all&#039;Isola d&#039;Elba","article_publisher":"https:\/\/www.facebook.com\/hotelvillarodriguez\/","article_modified_time":"2024-12-11T08:57:54+00:00","og_image":[{"width":800,"height":352,"url":"https:\/\/www.villarodriguez.it\/wp-content\/uploads\/2024\/10\/logo-esteso-trasparente.png","type":"image\/png"}],"twitter_card":"summary_large_image","twitter_misc":{"Gesch\u00e4tzte Lesezeit":"2\u00a0Minuten"},"schema":{"@context":"https:\/\/schema.org","@graph":[{"@type":"WebPage","@id":"https:\/\/www.villarodriguez.it\/de\/mountainbike\/","url":"https:\/\/www.villarodriguez.it\/de\/mountainbike\/","name":"Mountainbike - Hotel Villa Rodriguez direttamente sul mare all&#039;Isola d&#039;Elba","isPartOf":{"@id":"https:\/\/www.villarodriguez.it\/#website"},"datePublished":"2024-10-16T18:48:09+00:00","dateModified":"2024-12-11T08:57:54+00:00","breadcrumb":{"@id":"https:\/\/www.villarodriguez.it\/de\/mountainbike\/#breadcrumb"},"inLanguage":"de","potentialAction":[{"@type":"ReadAction","target":["https:\/\/www.villarodriguez.it\/de\/mountainbike\/"]}]},{"@type":"BreadcrumbList","@id":"https:\/\/www.villarodriguez.it\/de\/mountainbike\/#breadcrumb","itemListElement":[{"@type":"ListItem","position":1,"name":"Home","item":"https:\/\/www.villarodriguez.it\/de\/"},{"@type":"ListItem","position":2,"name":"Mountainbike"}]},{"@type":"WebSite","@id":"https:\/\/www.villarodriguez.it\/#website","url":"https:\/\/www.villarodriguez.it\/","name":"Hotel Villa Rodriguez: Hotel sul mare all'Isola d'Elba","description":"Il tuo soggiorno in Hotel sul mare all&#039;Isola d&#039;Elba. Camere confortevoli, vista mozzafiato, spiaggia privata per una vacanza da sogno.","publisher":{"@id":"https:\/\/www.villarodriguez.it\/#organization"},"potentialAction":[{"@type":"SearchAction","target":{"@type":"EntryPoint","urlTemplate":"https:\/\/www.villarodriguez.it\/?s={search_term_string}"},"query-input":{"@type":"PropertyValueSpecification","valueRequired":true,"valueName":"search_term_string"}}],"inLanguage":"de"},{"@type":"Organization","@id":"https:\/\/www.villarodriguez.it\/#organization","name":"Hotel Villa Rodriguez","url":"https:\/\/www.villarodriguez.it\/","logo":{"@type":"ImageObject","inLanguage":"de","@id":"https:\/\/www.villarodriguez.it\/#\/schema\/logo\/image\/","url":"https:\/\/www.villarodriguez.it\/wp-content\/uploads\/2024\/10\/logo-esteso-trasparente.png","contentUrl":"https:\/\/www.villarodriguez.it\/wp-content\/uploads\/2024\/10\/logo-esteso-trasparente.png","width":800,"height":352,"caption":"Hotel Villa Rodriguez"},"image":{"@id":"https:\/\/www.villarodriguez.it\/#\/schema\/logo\/image\/"},"sameAs":["https:\/\/www.facebook.com\/hotelvillarodriguez\/","https:\/\/www.instagram.com\/hotelvillarodriguez\/"]}]}},"_links":{"self":[{"href":"https:\/\/www.villarodriguez.it\/de\/wp-json\/wp\/v2\/pages\/18034","targetHints":{"allow":["GET"]}}],"collection":[{"href":"https:\/\/www.villarodriguez.it\/de\/wp-json\/wp\/v2\/pages"}],"about":[{"href":"https:\/\/www.villarodriguez.it\/de\/wp-json\/wp\/v2\/types\/page"}],"author":[{"embeddable":true,"href":"https:\/\/www.villarodriguez.it\/de\/wp-json\/wp\/v2\/users\/1"}],"replies":[{"embeddable":true,"href":"https:\/\/www.villarodriguez.it\/de\/wp-json\/wp\/v2\/comments?post=18034"}],"version-history":[{"count":5,"href":"https:\/\/www.villarodriguez.it\/de\/wp-json\/wp\/v2\/pages\/18034\/revisions"}],"predecessor-version":[{"id":19029,"href":"https:\/\/www.villarodriguez.it\/de\/wp-json\/wp\/v2\/pages\/18034\/revisions\/19029"}],"wp:attachment":[{"href":"https:\/\/www.villarodriguez.it\/de\/wp-json\/wp\/v2\/media?parent=18034"}],"curies":[{"name":"wp","href":"https:\/\/api.w.org\/{rel}","templated":true}]}}