{"id":18026,"date":"2024-10-16T21:01:03","date_gmt":"2024-10-16T19:01:03","guid":{"rendered":"http:\/\/villarodriguez.youelba.com\/escursioni-subacquee\/"},"modified":"2024-12-11T09:58:41","modified_gmt":"2024-12-11T08:58:41","slug":"tauchausfluege","status":"publish","type":"page","link":"https:\/\/www.villarodriguez.it\/de\/tauchausfluege\/","title":{"rendered":"Tauchausfl\u00fcge"},"content":{"rendered":"\t\t<div data-elementor-type=\"wp-page\" data-elementor-id=\"18026\" class=\"elementor elementor-18026 elementor-17449\">\n\t\t\t\t        <section class=\"elementor-section elementor-top-section elementor-element elementor-element-8160999 elementor-section-full_width elementor-section-height-default elementor-section-height-default pxl-section-offset-none pxl-section-static-pos-no pxl-section-overflow-hidden-no pxl-container-margin-auto-no\" data-id=\"8160999\" data-element_type=\"section\" data-settings=\"{&quot;background_background&quot;:&quot;classic&quot;}\">\n\n                \n                <div class=\"elementor-container elementor-column-gap-no \">\n                <div class=\"elementor-column elementor-col-100 elementor-top-column elementor-element elementor-element-85f8d99 col-offset-none pxl-column-element-default pxl-column-overflow-hidden-no\" data-id=\"85f8d99\" data-element_type=\"column\">\r\n        <div class=\"elementor-widget-wrap elementor-element-populated\">\r\n                    \t\t<div class=\"elementor-element elementor-element-67efa74 elementor-invisible pxl-elementor-animate elementor-widget elementor-widget-pxl_text_editor\" data-id=\"67efa74\" data-element_type=\"widget\" data-settings=\"{&quot;_animation&quot;:&quot;fadeInUp&quot;}\" data-widget_type=\"pxl_text_editor.default\">\n\t\t\t\t<div class=\"elementor-widget-container\">\n\t\t\t\t\t<div id=\"pxl_text_editor-67efa74-3994\" class=\"pxl-text-editor-wrap d-flex \" >\n\t<div class=\"pxl-text-editor elementor-clearfix\">\n\t\t<h2>Ein Paradies f\u00fcr Taucher am Strand von Naregno<\/h2><h4>Mit direktem Zugang zum Meer und speziellen Dienstleistungen f\u00fcr Taucher bietet das Hotel Villa Rodriguez einen idealen Ausgangspunkt, um die besten Tauchgebiete der Insel zu erkunden, dank bequemer Anlegestellen und Partnerschaften mit qualifizierten Tauchzentren.<\/h4>\t\t\n\t<\/div>\n<\/div>\t\t\t\t<\/div>\n\t\t\t\t<\/div>\n\t\t\t\t<div class=\"elementor-element elementor-element-42f9c5c elementor-invisible pxl-elementor-animate elementor-widget elementor-widget-pxl_text_editor\" data-id=\"42f9c5c\" data-element_type=\"widget\" data-settings=\"{&quot;_animation&quot;:&quot;fadeInUp&quot;}\" data-widget_type=\"pxl_text_editor.default\">\n\t\t\t\t<div class=\"elementor-widget-container\">\n\t\t\t\t\t<div id=\"pxl_text_editor-42f9c5c-7879\" class=\"pxl-text-editor-wrap d-flex \" >\n\t<div class=\"pxl-text-editor elementor-clearfix\">\n\t\t<p>Die privilegierte Lage des Hotel Villa Rodriguez, direkt am Meer in der wundersch\u00f6nen Bucht von Naregno, bietet eine ideale Umgebung f\u00fcr Taucher. Der kleine Steg an der privaten Hotelstrandabschnitt ist ein bequemer Anlegepunkt f\u00fcr Boote, die die Taucher des Villa Rodriguez abholen. Alle Ein- und Ausschiffungsoperationen f\u00fcr die notwendige Tauchausr\u00fcstung sind \u00e4u\u00dferst einfach und praktisch, da sie direkt vom Hotel aus durchgef\u00fchrt werden k\u00f6nnen.<\/p><p>Nach den <strong>Tauchg\u00e4ngen<\/strong> k\u00f6nnen die Taucher eine gut ausgestattete Au\u00dfenzone mit Dusche nutzen, um den Neoprenanzug in Ruhe abzulegen, die Ausr\u00fcstung abzusp\u00fclen und zum Trocknen auszubreiten.<\/p>\t\t\n\t<\/div>\n<\/div>\t\t\t\t<\/div>\n\t\t\t\t<\/div>\n\t\t\t\t<div class=\"elementor-element elementor-element-3c328e4 elementor-widget elementor-widget-pxl_divider\" data-id=\"3c328e4\" data-element_type=\"widget\" data-widget_type=\"pxl_divider.default\">\n\t\t\t\t<div class=\"elementor-widget-container\">\n\t\t\t\t\t<div class=\"pxl-divider horizontal animated normal\"><div class=\"pxl-divider-separator\"><\/div><\/div>\t\t\t\t<\/div>\n\t\t\t\t<\/div>\n\t\t\t\t<div class=\"elementor-element elementor-element-d0f962b pxl-swiper-arrows-true pxl-gallery-carousel-layout-1 pxl-swiper-dots-false pxl-swiper-dots-color-mode-df elementor-widget elementor-widget-pxl_gallery_carousel\" data-id=\"d0f962b\" data-element_type=\"widget\" data-widget_type=\"pxl_gallery_carousel.default\">\n\t\t\t\t<div class=\"elementor-widget-container\">\n\t\t\t\t\t \r\n<div class=\"pxl-swiper-slider pxl-gallery-carousel layout-1\">\r\n    <div class=\"pxl-swiper-slider-wrap pxl-carousel-inner overflow-hidden\">\r\n        <div class=\"pxl-swiper-container\" dir=\"ltr\" data-settings=\"{&quot;slide_direction&quot;:&quot;horizontal&quot;,&quot;slide_percolumn&quot;:1,&quot;slide_mode&quot;:&quot;slide&quot;,&quot;slides_to_show_xxl&quot;:1.82,&quot;slides_to_show&quot;:1.82,&quot;slides_to_show_lg&quot;:1.8,&quot;slides_to_show_md&quot;:1.8,&quot;slides_to_show_sm&quot;:1.8,&quot;slides_to_show_xs&quot;:1,&quot;slides_to_scroll&quot;:1,&quot;slides_gutter&quot;:30,&quot;center_slide&quot;:&quot;true&quot;,&quot;dots_style&quot;:&quot;bullets&quot;,&quot;autoplay&quot;:false,&quot;pause_on_hover&quot;:false,&quot;pause_on_interaction&quot;:true,&quot;delay&quot;:5000,&quot;loop&quot;:true,&quot;speed&quot;:500}\">\r\n            <div class=\"pxl-swiper-wrapper swiper-wrapper\">\r\n                                    <div class=\"pxl-swiper-slide swiper-slide\">\r\n                        <div class=\"item-inner relative overflow-hidden\">\r\n                                                            <div class=\"item-image relative\">\r\n                                    <img fetchpriority=\"high\" decoding=\"async\" class=\"no-lazyload \" src=\"https:\/\/www.villarodriguez.it\/wp-content\/uploads\/2024\/10\/o_diving-dscn4457-1030x542.jpg\" width=\"1030\" height=\"542\" alt=\"Stella Marina\" title=\"Stella Marina\" \/>                                <\/div>\r\n                                                    <\/div>\r\n                                            <\/div>\r\n                                    <div class=\"pxl-swiper-slide swiper-slide\">\r\n                        <div class=\"item-inner relative overflow-hidden\">\r\n                                                            <div class=\"item-image relative\">\r\n                                    <img decoding=\"async\" class=\"no-lazyload \" src=\"https:\/\/www.villarodriguez.it\/wp-content\/uploads\/2024\/10\/IMG_0503-1030x542.jpg\" width=\"1030\" height=\"542\" alt=\"IMG_0503\" title=\"IMG_0503\" \/>                                <\/div>\r\n                                                    <\/div>\r\n                                            <\/div>\r\n                                    <div class=\"pxl-swiper-slide swiper-slide\">\r\n                        <div class=\"item-inner relative overflow-hidden\">\r\n                                                            <div class=\"item-image relative\">\r\n                                    <img decoding=\"async\" class=\"no-lazyload \" src=\"https:\/\/www.villarodriguez.it\/wp-content\/uploads\/2024\/10\/fotone49530x45-1-1030x542.jpg\" width=\"1030\" height=\"542\" alt=\"Sub all&#039;Isola d&#039;Elba\" title=\"Sub all&#039;Isola d&#039;Elba\" \/>                                <\/div>\r\n                                                    <\/div>\r\n                                            <\/div>\r\n                                    <div class=\"pxl-swiper-slide swiper-slide\">\r\n                        <div class=\"item-inner relative overflow-hidden\">\r\n                                                            <div class=\"item-image relative\">\r\n                                    <img loading=\"lazy\" decoding=\"async\" class=\"no-lazyload \" src=\"https:\/\/www.villarodriguez.it\/wp-content\/uploads\/2024\/10\/IMG_0370-1030x542.jpg\" width=\"1030\" height=\"542\" alt=\"Relitto all&#039;Elba\" title=\"Relitto all&#039;Elba\" \/>                                <\/div>\r\n                                                    <\/div>\r\n                                            <\/div>\r\n                                    <div class=\"pxl-swiper-slide swiper-slide\">\r\n                        <div class=\"item-inner relative overflow-hidden\">\r\n                                                            <div class=\"item-image relative\">\r\n                                    <img loading=\"lazy\" decoding=\"async\" class=\"no-lazyload \" src=\"https:\/\/www.villarodriguez.it\/wp-content\/uploads\/2024\/10\/DSC00089-1030x542.jpg\" width=\"1030\" height=\"542\" alt=\"DSC00089\" title=\"DSC00089\" \/>                                <\/div>\r\n                                                    <\/div>\r\n                                            <\/div>\r\n                                    <div class=\"pxl-swiper-slide swiper-slide\">\r\n                        <div class=\"item-inner relative overflow-hidden\">\r\n                                                            <div class=\"item-image relative\">\r\n                                    <img loading=\"lazy\" decoding=\"async\" class=\"no-lazyload \" src=\"https:\/\/www.villarodriguez.it\/wp-content\/uploads\/2024\/10\/pag-servizi-1030x542.jpg\" width=\"1030\" height=\"542\" alt=\"Escursioni subacquee\" title=\"Escursioni subacquee\" \/>                                <\/div>\r\n                                                    <\/div>\r\n                                            <\/div>\r\n                                    <div class=\"pxl-swiper-slide swiper-slide\">\r\n                        <div class=\"item-inner relative overflow-hidden\">\r\n                                                            <div class=\"item-image relative\">\r\n                                    <img loading=\"lazy\" decoding=\"async\" class=\"no-lazyload \" src=\"https:\/\/www.villarodriguez.it\/wp-content\/uploads\/2024\/10\/fotone491-30x45-1-1030x542.jpg\" width=\"1030\" height=\"542\" alt=\"Immersioni\" title=\"Immersioni\" \/>                                <\/div>\r\n                                                    <\/div>\r\n                                            <\/div>\r\n                                    <div class=\"pxl-swiper-slide swiper-slide\">\r\n                        <div class=\"item-inner relative overflow-hidden\">\r\n                                                            <div class=\"item-image relative\">\r\n                                    <img loading=\"lazy\" decoding=\"async\" class=\"no-lazyload \" src=\"https:\/\/www.villarodriguez.it\/wp-content\/uploads\/2024\/10\/Corallo-30x45-1-1030x542.jpg\" width=\"1030\" height=\"542\" alt=\"Corallo 30x45\" title=\"Corallo 30x45\" \/>                                <\/div>\r\n                                                    <\/div>\r\n                                            <\/div>\r\n                            <\/div>    \r\n        <\/div>\r\n    <\/div>\r\n            <div class=\"pxl-swiper-arrows nav-in-vertical \">\r\n            <div class=\"pxl-swiper-arrow pxl-swiper-arrow-prev\"><span class=\"pxl-icon pxli-left-arrow\"><\/span><\/div>\r\n            <div class=\"pxl-swiper-arrow pxl-swiper-arrow-next\"><span class=\"pxl-icon pxli-right-arrow\"><\/span><\/div>\r\n        <\/div>\r\n        <\/div>\r\n \r\n\t\t\t\t<\/div>\n\t\t\t\t<\/div>\n\t\t                    <\/div>\r\n        <\/div>\r\n        \t\t\t<\/div>\n\t\t<\/section>\n\t\t        <section class=\"elementor-section elementor-top-section elementor-element elementor-element-e374b30 elementor-section-boxed elementor-section-height-default elementor-section-height-default pxl-section-static-pos-no pxl-section-overflow-hidden-no pxl-container-margin-auto-no\" data-id=\"e374b30\" data-element_type=\"section\">\n\n                \n                <div class=\"elementor-container elementor-column-gap-default \">\n                <div class=\"elementor-column elementor-col-100 elementor-top-column elementor-element elementor-element-3c09ddc col-offset-none pxl-column-element-default pxl-column-overflow-hidden-no\" data-id=\"3c09ddc\" data-element_type=\"column\">\r\n        <div class=\"elementor-widget-wrap elementor-element-populated\">\r\n                    \t\t<div class=\"elementor-element elementor-element-f20f0a9 elementor-widget elementor-widget-pxl_text_editor\" data-id=\"f20f0a9\" data-element_type=\"widget\" data-widget_type=\"pxl_text_editor.default\">\n\t\t\t\t<div class=\"elementor-widget-container\">\n\t\t\t\t\t<div id=\"pxl_text_editor-f20f0a9-3780\" class=\"pxl-text-editor-wrap d-flex \" >\n\t<div class=\"pxl-text-editor elementor-clearfix\">\n\t\t<p>Das Hotel Villa Rodriguez organisiert ma\u00dfgeschneiderte Aufenthalte, die auf die Bed\u00fcrfnisse und das Erfahrungsniveau der G\u00e4ste abgestimmt sind. In Zusammenarbeit mit verschiedenen Tauchzentren und Tauchschulen wird jede Art von Aktivit\u00e4t geplant, um die reiche und vielf\u00e4ltige Unterwasserwelt der Insel Elba zu entdecken.<\/p><p>Es werden sowohl Tauchg\u00e4nge f\u00fcr erfahrene Sportler als auch f\u00fcr einfache Meerliebhaber angeboten, die an mindestens 20 Tauchpl\u00e4tzen in der N\u00e4he durchgef\u00fchrt werden k\u00f6nnen und somit in kurzer Zeit erreichbar sind. Auch ganzt\u00e4gige Ausfl\u00fcge, bei denen die wundersch\u00f6nen Unterwasserlandschaften entlang der gesamten K\u00fcste der Insel entdeckt werden, sind m\u00f6glich. Besonders zu empfehlen sind die faszinierenden Nachttauchg\u00e4nge.<\/p><p>F\u00fcr Gruppen, die sich erstmals der faszinierenden Welt des Tauchsports n\u00e4hern oder ihre Erfahrungen vertiefen m\u00f6chten, bieten die Partner-Tauchschulen Kurse f\u00fcr alle Niveaus und Lehrmethoden an. Selbstverst\u00e4ndlich besteht die M\u00f6glichkeit, sowohl komplette als auch teilweise Tauchausr\u00fcstungen zu mieten.<\/p><p>F\u00fcr Begleitpersonen und Familienmitglieder, die nicht an den Tauchaktivit\u00e4ten teilnehmen, bietet das Hotel Villa Rodriguez die M\u00f6glichkeit, einen ruhigen und entspannten Urlaub in einer einladenden und informellen Umgebung zu genie\u00dfen, mit Zugang zum privaten, gut ausgestatteten Strand und allen weiteren Annehmlichkeiten des Hotels.<\/p>\t\t\n\t<\/div>\n<\/div>\t\t\t\t<\/div>\n\t\t\t\t<\/div>\n\t\t                    <\/div>\r\n        <\/div>\r\n        \t\t\t<\/div>\n\t\t<\/section>\n\t\t\t\t<\/div>\n\t\t","protected":false},"excerpt":{"rendered":"<p>Ein Paradies f\u00fcr Taucher am Strand von Naregno Mit direktem Zugang zum Meer und speziellen Dienstleistungen f\u00fcr Taucher bietet das Hotel Villa Rodriguez einen idealen Ausgangspunkt, um die besten Tauchgebiete der Insel zu erkunden, dank bequemer Anlegestellen und Partnerschaften mit qualifizierten Tauchzentren. Die privilegierte Lage des Hotel Villa Rodriguez, direkt am Meer in der wundersch\u00f6nen [&hellip;]<\/p>\n","protected":false},"author":1,"featured_media":0,"parent":0,"menu_order":0,"comment_status":"closed","ping_status":"closed","template":"","meta":{"footnotes":""},"class_list":["post-18026","page","type-page","status-publish","hentry"],"yoast_head":"<!-- This site is optimized with the Yoast SEO plugin v27.0 - https:\/\/yoast.com\/product\/yoast-seo-wordpress\/ -->\n<title>Tauchausfl\u00fcge - Hotel Villa Rodriguez direttamente sul mare all&#039;Isola d&#039;Elba<\/title>\n<meta name=\"robots\" content=\"index, follow, max-snippet:-1, max-image-preview:large, max-video-preview:-1\" \/>\n<link rel=\"canonical\" href=\"https:\/\/www.villarodriguez.it\/de\/tauchausfluege\/\" \/>\n<meta property=\"og:locale\" content=\"de_DE\" \/>\n<meta property=\"og:type\" content=\"article\" \/>\n<meta property=\"og:title\" content=\"Tauchausfl\u00fcge - Hotel Villa Rodriguez direttamente sul mare all&#039;Isola d&#039;Elba\" \/>\n<meta property=\"og:description\" content=\"Ein Paradies f\u00fcr Taucher am Strand von Naregno Mit direktem Zugang zum Meer und speziellen Dienstleistungen f\u00fcr Taucher bietet das Hotel Villa Rodriguez einen idealen Ausgangspunkt, um die besten Tauchgebiete der Insel zu erkunden, dank bequemer Anlegestellen und Partnerschaften mit qualifizierten Tauchzentren. Die privilegierte Lage des Hotel Villa Rodriguez, direkt am Meer in der wundersch\u00f6nen [&hellip;]\" \/>\n<meta property=\"og:url\" content=\"https:\/\/www.villarodriguez.it\/de\/tauchausfluege\/\" \/>\n<meta property=\"og:site_name\" content=\"Hotel Villa Rodriguez direttamente sul mare all&#039;Isola d&#039;Elba\" \/>\n<meta property=\"article:publisher\" content=\"https:\/\/www.facebook.com\/hotelvillarodriguez\/\" \/>\n<meta property=\"article:modified_time\" content=\"2024-12-11T08:58:41+00:00\" \/>\n<meta property=\"og:image\" content=\"http:\/\/villarodriguez.youelba.com\/wp-content\/uploads\/2024\/10\/o_diving-dscn4457-1030x542.jpg\" \/>\n<meta name=\"twitter:card\" content=\"summary_large_image\" \/>\n<meta name=\"twitter:label1\" content=\"Gesch\u00e4tzte Lesezeit\" \/>\n\t<meta name=\"twitter:data1\" content=\"4\u00a0Minuten\" \/>\n<script type=\"application\/ld+json\" class=\"yoast-schema-graph\">{\"@context\":\"https:\/\/schema.org\",\"@graph\":[{\"@type\":\"WebPage\",\"@id\":\"https:\/\/www.villarodriguez.it\/de\/tauchausfluege\/\",\"url\":\"https:\/\/www.villarodriguez.it\/de\/tauchausfluege\/\",\"name\":\"Tauchausfl\u00fcge - Hotel Villa Rodriguez direttamente sul mare all&#039;Isola d&#039;Elba\",\"isPartOf\":{\"@id\":\"https:\/\/www.villarodriguez.it\/#website\"},\"primaryImageOfPage\":{\"@id\":\"https:\/\/www.villarodriguez.it\/de\/tauchausfluege\/#primaryimage\"},\"image\":{\"@id\":\"https:\/\/www.villarodriguez.it\/de\/tauchausfluege\/#primaryimage\"},\"thumbnailUrl\":\"http:\/\/villarodriguez.youelba.com\/wp-content\/uploads\/2024\/10\/o_diving-dscn4457-1030x542.jpg\",\"datePublished\":\"2024-10-16T19:01:03+00:00\",\"dateModified\":\"2024-12-11T08:58:41+00:00\",\"breadcrumb\":{\"@id\":\"https:\/\/www.villarodriguez.it\/de\/tauchausfluege\/#breadcrumb\"},\"inLanguage\":\"de\",\"potentialAction\":[{\"@type\":\"ReadAction\",\"target\":[\"https:\/\/www.villarodriguez.it\/de\/tauchausfluege\/\"]}]},{\"@type\":\"ImageObject\",\"inLanguage\":\"de\",\"@id\":\"https:\/\/www.villarodriguez.it\/de\/tauchausfluege\/#primaryimage\",\"url\":\"http:\/\/villarodriguez.youelba.com\/wp-content\/uploads\/2024\/10\/o_diving-dscn4457-1030x542.jpg\",\"contentUrl\":\"http:\/\/villarodriguez.youelba.com\/wp-content\/uploads\/2024\/10\/o_diving-dscn4457-1030x542.jpg\"},{\"@type\":\"BreadcrumbList\",\"@id\":\"https:\/\/www.villarodriguez.it\/de\/tauchausfluege\/#breadcrumb\",\"itemListElement\":[{\"@type\":\"ListItem\",\"position\":1,\"name\":\"Home\",\"item\":\"https:\/\/www.villarodriguez.it\/de\/\"},{\"@type\":\"ListItem\",\"position\":2,\"name\":\"Tauchausfl\u00fcge\"}]},{\"@type\":\"WebSite\",\"@id\":\"https:\/\/www.villarodriguez.it\/#website\",\"url\":\"https:\/\/www.villarodriguez.it\/\",\"name\":\"Hotel Villa Rodriguez: Hotel sul mare all'Isola d'Elba\",\"description\":\"Il tuo soggiorno in Hotel sul mare all&#039;Isola d&#039;Elba. Camere confortevoli, vista mozzafiato, spiaggia privata per una vacanza da sogno.\",\"publisher\":{\"@id\":\"https:\/\/www.villarodriguez.it\/#organization\"},\"potentialAction\":[{\"@type\":\"SearchAction\",\"target\":{\"@type\":\"EntryPoint\",\"urlTemplate\":\"https:\/\/www.villarodriguez.it\/?s={search_term_string}\"},\"query-input\":{\"@type\":\"PropertyValueSpecification\",\"valueRequired\":true,\"valueName\":\"search_term_string\"}}],\"inLanguage\":\"de\"},{\"@type\":\"Organization\",\"@id\":\"https:\/\/www.villarodriguez.it\/#organization\",\"name\":\"Hotel Villa Rodriguez\",\"url\":\"https:\/\/www.villarodriguez.it\/\",\"logo\":{\"@type\":\"ImageObject\",\"inLanguage\":\"de\",\"@id\":\"https:\/\/www.villarodriguez.it\/#\/schema\/logo\/image\/\",\"url\":\"https:\/\/www.villarodriguez.it\/wp-content\/uploads\/2024\/10\/logo-esteso-trasparente.png\",\"contentUrl\":\"https:\/\/www.villarodriguez.it\/wp-content\/uploads\/2024\/10\/logo-esteso-trasparente.png\",\"width\":800,\"height\":352,\"caption\":\"Hotel Villa Rodriguez\"},\"image\":{\"@id\":\"https:\/\/www.villarodriguez.it\/#\/schema\/logo\/image\/\"},\"sameAs\":[\"https:\/\/www.facebook.com\/hotelvillarodriguez\/\",\"https:\/\/www.instagram.com\/hotelvillarodriguez\/\"]}]}<\/script>\n<!-- \/ Yoast SEO plugin. -->","yoast_head_json":{"title":"Tauchausfl\u00fcge - Hotel Villa Rodriguez direttamente sul mare all&#039;Isola d&#039;Elba","robots":{"index":"index","follow":"follow","max-snippet":"max-snippet:-1","max-image-preview":"max-image-preview:large","max-video-preview":"max-video-preview:-1"},"canonical":"https:\/\/www.villarodriguez.it\/de\/tauchausfluege\/","og_locale":"de_DE","og_type":"article","og_title":"Tauchausfl\u00fcge - Hotel Villa Rodriguez direttamente sul mare all&#039;Isola d&#039;Elba","og_description":"Ein Paradies f\u00fcr Taucher am Strand von Naregno Mit direktem Zugang zum Meer und speziellen Dienstleistungen f\u00fcr Taucher bietet das Hotel Villa Rodriguez einen idealen Ausgangspunkt, um die besten Tauchgebiete der Insel zu erkunden, dank bequemer Anlegestellen und Partnerschaften mit qualifizierten Tauchzentren. Die privilegierte Lage des Hotel Villa Rodriguez, direkt am Meer in der wundersch\u00f6nen [&hellip;]","og_url":"https:\/\/www.villarodriguez.it\/de\/tauchausfluege\/","og_site_name":"Hotel Villa Rodriguez direttamente sul mare all&#039;Isola d&#039;Elba","article_publisher":"https:\/\/www.facebook.com\/hotelvillarodriguez\/","article_modified_time":"2024-12-11T08:58:41+00:00","og_image":[{"url":"http:\/\/villarodriguez.youelba.com\/wp-content\/uploads\/2024\/10\/o_diving-dscn4457-1030x542.jpg","type":"","width":"","height":""}],"twitter_card":"summary_large_image","twitter_misc":{"Gesch\u00e4tzte Lesezeit":"4\u00a0Minuten"},"schema":{"@context":"https:\/\/schema.org","@graph":[{"@type":"WebPage","@id":"https:\/\/www.villarodriguez.it\/de\/tauchausfluege\/","url":"https:\/\/www.villarodriguez.it\/de\/tauchausfluege\/","name":"Tauchausfl\u00fcge - Hotel Villa Rodriguez direttamente sul mare all&#039;Isola d&#039;Elba","isPartOf":{"@id":"https:\/\/www.villarodriguez.it\/#website"},"primaryImageOfPage":{"@id":"https:\/\/www.villarodriguez.it\/de\/tauchausfluege\/#primaryimage"},"image":{"@id":"https:\/\/www.villarodriguez.it\/de\/tauchausfluege\/#primaryimage"},"thumbnailUrl":"http:\/\/villarodriguez.youelba.com\/wp-content\/uploads\/2024\/10\/o_diving-dscn4457-1030x542.jpg","datePublished":"2024-10-16T19:01:03+00:00","dateModified":"2024-12-11T08:58:41+00:00","breadcrumb":{"@id":"https:\/\/www.villarodriguez.it\/de\/tauchausfluege\/#breadcrumb"},"inLanguage":"de","potentialAction":[{"@type":"ReadAction","target":["https:\/\/www.villarodriguez.it\/de\/tauchausfluege\/"]}]},{"@type":"ImageObject","inLanguage":"de","@id":"https:\/\/www.villarodriguez.it\/de\/tauchausfluege\/#primaryimage","url":"http:\/\/villarodriguez.youelba.com\/wp-content\/uploads\/2024\/10\/o_diving-dscn4457-1030x542.jpg","contentUrl":"http:\/\/villarodriguez.youelba.com\/wp-content\/uploads\/2024\/10\/o_diving-dscn4457-1030x542.jpg"},{"@type":"BreadcrumbList","@id":"https:\/\/www.villarodriguez.it\/de\/tauchausfluege\/#breadcrumb","itemListElement":[{"@type":"ListItem","position":1,"name":"Home","item":"https:\/\/www.villarodriguez.it\/de\/"},{"@type":"ListItem","position":2,"name":"Tauchausfl\u00fcge"}]},{"@type":"WebSite","@id":"https:\/\/www.villarodriguez.it\/#website","url":"https:\/\/www.villarodriguez.it\/","name":"Hotel Villa Rodriguez: Hotel sul mare all'Isola d'Elba","description":"Il tuo soggiorno in Hotel sul mare all&#039;Isola d&#039;Elba. Camere confortevoli, vista mozzafiato, spiaggia privata per una vacanza da sogno.","publisher":{"@id":"https:\/\/www.villarodriguez.it\/#organization"},"potentialAction":[{"@type":"SearchAction","target":{"@type":"EntryPoint","urlTemplate":"https:\/\/www.villarodriguez.it\/?s={search_term_string}"},"query-input":{"@type":"PropertyValueSpecification","valueRequired":true,"valueName":"search_term_string"}}],"inLanguage":"de"},{"@type":"Organization","@id":"https:\/\/www.villarodriguez.it\/#organization","name":"Hotel Villa Rodriguez","url":"https:\/\/www.villarodriguez.it\/","logo":{"@type":"ImageObject","inLanguage":"de","@id":"https:\/\/www.villarodriguez.it\/#\/schema\/logo\/image\/","url":"https:\/\/www.villarodriguez.it\/wp-content\/uploads\/2024\/10\/logo-esteso-trasparente.png","contentUrl":"https:\/\/www.villarodriguez.it\/wp-content\/uploads\/2024\/10\/logo-esteso-trasparente.png","width":800,"height":352,"caption":"Hotel Villa Rodriguez"},"image":{"@id":"https:\/\/www.villarodriguez.it\/#\/schema\/logo\/image\/"},"sameAs":["https:\/\/www.facebook.com\/hotelvillarodriguez\/","https:\/\/www.instagram.com\/hotelvillarodriguez\/"]}]}},"_links":{"self":[{"href":"https:\/\/www.villarodriguez.it\/de\/wp-json\/wp\/v2\/pages\/18026","targetHints":{"allow":["GET"]}}],"collection":[{"href":"https:\/\/www.villarodriguez.it\/de\/wp-json\/wp\/v2\/pages"}],"about":[{"href":"https:\/\/www.villarodriguez.it\/de\/wp-json\/wp\/v2\/types\/page"}],"author":[{"embeddable":true,"href":"https:\/\/www.villarodriguez.it\/de\/wp-json\/wp\/v2\/users\/1"}],"replies":[{"embeddable":true,"href":"https:\/\/www.villarodriguez.it\/de\/wp-json\/wp\/v2\/comments?post=18026"}],"version-history":[{"count":5,"href":"https:\/\/www.villarodriguez.it\/de\/wp-json\/wp\/v2\/pages\/18026\/revisions"}],"predecessor-version":[{"id":18721,"href":"https:\/\/www.villarodriguez.it\/de\/wp-json\/wp\/v2\/pages\/18026\/revisions\/18721"}],"wp:attachment":[{"href":"https:\/\/www.villarodriguez.it\/de\/wp-json\/wp\/v2\/media?parent=18026"}],"curies":[{"name":"wp","href":"https:\/\/api.w.org\/{rel}","templated":true}]}}