{"id":18006,"date":"2024-10-15T14:49:47","date_gmt":"2024-10-15T12:49:47","guid":{"rendered":"http:\/\/villarodriguez.youelba.com\/appartamento\/"},"modified":"2024-12-11T09:56:59","modified_gmt":"2024-12-11T08:56:59","slug":"apartment","status":"publish","type":"page","link":"https:\/\/www.villarodriguez.it\/de\/apartment\/","title":{"rendered":"Apartment"},"content":{"rendered":"\t\t<div data-elementor-type=\"wp-page\" data-elementor-id=\"18006\" class=\"elementor elementor-18006 elementor-17190\">\n\t\t\t\t        <section class=\"elementor-section elementor-top-section elementor-element elementor-element-8160999 elementor-section-full_width elementor-section-height-default elementor-section-height-default pxl-section-offset-none pxl-section-static-pos-no pxl-section-overflow-hidden-no pxl-container-margin-auto-no\" data-id=\"8160999\" data-element_type=\"section\" data-settings=\"{&quot;background_background&quot;:&quot;classic&quot;}\">\n\n                \n                <div class=\"elementor-container elementor-column-gap-no \">\n                <div class=\"elementor-column elementor-col-100 elementor-top-column elementor-element elementor-element-85f8d99 col-offset-none pxl-column-element-default pxl-column-overflow-hidden-no\" data-id=\"85f8d99\" data-element_type=\"column\">\r\n        <div class=\"elementor-widget-wrap elementor-element-populated\">\r\n                    \t\t<div class=\"elementor-element elementor-element-67efa74 elementor-invisible pxl-elementor-animate elementor-widget elementor-widget-pxl_text_editor\" data-id=\"67efa74\" data-element_type=\"widget\" data-settings=\"{&quot;_animation&quot;:&quot;fadeInUp&quot;}\" data-widget_type=\"pxl_text_editor.default\">\n\t\t\t\t<div class=\"elementor-widget-container\">\n\t\t\t\t\t<div id=\"pxl_text_editor-67efa74-9577\" class=\"pxl-text-editor-wrap d-flex \" >\n\t<div class=\"pxl-text-editor elementor-clearfix\">\n\t\t<h4>Nur wenige Meter vom Hotel Villa Rodriguez entfernt, auf dem Vorgebirge Capo della Tavola, auch bekannt als Punta Principessa unter den Kennern der alten Legende, befindet sich das Apartment des Hotels Villa Rodriguez.<\/h4>\t\t\n\t<\/div>\n<\/div>\t\t\t\t<\/div>\n\t\t\t\t<\/div>\n\t\t\t\t<div class=\"elementor-element elementor-element-bb468e6 elementor-invisible pxl-elementor-animate elementor-widget elementor-widget-pxl_text_editor\" data-id=\"bb468e6\" data-element_type=\"widget\" data-settings=\"{&quot;_animation&quot;:&quot;fadeInUp&quot;}\" data-widget_type=\"pxl_text_editor.default\">\n\t\t\t\t<div class=\"elementor-widget-container\">\n\t\t\t\t\t<div id=\"pxl_text_editor-bb468e6-9431\" class=\"pxl-text-editor-wrap d-flex \" >\n\t<div class=\"pxl-text-editor elementor-clearfix\">\n\t\t<p><br \/>Eingebettet in einen Pinienwald, befindet sich das Apartment Maestrale an einem einzigartigen Ort: In der wundersch\u00f6nen Naturkulisse des Golfs von Porto Azzurro bietet das erh\u00f6ht gelegene H\u00e4uschen einen beneidenswerten Panoramablick \u00fcber die gesamte Bucht. Von hier aus kann man das Dorf und den malerischen Hafen von Porto Azzurro auf der einen Seite und die Festung Forte Focardo auf der anderen Seite sehen. Diese Aussicht l\u00e4sst sich besonders gut von der gro\u00dfz\u00fcgigen Panorama-Terrasse genie\u00dfen, die sich \u00fcber die gesamte L\u00e4nge des Apartments erstreckt und mit einem Tisch, St\u00fchlen und Sonnenliegen ausgestattet ist.<\/p><p>Zum Meer gelangt man entweder direkt \u00fcber die darunterliegenden Felsen oder \u00fcber den Strand von Naregno, wo die private Strandzone des Hotels Villa Rodriguez mit Sonnenschirmen und Liegen zur Verf\u00fcgung steht, oder \u00fcber den angrenzenden \u00f6ffentlichen Strandbereich.<\/p><p>Das Apartment Maestrale ist einfach und gem\u00fctlich eingerichtet und besteht aus zwei Doppelzimmern, einem Wohnzimmer, einer separaten K\u00fcchenzeile mit K\u00fchlschrank und Backofen sowie einem Bad mit Dusche.<\/p>\t\t\n\t<\/div>\n<\/div>\t\t\t\t<\/div>\n\t\t\t\t<\/div>\n\t\t\t\t<div class=\"elementor-element elementor-element-3c328e4 elementor-widget elementor-widget-pxl_divider\" data-id=\"3c328e4\" data-element_type=\"widget\" data-widget_type=\"pxl_divider.default\">\n\t\t\t\t<div class=\"elementor-widget-container\">\n\t\t\t\t\t<div class=\"pxl-divider horizontal animated normal\"><div class=\"pxl-divider-separator\"><\/div><\/div>\t\t\t\t<\/div>\n\t\t\t\t<\/div>\n\t\t\t\t<div class=\"elementor-element elementor-element-d0f962b pxl-swiper-arrows-true pxl-gallery-carousel-layout-1 pxl-swiper-dots-false pxl-swiper-dots-color-mode-df elementor-widget elementor-widget-pxl_gallery_carousel\" data-id=\"d0f962b\" data-element_type=\"widget\" data-widget_type=\"pxl_gallery_carousel.default\">\n\t\t\t\t<div class=\"elementor-widget-container\">\n\t\t\t\t\t \r\n<div class=\"pxl-swiper-slider pxl-gallery-carousel layout-1\">\r\n    <div class=\"pxl-swiper-slider-wrap pxl-carousel-inner overflow-hidden\">\r\n        <div class=\"pxl-swiper-container\" dir=\"ltr\" data-settings=\"{&quot;slide_direction&quot;:&quot;horizontal&quot;,&quot;slide_percolumn&quot;:1,&quot;slide_mode&quot;:&quot;slide&quot;,&quot;slides_to_show_xxl&quot;:1.82,&quot;slides_to_show&quot;:1.82,&quot;slides_to_show_lg&quot;:1.8,&quot;slides_to_show_md&quot;:1.8,&quot;slides_to_show_sm&quot;:1.8,&quot;slides_to_show_xs&quot;:1,&quot;slides_to_scroll&quot;:1,&quot;slides_gutter&quot;:30,&quot;center_slide&quot;:&quot;true&quot;,&quot;dots_style&quot;:&quot;bullets&quot;,&quot;autoplay&quot;:false,&quot;pause_on_hover&quot;:false,&quot;pause_on_interaction&quot;:true,&quot;delay&quot;:5000,&quot;loop&quot;:true,&quot;speed&quot;:500}\">\r\n            <div class=\"pxl-swiper-wrapper swiper-wrapper\">\r\n                                    <div class=\"pxl-swiper-slide swiper-slide\">\r\n                        <div class=\"item-inner relative overflow-hidden\">\r\n                                                            <div class=\"item-image relative\">\r\n                                    <img fetchpriority=\"high\" decoding=\"async\" class=\"no-lazyload \" src=\"https:\/\/www.villarodriguez.it\/wp-content\/uploads\/2024\/10\/buona-57HDR-1030x542.jpg\" width=\"1030\" height=\"542\" alt=\"Appartamento Pineta - esterno\" title=\"Appartamento Pineta - esterno\" \/>                                <\/div>\r\n                                                    <\/div>\r\n                                            <\/div>\r\n                                    <div class=\"pxl-swiper-slide swiper-slide\">\r\n                        <div class=\"item-inner relative overflow-hidden\">\r\n                                                            <div class=\"item-image relative\">\r\n                                    <img decoding=\"async\" class=\"no-lazyload \" src=\"https:\/\/www.villarodriguez.it\/wp-content\/uploads\/2024\/10\/Appartamento-Pineta_8-Copia-1030x542.jpg\" width=\"1030\" height=\"542\" alt=\"Appartamento Pineta - Soggiorno\" title=\"Appartamento Pineta - Soggiorno\" \/>                                <\/div>\r\n                                                    <\/div>\r\n                                            <\/div>\r\n                                    <div class=\"pxl-swiper-slide swiper-slide\">\r\n                        <div class=\"item-inner relative overflow-hidden\">\r\n                                                            <div class=\"item-image relative\">\r\n                                    <img decoding=\"async\" class=\"no-lazyload \" src=\"https:\/\/www.villarodriguez.it\/wp-content\/uploads\/2024\/10\/Appartamento-Pineta_10-Copia-1030x542.jpg\" width=\"1030\" height=\"542\" alt=\"Appartamento Pineta - Camera Matrimoniale\" title=\"Appartamento Pineta - Camera Matrimoniale\" \/>                                <\/div>\r\n                                                    <\/div>\r\n                                            <\/div>\r\n                                    <div class=\"pxl-swiper-slide swiper-slide\">\r\n                        <div class=\"item-inner relative overflow-hidden\">\r\n                                                            <div class=\"item-image relative\">\r\n                                    <img loading=\"lazy\" decoding=\"async\" class=\"no-lazyload \" src=\"https:\/\/www.villarodriguez.it\/wp-content\/uploads\/2024\/10\/Appartamento-Pineta_11-Copia-1030x542.jpg\" width=\"1030\" height=\"542\" alt=\"Appartamento Pineta - Camera matrimoniale\" title=\"Appartamento Pineta - Camera matrimoniale\" \/>                                <\/div>\r\n                                                    <\/div>\r\n                                            <\/div>\r\n                                    <div class=\"pxl-swiper-slide swiper-slide\">\r\n                        <div class=\"item-inner relative overflow-hidden\">\r\n                                                            <div class=\"item-image relative\">\r\n                                    <img loading=\"lazy\" decoding=\"async\" class=\"no-lazyload \" src=\"https:\/\/www.villarodriguez.it\/wp-content\/uploads\/2024\/10\/Appartamento-Pineta_13-Copia-1030x542.jpg\" width=\"1030\" height=\"542\" alt=\"Appartamento Pineta - Camera doppia\" title=\"Appartamento Pineta - Camera doppia\" \/>                                <\/div>\r\n                                                    <\/div>\r\n                                            <\/div>\r\n                                    <div class=\"pxl-swiper-slide swiper-slide\">\r\n                        <div class=\"item-inner relative overflow-hidden\">\r\n                                                            <div class=\"item-image relative\">\r\n                                    <img loading=\"lazy\" decoding=\"async\" class=\"no-lazyload \" src=\"https:\/\/www.villarodriguez.it\/wp-content\/uploads\/2024\/10\/buona-62HDR-1030x542.jpg\" width=\"1030\" height=\"542\" alt=\"Appartamento Pineta - vista\" title=\"Appartamento Pineta - vista\" \/>                                <\/div>\r\n                                                    <\/div>\r\n                                            <\/div>\r\n                                    <div class=\"pxl-swiper-slide swiper-slide\">\r\n                        <div class=\"item-inner relative overflow-hidden\">\r\n                                                            <div class=\"item-image relative\">\r\n                                    <img loading=\"lazy\" decoding=\"async\" class=\"no-lazyload \" src=\"https:\/\/www.villarodriguez.it\/wp-content\/uploads\/2024\/10\/buona-64-1030x542.jpg\" width=\"1030\" height=\"542\" alt=\"Appartamento Pineta - esterno\" title=\"Appartamento Pineta - esterno\" \/>                                <\/div>\r\n                                                    <\/div>\r\n                                            <\/div>\r\n                                    <div class=\"pxl-swiper-slide swiper-slide\">\r\n                        <div class=\"item-inner relative overflow-hidden\">\r\n                                                            <div class=\"item-image relative\">\r\n                                    <img loading=\"lazy\" decoding=\"async\" class=\"no-lazyload \" src=\"https:\/\/www.villarodriguez.it\/wp-content\/uploads\/2024\/10\/buona-51-1030x542.jpg\" width=\"1030\" height=\"542\" alt=\"Appartamento Pineta - esterno\" title=\"Appartamento Pineta - esterno\" \/>                                <\/div>\r\n                                                    <\/div>\r\n                                            <\/div>\r\n                            <\/div>    \r\n        <\/div>\r\n    <\/div>\r\n            <div class=\"pxl-swiper-arrows nav-in-vertical \">\r\n            <div class=\"pxl-swiper-arrow pxl-swiper-arrow-prev\"><span class=\"pxl-icon pxli-left-arrow\"><\/span><\/div>\r\n            <div class=\"pxl-swiper-arrow pxl-swiper-arrow-next\"><span class=\"pxl-icon pxli-right-arrow\"><\/span><\/div>\r\n        <\/div>\r\n        <\/div>\r\n \r\n\t\t\t\t<\/div>\n\t\t\t\t<\/div>\n\t\t                    <\/div>\r\n        <\/div>\r\n        \t\t\t<\/div>\n\t\t<\/section>\n\t\t        <section class=\"elementor-section elementor-top-section elementor-element elementor-element-d381a17 elementor-section-boxed elementor-section-height-default elementor-section-height-default pxl-section-static-pos-no pxl-section-overflow-hidden-no pxl-container-margin-auto-no\" data-id=\"d381a17\" data-element_type=\"section\">\n\n                \n                <div class=\"elementor-container elementor-column-gap-default \">\n                <div class=\"elementor-column elementor-col-100 elementor-top-column elementor-element elementor-element-f0128ef col-offset-none pxl-column-element-default pxl-column-overflow-hidden-no\" data-id=\"f0128ef\" data-element_type=\"column\">\r\n        <div class=\"elementor-widget-wrap elementor-element-populated\">\r\n                    \t\t<div class=\"elementor-element elementor-element-a7e0cdc elementor-widget elementor-widget-pxl_divider\" data-id=\"a7e0cdc\" data-element_type=\"widget\" data-widget_type=\"pxl_divider.default\">\n\t\t\t\t<div class=\"elementor-widget-container\">\n\t\t\t\t\t<div class=\"pxl-divider horizontal animated normal\"><div class=\"pxl-divider-separator\"><\/div><\/div>\t\t\t\t<\/div>\n\t\t\t\t<\/div>\n\t\t                    <\/div>\r\n        <\/div>\r\n        \t\t\t<\/div>\n\t\t<\/section>\n\t\t        <section class=\"elementor-section elementor-top-section elementor-element elementor-element-5b8e6fa elementor-section-boxed elementor-section-height-default elementor-section-height-default pxl-section-static-pos-no pxl-section-overflow-hidden-no pxl-container-margin-auto-no\" data-id=\"5b8e6fa\" data-element_type=\"section\">\n\n                \n                <div class=\"elementor-container elementor-column-gap-default \">\n                <div class=\"elementor-column elementor-col-100 elementor-top-column elementor-element elementor-element-8f9161c pxl-column-element-grow col-offset-none pxl-column-overflow-hidden-no\" data-id=\"8f9161c\" data-element_type=\"column\">\r\n        <div class=\"elementor-widget-wrap elementor-element-populated\">\r\n                    \t\t<div class=\"elementor-element elementor-element-1ab5f12 elementor-widget elementor-widget-pxl_text_editor\" data-id=\"1ab5f12\" data-element_type=\"widget\" data-widget_type=\"pxl_text_editor.default\">\n\t\t\t\t<div class=\"elementor-widget-container\">\n\t\t\t\t\t<div id=\"pxl_text_editor-1ab5f12-9874\" class=\"pxl-text-editor-wrap d-flex \" >\n\t<div class=\"pxl-text-editor elementor-clearfix\">\n\t\t<p>Die Wohnung ist mit allen notwendigen Annehmlichkeiten ausgestattet, um sie gem\u00fctlich und einladend zu machen \u2013 ideal f\u00fcr einen traumhaften Urlaub, sowohl f\u00fcr eine Familie mit Kindern als auch f\u00fcr ein junges Paar. Sie verf\u00fcgt \u00fcber einen Fernseher, eine Waschmaschine, Heizung und einen privaten Parkplatz.<\/p><p>Da sie nur wenige Schritte vom Hotel Villa Rodriguez entfernt ist, k\u00f6nnen die G\u00e4ste des Apartments einige der Dienstleistungen des Hotels bequem in Anspruch nehmen. Gleichzeitig jedoch gew\u00e4hrleisten der separate Eingang und die abgeschiedene Lage die v\u00f6llige Ruhe des privaten H\u00e4uschens, fernab vom lebhaften Treiben am Strand.<\/p>\t\t\n\t<\/div>\n<\/div>\t\t\t\t<\/div>\n\t\t\t\t<\/div>\n\t\t                    <\/div>\r\n        <\/div>\r\n        \t\t\t<\/div>\n\t\t<\/section>\n\t\t\t\t<\/div>\n\t\t","protected":false},"excerpt":{"rendered":"<p>Nur wenige Meter vom Hotel Villa Rodriguez entfernt, auf dem Vorgebirge Capo della Tavola, auch bekannt als Punta Principessa unter den Kennern der alten Legende, befindet sich das Apartment des Hotels Villa Rodriguez. Eingebettet in einen Pinienwald, befindet sich das Apartment Maestrale an einem einzigartigen Ort: In der wundersch\u00f6nen Naturkulisse des Golfs von Porto Azzurro [&hellip;]<\/p>\n","protected":false},"author":1,"featured_media":0,"parent":0,"menu_order":0,"comment_status":"closed","ping_status":"closed","template":"","meta":{"footnotes":""},"class_list":["post-18006","page","type-page","status-publish","hentry"],"yoast_head":"<!-- This site is optimized with the Yoast SEO plugin v27.0 - https:\/\/yoast.com\/product\/yoast-seo-wordpress\/ -->\n<title>Apartment - Hotel Villa Rodriguez direttamente sul mare all&#039;Isola d&#039;Elba<\/title>\n<meta name=\"robots\" content=\"index, follow, max-snippet:-1, max-image-preview:large, max-video-preview:-1\" \/>\n<link rel=\"canonical\" href=\"https:\/\/www.villarodriguez.it\/de\/apartment\/\" \/>\n<meta property=\"og:locale\" content=\"de_DE\" \/>\n<meta property=\"og:type\" content=\"article\" \/>\n<meta property=\"og:title\" content=\"Apartment - Hotel Villa Rodriguez direttamente sul mare all&#039;Isola d&#039;Elba\" \/>\n<meta property=\"og:description\" content=\"Nur wenige Meter vom Hotel Villa Rodriguez entfernt, auf dem Vorgebirge Capo della Tavola, auch bekannt als Punta Principessa unter den Kennern der alten Legende, befindet sich das Apartment des Hotels Villa Rodriguez. Eingebettet in einen Pinienwald, befindet sich das Apartment Maestrale an einem einzigartigen Ort: In der wundersch\u00f6nen Naturkulisse des Golfs von Porto Azzurro [&hellip;]\" \/>\n<meta property=\"og:url\" content=\"https:\/\/www.villarodriguez.it\/de\/apartment\/\" \/>\n<meta property=\"og:site_name\" content=\"Hotel Villa Rodriguez direttamente sul mare all&#039;Isola d&#039;Elba\" \/>\n<meta property=\"article:publisher\" content=\"https:\/\/www.facebook.com\/hotelvillarodriguez\/\" \/>\n<meta property=\"article:modified_time\" content=\"2024-12-11T08:56:59+00:00\" \/>\n<meta property=\"og:image\" content=\"http:\/\/villarodriguez.youelba.com\/wp-content\/uploads\/2024\/10\/buona-57HDR-1030x542.jpg\" \/>\n<meta name=\"twitter:card\" content=\"summary_large_image\" \/>\n<meta name=\"twitter:label1\" content=\"Gesch\u00e4tzte Lesezeit\" \/>\n\t<meta name=\"twitter:data1\" content=\"4\u00a0Minuten\" \/>\n<script type=\"application\/ld+json\" class=\"yoast-schema-graph\">{\"@context\":\"https:\/\/schema.org\",\"@graph\":[{\"@type\":\"WebPage\",\"@id\":\"https:\/\/www.villarodriguez.it\/de\/apartment\/\",\"url\":\"https:\/\/www.villarodriguez.it\/de\/apartment\/\",\"name\":\"Apartment - Hotel Villa Rodriguez direttamente sul mare all&#039;Isola d&#039;Elba\",\"isPartOf\":{\"@id\":\"https:\/\/www.villarodriguez.it\/#website\"},\"primaryImageOfPage\":{\"@id\":\"https:\/\/www.villarodriguez.it\/de\/apartment\/#primaryimage\"},\"image\":{\"@id\":\"https:\/\/www.villarodriguez.it\/de\/apartment\/#primaryimage\"},\"thumbnailUrl\":\"http:\/\/villarodriguez.youelba.com\/wp-content\/uploads\/2024\/10\/buona-57HDR-1030x542.jpg\",\"datePublished\":\"2024-10-15T12:49:47+00:00\",\"dateModified\":\"2024-12-11T08:56:59+00:00\",\"breadcrumb\":{\"@id\":\"https:\/\/www.villarodriguez.it\/de\/apartment\/#breadcrumb\"},\"inLanguage\":\"de\",\"potentialAction\":[{\"@type\":\"ReadAction\",\"target\":[\"https:\/\/www.villarodriguez.it\/de\/apartment\/\"]}]},{\"@type\":\"ImageObject\",\"inLanguage\":\"de\",\"@id\":\"https:\/\/www.villarodriguez.it\/de\/apartment\/#primaryimage\",\"url\":\"http:\/\/villarodriguez.youelba.com\/wp-content\/uploads\/2024\/10\/buona-57HDR-1030x542.jpg\",\"contentUrl\":\"http:\/\/villarodriguez.youelba.com\/wp-content\/uploads\/2024\/10\/buona-57HDR-1030x542.jpg\"},{\"@type\":\"BreadcrumbList\",\"@id\":\"https:\/\/www.villarodriguez.it\/de\/apartment\/#breadcrumb\",\"itemListElement\":[{\"@type\":\"ListItem\",\"position\":1,\"name\":\"Home\",\"item\":\"https:\/\/www.villarodriguez.it\/de\/\"},{\"@type\":\"ListItem\",\"position\":2,\"name\":\"Apartment\"}]},{\"@type\":\"WebSite\",\"@id\":\"https:\/\/www.villarodriguez.it\/#website\",\"url\":\"https:\/\/www.villarodriguez.it\/\",\"name\":\"Hotel Villa Rodriguez: Hotel sul mare all'Isola d'Elba\",\"description\":\"Il tuo soggiorno in Hotel sul mare all&#039;Isola d&#039;Elba. Camere confortevoli, vista mozzafiato, spiaggia privata per una vacanza da sogno.\",\"publisher\":{\"@id\":\"https:\/\/www.villarodriguez.it\/#organization\"},\"potentialAction\":[{\"@type\":\"SearchAction\",\"target\":{\"@type\":\"EntryPoint\",\"urlTemplate\":\"https:\/\/www.villarodriguez.it\/?s={search_term_string}\"},\"query-input\":{\"@type\":\"PropertyValueSpecification\",\"valueRequired\":true,\"valueName\":\"search_term_string\"}}],\"inLanguage\":\"de\"},{\"@type\":\"Organization\",\"@id\":\"https:\/\/www.villarodriguez.it\/#organization\",\"name\":\"Hotel Villa Rodriguez\",\"url\":\"https:\/\/www.villarodriguez.it\/\",\"logo\":{\"@type\":\"ImageObject\",\"inLanguage\":\"de\",\"@id\":\"https:\/\/www.villarodriguez.it\/#\/schema\/logo\/image\/\",\"url\":\"https:\/\/www.villarodriguez.it\/wp-content\/uploads\/2024\/10\/logo-esteso-trasparente.png\",\"contentUrl\":\"https:\/\/www.villarodriguez.it\/wp-content\/uploads\/2024\/10\/logo-esteso-trasparente.png\",\"width\":800,\"height\":352,\"caption\":\"Hotel Villa Rodriguez\"},\"image\":{\"@id\":\"https:\/\/www.villarodriguez.it\/#\/schema\/logo\/image\/\"},\"sameAs\":[\"https:\/\/www.facebook.com\/hotelvillarodriguez\/\",\"https:\/\/www.instagram.com\/hotelvillarodriguez\/\"]}]}<\/script>\n<!-- \/ Yoast SEO plugin. -->","yoast_head_json":{"title":"Apartment - Hotel Villa Rodriguez direttamente sul mare all&#039;Isola d&#039;Elba","robots":{"index":"index","follow":"follow","max-snippet":"max-snippet:-1","max-image-preview":"max-image-preview:large","max-video-preview":"max-video-preview:-1"},"canonical":"https:\/\/www.villarodriguez.it\/de\/apartment\/","og_locale":"de_DE","og_type":"article","og_title":"Apartment - Hotel Villa Rodriguez direttamente sul mare all&#039;Isola d&#039;Elba","og_description":"Nur wenige Meter vom Hotel Villa Rodriguez entfernt, auf dem Vorgebirge Capo della Tavola, auch bekannt als Punta Principessa unter den Kennern der alten Legende, befindet sich das Apartment des Hotels Villa Rodriguez. Eingebettet in einen Pinienwald, befindet sich das Apartment Maestrale an einem einzigartigen Ort: In der wundersch\u00f6nen Naturkulisse des Golfs von Porto Azzurro [&hellip;]","og_url":"https:\/\/www.villarodriguez.it\/de\/apartment\/","og_site_name":"Hotel Villa Rodriguez direttamente sul mare all&#039;Isola d&#039;Elba","article_publisher":"https:\/\/www.facebook.com\/hotelvillarodriguez\/","article_modified_time":"2024-12-11T08:56:59+00:00","og_image":[{"url":"http:\/\/villarodriguez.youelba.com\/wp-content\/uploads\/2024\/10\/buona-57HDR-1030x542.jpg","type":"","width":"","height":""}],"twitter_card":"summary_large_image","twitter_misc":{"Gesch\u00e4tzte Lesezeit":"4\u00a0Minuten"},"schema":{"@context":"https:\/\/schema.org","@graph":[{"@type":"WebPage","@id":"https:\/\/www.villarodriguez.it\/de\/apartment\/","url":"https:\/\/www.villarodriguez.it\/de\/apartment\/","name":"Apartment - Hotel Villa Rodriguez direttamente sul mare all&#039;Isola d&#039;Elba","isPartOf":{"@id":"https:\/\/www.villarodriguez.it\/#website"},"primaryImageOfPage":{"@id":"https:\/\/www.villarodriguez.it\/de\/apartment\/#primaryimage"},"image":{"@id":"https:\/\/www.villarodriguez.it\/de\/apartment\/#primaryimage"},"thumbnailUrl":"http:\/\/villarodriguez.youelba.com\/wp-content\/uploads\/2024\/10\/buona-57HDR-1030x542.jpg","datePublished":"2024-10-15T12:49:47+00:00","dateModified":"2024-12-11T08:56:59+00:00","breadcrumb":{"@id":"https:\/\/www.villarodriguez.it\/de\/apartment\/#breadcrumb"},"inLanguage":"de","potentialAction":[{"@type":"ReadAction","target":["https:\/\/www.villarodriguez.it\/de\/apartment\/"]}]},{"@type":"ImageObject","inLanguage":"de","@id":"https:\/\/www.villarodriguez.it\/de\/apartment\/#primaryimage","url":"http:\/\/villarodriguez.youelba.com\/wp-content\/uploads\/2024\/10\/buona-57HDR-1030x542.jpg","contentUrl":"http:\/\/villarodriguez.youelba.com\/wp-content\/uploads\/2024\/10\/buona-57HDR-1030x542.jpg"},{"@type":"BreadcrumbList","@id":"https:\/\/www.villarodriguez.it\/de\/apartment\/#breadcrumb","itemListElement":[{"@type":"ListItem","position":1,"name":"Home","item":"https:\/\/www.villarodriguez.it\/de\/"},{"@type":"ListItem","position":2,"name":"Apartment"}]},{"@type":"WebSite","@id":"https:\/\/www.villarodriguez.it\/#website","url":"https:\/\/www.villarodriguez.it\/","name":"Hotel Villa Rodriguez: Hotel sul mare all'Isola d'Elba","description":"Il tuo soggiorno in Hotel sul mare all&#039;Isola d&#039;Elba. Camere confortevoli, vista mozzafiato, spiaggia privata per una vacanza da sogno.","publisher":{"@id":"https:\/\/www.villarodriguez.it\/#organization"},"potentialAction":[{"@type":"SearchAction","target":{"@type":"EntryPoint","urlTemplate":"https:\/\/www.villarodriguez.it\/?s={search_term_string}"},"query-input":{"@type":"PropertyValueSpecification","valueRequired":true,"valueName":"search_term_string"}}],"inLanguage":"de"},{"@type":"Organization","@id":"https:\/\/www.villarodriguez.it\/#organization","name":"Hotel Villa Rodriguez","url":"https:\/\/www.villarodriguez.it\/","logo":{"@type":"ImageObject","inLanguage":"de","@id":"https:\/\/www.villarodriguez.it\/#\/schema\/logo\/image\/","url":"https:\/\/www.villarodriguez.it\/wp-content\/uploads\/2024\/10\/logo-esteso-trasparente.png","contentUrl":"https:\/\/www.villarodriguez.it\/wp-content\/uploads\/2024\/10\/logo-esteso-trasparente.png","width":800,"height":352,"caption":"Hotel Villa Rodriguez"},"image":{"@id":"https:\/\/www.villarodriguez.it\/#\/schema\/logo\/image\/"},"sameAs":["https:\/\/www.facebook.com\/hotelvillarodriguez\/","https:\/\/www.instagram.com\/hotelvillarodriguez\/"]}]}},"_links":{"self":[{"href":"https:\/\/www.villarodriguez.it\/de\/wp-json\/wp\/v2\/pages\/18006","targetHints":{"allow":["GET"]}}],"collection":[{"href":"https:\/\/www.villarodriguez.it\/de\/wp-json\/wp\/v2\/pages"}],"about":[{"href":"https:\/\/www.villarodriguez.it\/de\/wp-json\/wp\/v2\/types\/page"}],"author":[{"embeddable":true,"href":"https:\/\/www.villarodriguez.it\/de\/wp-json\/wp\/v2\/users\/1"}],"replies":[{"embeddable":true,"href":"https:\/\/www.villarodriguez.it\/de\/wp-json\/wp\/v2\/comments?post=18006"}],"version-history":[{"count":5,"href":"https:\/\/www.villarodriguez.it\/de\/wp-json\/wp\/v2\/pages\/18006\/revisions"}],"predecessor-version":[{"id":18713,"href":"https:\/\/www.villarodriguez.it\/de\/wp-json\/wp\/v2\/pages\/18006\/revisions\/18713"}],"wp:attachment":[{"href":"https:\/\/www.villarodriguez.it\/de\/wp-json\/wp\/v2\/media?parent=18006"}],"curies":[{"name":"wp","href":"https:\/\/api.w.org\/{rel}","templated":true}]}}